{"id":80951,"date":"2025-08-01T18:17:01","date_gmt":"2025-08-01T16:17:01","guid":{"rendered":"https:\/\/www.borgodepazzi.com\/?post_type=product&#038;p=80951"},"modified":"2025-08-01T18:40:31","modified_gmt":"2025-08-01T16:40:31","slug":"inda-lux-copia-copia","status":"publish","type":"product","link":"https:\/\/www.borgodepazzi.com\/fr\/prodotto\/inda-lux-copia-copia","title":{"rendered":"Inda lux (Copia) (Copia)"},"content":{"rendered":"<p>Lanyard en polypropyl\u00e8ne et lurex m\u00e9lang\u00e9s, id\u00e9al pour les sacs en crochet tr\u00e8s \u00e9l\u00e9gants.<\/p>\n<p><iframe loading=\"lazy\" title=\"Borsa facile \u201cLinda Lux\u201d uncinetto\" width=\"500\" height=\"281\" src=\"https:\/\/www.youtube.com\/embed\/bHxicc9S6Ds?start=133&#038;feature=oembed\" frameborder=\"0\" allow=\"accelerometer; autoplay; clipboard-write; encrypted-media; gyroscope; picture-in-picture; web-share\" referrerpolicy=\"strict-origin-when-cross-origin\" allowfullscreen><\/iframe><\/p>\n<p><iframe loading=\"lazy\" title=\"Tutorial borsa uncinetto &quot;Luxinda&quot; | tote bag punto suzette | Uncinetto d&#039;Argento\" width=\"500\" height=\"281\" src=\"https:\/\/www.youtube.com\/embed\/BlGdLR9iYP0?start=618&#038;feature=oembed\" frameborder=\"0\" allow=\"accelerometer; autoplay; clipboard-write; encrypted-media; gyroscope; picture-in-picture; web-share\" referrerpolicy=\"strict-origin-when-cross-origin\" allowfullscreen><\/iframe><\/p>\n","protected":false},"excerpt":{"rendered":"<p>Le prix se r\u00e9f\u00e8re \u00e0 un paquet de 250 grammes<\/p>\n[caption id=\"attachment_48724\" align=\"alignnone\" width=\"300\"]<img loading=\"lazy\" decoding=\"async\" class=\"size-medium wp-image-48724\" src=\"https:\/\/www.borgodepazzi.com\/wp-content\/uploads\/2022\/10\/inda-lux-300x188.jpg\" alt=\"caract\u00e9ristiques de la longe en lurex\" width=\"300\" height=\"188\" srcset=\"https:\/\/www.borgodepazzi.com\/wp-content\/uploads\/2022\/10\/inda-lux-300x188.jpg 300w, https:\/\/www.borgodepazzi.com\/wp-content\/uploads\/2022\/10\/inda-lux-600x377.jpg 600w, https:\/\/www.borgodepazzi.com\/wp-content\/uploads\/2022\/10\/inda-lux.jpg 710w\" sizes=\"auto, (max-width: 300px) 100vw, 300px\" \/> caract\u00e9ristiques de la longe en lurex[\/caption]\n<p>&nbsp;<\/p>\n<div class=\"more-link-wrapper\"><a class=\"more-link\" href=\"https:\/\/www.borgodepazzi.com\/fr\/prodotto\/inda-lux-copia-copia\">Continuer la lecture<span class=\"screen-reader-text\">Inda lux (Copia) (Copia)<\/span><\/a><\/div>\n","protected":false},"featured_media":80387,"comment_status":"closed","ping_status":"closed","template":"","meta":{"_monsterinsights_skip_tracking":false,"_monsterinsights_sitenote_active":false,"_monsterinsights_sitenote_note":"","_monsterinsights_sitenote_category":0,"_uf_show_specific_survey":0,"_uf_disable_surveys":false},"product_brand":[],"product_cat":[],"product_tag":[],"class_list":{"0":"post-80951","1":"product","2":"type-product","3":"status-publish","4":"has-post-thumbnail","6":"excerpt","13":"first","14":"instock","15":"taxable","16":"shipping-taxable","17":"purchasable","18":"product-type-variable"},"yoast_head":"<!-- This site is optimized with the Yoast SEO plugin v27.4 - https:\/\/yoast.com\/product\/yoast-seo-wordpress\/ -->\n<title>Inda lux (Copia) (Copia) - Borgo de&#039; Pazzi - Firenze<\/title>\n<meta name=\"description\" content=\"Cordon en polypropyl\u00e8ne pour sacs en crochet, fabriqu\u00e9 en Italie, pour des accessoires pr\u00e9cieux et \u00e9l\u00e9gants pour des occasions sp\u00e9ciales\" \/>\n<meta name=\"robots\" content=\"index, follow, max-snippet:-1, max-image-preview:large, max-video-preview:-1\" \/>\n<link rel=\"canonical\" href=\"https:\/\/www.borgodepazzi.com\/fr\/prodotto\/inda-lux-copia-copia\" \/>\n<meta property=\"og:locale\" content=\"fr_FR\" \/>\n<meta property=\"og:type\" content=\"article\" \/>\n<meta property=\"og:title\" content=\"Inda lux (Copia) (Copia) - Borgo de&#039; Pazzi - Firenze\" \/>\n<meta property=\"og:url\" content=\"https:\/\/www.borgodepazzi.com\/fr\/prodotto\/inda-lux-copia-copia\" \/>\n<meta property=\"og:site_name\" content=\"Borgo de&#039; Pazzi - Firenze\" \/>\n<meta property=\"article:publisher\" content=\"https:\/\/www.facebook.com\/BorgoDePazziFIrenze\/\" \/>\n<meta property=\"article:modified_time\" content=\"2025-08-01T16:40:31+00:00\" \/>\n<meta property=\"og:image\" content=\"https:\/\/www.borgodepazzi.com\/wp-content\/uploads\/2025\/08\/WhatsApp-Image-2025-08-01-at-17.18.43.jpeg\" \/>\n\t<meta property=\"og:image:width\" content=\"2048\" \/>\n\t<meta property=\"og:image:height\" content=\"1152\" \/>\n\t<meta property=\"og:image:type\" content=\"image\/jpeg\" \/>\n<meta name=\"twitter:card\" content=\"summary_large_image\" \/>\n<meta name=\"twitter:site\" content=\"@BorgodePazzi\" \/>\n<script type=\"application\/ld+json\" class=\"yoast-schema-graph\">{\"@context\":\"https:\\\/\\\/schema.org\",\"@graph\":[{\"@type\":\"WebPage\",\"@id\":\"https:\\\/\\\/www.borgodepazzi.com\\\/fr\\\/prodotto\\\/inda-lux-copia-copia\",\"url\":\"https:\\\/\\\/www.borgodepazzi.com\\\/fr\\\/prodotto\\\/inda-lux-copia-copia\",\"name\":\"Inda lux (Copia) (Copia) - Borgo de&#039; Pazzi - Firenze\",\"isPartOf\":{\"@id\":\"https:\\\/\\\/www.borgodepazzi.com\\\/es\\\/#website\"},\"primaryImageOfPage\":{\"@id\":\"https:\\\/\\\/www.borgodepazzi.com\\\/fr\\\/prodotto\\\/inda-lux-copia-copia#primaryimage\"},\"image\":{\"@id\":\"https:\\\/\\\/www.borgodepazzi.com\\\/fr\\\/prodotto\\\/inda-lux-copia-copia#primaryimage\"},\"thumbnailUrl\":\"https:\\\/\\\/www.borgodepazzi.com\\\/wp-content\\\/uploads\\\/2025\\\/08\\\/WhatsApp-Image-2025-08-01-at-17.18.43.jpeg\",\"datePublished\":\"2025-08-01T16:17:01+00:00\",\"dateModified\":\"2025-08-01T16:40:31+00:00\",\"description\":\"Cordon en polypropyl\u00e8ne pour sacs en crochet, fabriqu\u00e9 en Italie, pour des accessoires pr\u00e9cieux et \u00e9l\u00e9gants pour des occasions sp\u00e9ciales\",\"breadcrumb\":{\"@id\":\"https:\\\/\\\/www.borgodepazzi.com\\\/fr\\\/prodotto\\\/inda-lux-copia-copia#breadcrumb\"},\"inLanguage\":\"fr-FR\",\"potentialAction\":[{\"@type\":\"ReadAction\",\"target\":[\"https:\\\/\\\/www.borgodepazzi.com\\\/fr\\\/prodotto\\\/inda-lux-copia-copia\"]}]},{\"@type\":\"ImageObject\",\"inLanguage\":\"fr-FR\",\"@id\":\"https:\\\/\\\/www.borgodepazzi.com\\\/fr\\\/prodotto\\\/inda-lux-copia-copia#primaryimage\",\"url\":\"https:\\\/\\\/www.borgodepazzi.com\\\/wp-content\\\/uploads\\\/2025\\\/08\\\/WhatsApp-Image-2025-08-01-at-17.18.43.jpeg\",\"contentUrl\":\"https:\\\/\\\/www.borgodepazzi.com\\\/wp-content\\\/uploads\\\/2025\\\/08\\\/WhatsApp-Image-2025-08-01-at-17.18.43.jpeg\",\"width\":2048,\"height\":1152},{\"@type\":\"BreadcrumbList\",\"@id\":\"https:\\\/\\\/www.borgodepazzi.com\\\/fr\\\/prodotto\\\/inda-lux-copia-copia#breadcrumb\",\"itemListElement\":[{\"@type\":\"ListItem\",\"position\":1,\"name\":\"Home\",\"item\":\"https:\\\/\\\/www.borgodepazzi.com\\\/es\"},{\"@type\":\"ListItem\",\"position\":2,\"name\":\"Productos\",\"item\":\"https:\\\/\\\/www.borgodepazzi.com\\\/es\\\/tienda\"},{\"@type\":\"ListItem\",\"position\":3,\"name\":\"Inda lux (Copia) (Copia)\"}]},{\"@type\":\"WebSite\",\"@id\":\"https:\\\/\\\/www.borgodepazzi.com\\\/es\\\/#website\",\"url\":\"https:\\\/\\\/www.borgodepazzi.com\\\/es\\\/\",\"name\":\"Borgo de&#039; Pazzi - Firenze\",\"description\":\"Production et vente en gros de fils faits \u00e0 la main\",\"publisher\":{\"@id\":\"https:\\\/\\\/www.borgodepazzi.com\\\/es\\\/#organization\"},\"potentialAction\":[{\"@type\":\"SearchAction\",\"target\":{\"@type\":\"EntryPoint\",\"urlTemplate\":\"https:\\\/\\\/www.borgodepazzi.com\\\/es\\\/?s={search_term_string}\"},\"query-input\":{\"@type\":\"PropertyValueSpecification\",\"valueRequired\":true,\"valueName\":\"search_term_string\"}}],\"inLanguage\":\"fr-FR\"},{\"@type\":\"Organization\",\"@id\":\"https:\\\/\\\/www.borgodepazzi.com\\\/es\\\/#organization\",\"name\":\"Effe Elle srl\",\"url\":\"https:\\\/\\\/www.borgodepazzi.com\\\/es\\\/\",\"logo\":{\"@type\":\"ImageObject\",\"inLanguage\":\"fr-FR\",\"@id\":\"https:\\\/\\\/www.borgodepazzi.com\\\/es\\\/#\\\/schema\\\/logo\\\/image\\\/\",\"url\":\"https:\\\/\\\/www.borgodepazzi.com\\\/wp-content\\\/uploads\\\/2015\\\/12\\\/borgo2.jpg\",\"contentUrl\":\"https:\\\/\\\/www.borgodepazzi.com\\\/wp-content\\\/uploads\\\/2015\\\/12\\\/borgo2.jpg\",\"width\":729,\"height\":400,\"caption\":\"Effe Elle srl\"},\"image\":{\"@id\":\"https:\\\/\\\/www.borgodepazzi.com\\\/es\\\/#\\\/schema\\\/logo\\\/image\\\/\"},\"sameAs\":[\"https:\\\/\\\/www.facebook.com\\\/BorgoDePazziFIrenze\\\/\",\"https:\\\/\\\/x.com\\\/BorgodePazzi\",\"http:\\\/\\\/ilsigna\"]}]}<\/script>\n<!-- \/ Yoast SEO plugin. -->","yoast_head_json":{"title":"Inda lux (Copia) (Copia) - Borgo de&#039; Pazzi - Firenze","description":"Cordon en polypropyl\u00e8ne pour sacs en crochet, fabriqu\u00e9 en Italie, pour des accessoires pr\u00e9cieux et \u00e9l\u00e9gants pour des occasions sp\u00e9ciales","robots":{"index":"index","follow":"follow","max-snippet":"max-snippet:-1","max-image-preview":"max-image-preview:large","max-video-preview":"max-video-preview:-1"},"canonical":"https:\/\/www.borgodepazzi.com\/fr\/prodotto\/inda-lux-copia-copia","og_locale":"fr_FR","og_type":"article","og_title":"Inda lux (Copia) (Copia) - Borgo de&#039; Pazzi - Firenze","og_url":"https:\/\/www.borgodepazzi.com\/fr\/prodotto\/inda-lux-copia-copia","og_site_name":"Borgo de&#039; Pazzi - Firenze","article_publisher":"https:\/\/www.facebook.com\/BorgoDePazziFIrenze\/","article_modified_time":"2025-08-01T16:40:31+00:00","og_image":[{"width":2048,"height":1152,"url":"https:\/\/www.borgodepazzi.com\/wp-content\/uploads\/2025\/08\/WhatsApp-Image-2025-08-01-at-17.18.43.jpeg","type":"image\/jpeg"}],"twitter_card":"summary_large_image","twitter_site":"@BorgodePazzi","schema":{"@context":"https:\/\/schema.org","@graph":[{"@type":"WebPage","@id":"https:\/\/www.borgodepazzi.com\/fr\/prodotto\/inda-lux-copia-copia","url":"https:\/\/www.borgodepazzi.com\/fr\/prodotto\/inda-lux-copia-copia","name":"Inda lux (Copia) (Copia) - Borgo de&#039; Pazzi - Firenze","isPartOf":{"@id":"https:\/\/www.borgodepazzi.com\/es\/#website"},"primaryImageOfPage":{"@id":"https:\/\/www.borgodepazzi.com\/fr\/prodotto\/inda-lux-copia-copia#primaryimage"},"image":{"@id":"https:\/\/www.borgodepazzi.com\/fr\/prodotto\/inda-lux-copia-copia#primaryimage"},"thumbnailUrl":"https:\/\/www.borgodepazzi.com\/wp-content\/uploads\/2025\/08\/WhatsApp-Image-2025-08-01-at-17.18.43.jpeg","datePublished":"2025-08-01T16:17:01+00:00","dateModified":"2025-08-01T16:40:31+00:00","description":"Cordon en polypropyl\u00e8ne pour sacs en crochet, fabriqu\u00e9 en Italie, pour des accessoires pr\u00e9cieux et \u00e9l\u00e9gants pour des occasions sp\u00e9ciales","breadcrumb":{"@id":"https:\/\/www.borgodepazzi.com\/fr\/prodotto\/inda-lux-copia-copia#breadcrumb"},"inLanguage":"fr-FR","potentialAction":[{"@type":"ReadAction","target":["https:\/\/www.borgodepazzi.com\/fr\/prodotto\/inda-lux-copia-copia"]}]},{"@type":"ImageObject","inLanguage":"fr-FR","@id":"https:\/\/www.borgodepazzi.com\/fr\/prodotto\/inda-lux-copia-copia#primaryimage","url":"https:\/\/www.borgodepazzi.com\/wp-content\/uploads\/2025\/08\/WhatsApp-Image-2025-08-01-at-17.18.43.jpeg","contentUrl":"https:\/\/www.borgodepazzi.com\/wp-content\/uploads\/2025\/08\/WhatsApp-Image-2025-08-01-at-17.18.43.jpeg","width":2048,"height":1152},{"@type":"BreadcrumbList","@id":"https:\/\/www.borgodepazzi.com\/fr\/prodotto\/inda-lux-copia-copia#breadcrumb","itemListElement":[{"@type":"ListItem","position":1,"name":"Home","item":"https:\/\/www.borgodepazzi.com\/es"},{"@type":"ListItem","position":2,"name":"Productos","item":"https:\/\/www.borgodepazzi.com\/es\/tienda"},{"@type":"ListItem","position":3,"name":"Inda lux (Copia) (Copia)"}]},{"@type":"WebSite","@id":"https:\/\/www.borgodepazzi.com\/es\/#website","url":"https:\/\/www.borgodepazzi.com\/es\/","name":"Borgo de&#039; Pazzi - Firenze","description":"Production et vente en gros de fils faits \u00e0 la main","publisher":{"@id":"https:\/\/www.borgodepazzi.com\/es\/#organization"},"potentialAction":[{"@type":"SearchAction","target":{"@type":"EntryPoint","urlTemplate":"https:\/\/www.borgodepazzi.com\/es\/?s={search_term_string}"},"query-input":{"@type":"PropertyValueSpecification","valueRequired":true,"valueName":"search_term_string"}}],"inLanguage":"fr-FR"},{"@type":"Organization","@id":"https:\/\/www.borgodepazzi.com\/es\/#organization","name":"Effe Elle srl","url":"https:\/\/www.borgodepazzi.com\/es\/","logo":{"@type":"ImageObject","inLanguage":"fr-FR","@id":"https:\/\/www.borgodepazzi.com\/es\/#\/schema\/logo\/image\/","url":"https:\/\/www.borgodepazzi.com\/wp-content\/uploads\/2015\/12\/borgo2.jpg","contentUrl":"https:\/\/www.borgodepazzi.com\/wp-content\/uploads\/2015\/12\/borgo2.jpg","width":729,"height":400,"caption":"Effe Elle srl"},"image":{"@id":"https:\/\/www.borgodepazzi.com\/es\/#\/schema\/logo\/image\/"},"sameAs":["https:\/\/www.facebook.com\/BorgoDePazziFIrenze\/","https:\/\/x.com\/BorgodePazzi","http:\/\/ilsigna"]}]}},"_links":{"self":[{"href":"https:\/\/www.borgodepazzi.com\/fr\/wp-json\/wp\/v2\/product\/80951","targetHints":{"allow":["GET"]}}],"collection":[{"href":"https:\/\/www.borgodepazzi.com\/fr\/wp-json\/wp\/v2\/product"}],"about":[{"href":"https:\/\/www.borgodepazzi.com\/fr\/wp-json\/wp\/v2\/types\/product"}],"replies":[{"embeddable":true,"href":"https:\/\/www.borgodepazzi.com\/fr\/wp-json\/wp\/v2\/comments?post=80951"}],"wp:featuredmedia":[{"embeddable":true,"href":"https:\/\/www.borgodepazzi.com\/fr\/wp-json\/wp\/v2\/media\/80387"}],"wp:attachment":[{"href":"https:\/\/www.borgodepazzi.com\/fr\/wp-json\/wp\/v2\/media?parent=80951"}],"wp:term":[{"taxonomy":"product_brand","embeddable":true,"href":"https:\/\/www.borgodepazzi.com\/fr\/wp-json\/wp\/v2\/product_brand?post=80951"},{"taxonomy":"product_cat","embeddable":true,"href":"https:\/\/www.borgodepazzi.com\/fr\/wp-json\/wp\/v2\/product_cat?post=80951"},{"taxonomy":"product_tag","embeddable":true,"href":"https:\/\/www.borgodepazzi.com\/fr\/wp-json\/wp\/v2\/product_tag?post=80951"}],"curies":[{"name":"wp","href":"https:\/\/api.w.org\/{rel}","templated":true}]}}