{"id":57727,"date":"2022-02-18T21:28:13","date_gmt":"2022-02-18T20:28:13","guid":{"rendered":"https:\/\/www.borgodepazzi.com\/prodotto\/gizeh"},"modified":"2023-07-14T02:09:07","modified_gmt":"2023-07-14T01:09:07","slug":"giza-coton","status":"publish","type":"product","link":"https:\/\/www.borgodepazzi.com\/fr\/prodotto\/giza-coton","title":{"rendered":"Giza"},"content":{"rendered":"<ul>\n<li>Le prix se r\u00e9f\u00e8re \u00e0 un paquet contenant 10 balles de 50 grammes.<\/li>\n<li>Le Giza est un coton chaud et peut \u00eatre utilis\u00e9 pour des v\u00eatements qui peuvent \u00eatre port\u00e9s toute l&#8217;ann\u00e9e.<\/li>\n<li>Des aiguilles ou des crochets de 3\/4 mm sont recommand\u00e9s pour travailler ce fil.<\/li>\n<li>Chaque balle de 50 grammes contient 125 m\u00e8tres<\/li>\n<li>Recommand\u00e9 pour ceux qui aiment les fils tr\u00e8s doux et pour ceux qui souffrent d&#8217;allergies ou d&#8217;hypersensibilit\u00e9 \u00e0 la laine.<\/li>\n<li>Id\u00e9al pour les travaux d&#8217;enfants<\/li>\n<\/ul>\n<p><img loading=\"lazy\" decoding=\"async\" class=\"alignnone size-full wp-image-14605\" src=\"https:\/\/www.borgodepazzi.com\/wp-content\/uploads\/2020\/02\/giza-7.jpg\" alt=\"Gizeh\" width=\"378\" height=\"284\" srcset=\"https:\/\/www.borgodepazzi.com\/wp-content\/uploads\/2020\/02\/giza-7.jpg 378w, https:\/\/www.borgodepazzi.com\/wp-content\/uploads\/2020\/02\/giza-7-300x225.jpg 300w\" sizes=\"auto, (max-width: 378px) 100vw, 378px\" \/><\/p>\n<p>Il est tr\u00e8s appr\u00e9ci\u00e9 des tricoteuses et des crocheteuses.<\/p>\n<p><iframe loading=\"lazy\" title=\"GIZA un cotone per tutte le stagioni\" width=\"500\" height=\"281\" src=\"https:\/\/www.youtube.com\/embed\/OKrSS16RqQo?feature=oembed\" frameborder=\"0\" allow=\"accelerometer; autoplay; clipboard-write; encrypted-media; gyroscope; picture-in-picture; web-share\" referrerpolicy=\"strict-origin-when-cross-origin\" allowfullscreen><\/iframe><\/p>\n<p><iframe loading=\"lazy\" title=\"TUTORIAL T-SHIRT ALL&#039;UNCINETTO - KARIM || EASY CROCHET CROP TOP @momiscrochet #crochet #tutorial\" width=\"500\" height=\"281\" src=\"https:\/\/www.youtube.com\/embed\/qYkWGoisdk8?start=184&#038;feature=oembed\" frameborder=\"0\" allow=\"accelerometer; autoplay; clipboard-write; encrypted-media; gyroscope; picture-in-picture; web-share\" referrerpolicy=\"strict-origin-when-cross-origin\" allowfullscreen><\/iframe><\/p>\n<p>&nbsp;<\/p>\n<p><iframe loading=\"lazy\" title=\"Chiusura cordoncino a cura di Annalisa Dione\" width=\"500\" height=\"281\" src=\"https:\/\/www.youtube.com\/embed\/L_kR4um6bQc?feature=oembed\" frameborder=\"0\" allow=\"accelerometer; autoplay; clipboard-write; encrypted-media; gyroscope; picture-in-picture; web-share\" referrerpolicy=\"strict-origin-when-cross-origin\" allowfullscreen><\/iframe><\/p>\n<p>&nbsp;<\/p>\n<p><iframe loading=\"lazy\" title=\"Lifeline by Hailey Hodge\" width=\"500\" height=\"281\" src=\"https:\/\/www.youtube.com\/embed\/UuTylXOcfJ0?feature=oembed\" frameborder=\"0\" allow=\"accelerometer; autoplay; clipboard-write; encrypted-media; gyroscope; picture-in-picture; web-share\" referrerpolicy=\"strict-origin-when-cross-origin\" allowfullscreen><\/iframe><\/p>\n<aside\n\tclass=\"download-box\">\n\n\t<img loading=\"lazy\" decoding=\"async\" width=\"600\" height=\"306\" src=\"https:\/\/www.borgodepazzi.com\/wp-content\/uploads\/2017\/04\/Geis03.jpg\" class=\"attachment-full size-full wp-post-image\" alt=\"\" \/>\n\t<div\n\t\tclass=\"download-count\">7416 t\u00e9l\u00e9chargements<\/div>\n\n\t<div\n\t\tclass=\"download-box-content\">\n\n\t\t<h1>Maglia con filato Giza<\/h1>\n\n\t\t\t\t\t\t<a  data-e-Disable-Page-Transition=\"true\" class=\"download-link download-button\" title=\"\" href=\"https:\/\/www.borgodepazzi.com\/fr\/download\/9949\/?tmstv=1776414459\" rel=\"nofollow\" id=\"download-link-9949\" data-redirect=\"false\" >\n\t\t\tT\u00e9l\u00e9charger le fichier\t\t\t<small>GeisENG.pdf\t\t\t\t&ndash; 1,21 Mo<\/small>\n\t\t<\/a>\n\t\t\t<\/div>\n<\/aside>\n\n\n\n<div class=\"flex-1 overflow-hidden\">\n<div class=\"react-scroll-to-bottom--css-sszlb-79elbk h-full dark:bg-gray-800\">\n<div class=\"react-scroll-to-bottom--css-sszlb-1n7m0yu\">\n<div class=\"flex flex-col items-center text-sm h-full dark:bg-gray-800\">\n<div class=\"w-full border-b border-black\/10 dark:border-gray-900\/50 text-gray-800 dark:text-gray-100 group bg-gray-50 dark:bg-[#444654]\">\n<div class=\"text-base gap-4 md:gap-6 m-auto md:max-w-2xl lg:max-w-2xl xl:max-w-3xl p-4 md:py-6 flex lg:px-0\">\n<div class=\"relative flex w-[calc(100%-50px)] flex-col gap-1 md:gap-3 lg:w-[calc(100%-115px)]\">\n<div class=\"flex flex-grow flex-col gap-3\">\n<div class=\"min-h-[20px] flex flex-col items-start gap-4 whitespace-pre-wrap\">\n<div class=\"markdown prose w-full break-words dark:prose-invert dark\">\n<h3><strong>Qu&#8217;est-ce qu&#8217;un coton chaud ?<\/strong><\/h3>\n<p>Le coton est une fibre tr\u00e8s douce et confortable au contact de la peau. Ses caract\u00e9ristiques en font un mat\u00e9riau largement utilis\u00e9 pour la production de v\u00eatements et de textiles d&#8217;int\u00e9rieur. Le coton chaud, en particulier, se caract\u00e9rise par une texture particuli\u00e8rement douce et agr\u00e9able, id\u00e9ale pour l&#8217;hiver ou les journ\u00e9es plus fra\u00eeches.<\/p>\n<p>Le coton chaud est tr\u00e8s r\u00e9sistant et durable, ce qui en fait un mat\u00e9riau id\u00e9al pour la production de v\u00eatements et de textiles d&#8217;int\u00e9rieur qui doivent durer longtemps. De plus, il est facile \u00e0 laver et \u00e0 s\u00e9cher et conserve sa forme m\u00eame apr\u00e8s de nombreux lavages.<\/p>\n<p>Le coton chaud est \u00e9galement une mati\u00e8re respirante, ce qui signifie qu&#8217;il laisse passer l&#8217;air et garde la peau s\u00e8che, emp\u00eachant l&#8217;humidit\u00e9 et la transpiration de s&#8217;accumuler. Cela en fait un mat\u00e9riau particuli\u00e8rement adapt\u00e9 \u00e0 la production de v\u00eatements d&#8217;hiver, qui doivent maintenir le corps au chaud sans emp\u00eacher la transpiration.<\/p>\n<p>Le coton chaud est \u00e9galement tr\u00e8s confortable et doux pour la peau, ce qui le rend id\u00e9al pour la production de v\u00eatements de d\u00e9tente ou de nuit, tels que les pyjamas ou les peignoirs. En outre, sa texture douce convient \u00e9galement \u00e0 la production de textiles d&#8217;int\u00e9rieur tels que les couvertures, les jet\u00e9s et les oreillers.<\/p>\n<p>En r\u00e9sum\u00e9, le coton chaud est un mat\u00e9riau durable, respirant, confortable et doux pour la peau, id\u00e9al pour la production de v\u00eatements et de textiles d&#8217;int\u00e9rieur pour les jours plus frais ou l&#8217;hiver. Sa texture douillette et chaude en fait un mat\u00e9riau particuli\u00e8rement appr\u00e9ci\u00e9 par ceux qui recherchent le confort et le bien-\u00eatre pendant les journ\u00e9es froides.<\/p>\n<\/div>\n<\/div>\n<\/div>\n<div class=\"flex justify-between\">\n<div class=\"text-gray-400 flex self-end lg:self-center justify-center mt-2 gap-3 md:gap-4 lg:gap-1 lg:absolute lg:top-0 lg:translate-x-full lg:right-0 lg:mt-0 lg:pl-2 visible\"><\/div>\n<\/div>\n<\/div>\n<\/div>\n<\/div>\n<div class=\"w-full h-32 md:h-48 flex-shrink-0\"><\/div>\n<\/div>\n<p>&nbsp;<\/p>\n<\/div>\n<\/div>\n<\/div>\n<div class=\"absolute bottom-0 left-0 w-full border-t md:border-t-0 dark:border-white\/20 md:border-transparent md:dark:border-transparent md:bg-vert-light-gradient bg-white dark:bg-gray-800 md:!bg-transparent dark:md:bg-vert-dark-gradient\">\n<form class=\"stretch mx-2 flex flex-row gap-3 pt-2 last:mb-2 md:last:mb-6 lg:mx-auto lg:max-w-3xl lg:pt-6\">\n<div class=\"relative flex h-full flex-1 md:flex-col\">\n<div class=\"flex ml-1 mt-1.5 md:w-full md:m-auto md:mb-2 gap-0 md:gap-2 justify-center\"><\/div>\n<\/div>\n<\/form>\n<\/div>\n<p>&nbsp;<\/p>\n","protected":false},"excerpt":{"rendered":"<p><strong>Le prix se r\u00e9f\u00e8re \u00e0 un paquet de 10 boules de 50 grammes.<\/strong><\/p>\n<div class=\"more-link-wrapper\"><a class=\"more-link\" href=\"https:\/\/www.borgodepazzi.com\/fr\/prodotto\/giza-coton\">Continuer la lecture<span class=\"screen-reader-text\">Giza<\/span><\/a><\/div>\n","protected":false},"featured_media":43353,"comment_status":"closed","ping_status":"closed","template":"","meta":{"_monsterinsights_skip_tracking":false,"_monsterinsights_sitenote_active":false,"_monsterinsights_sitenote_note":"","_monsterinsights_sitenote_category":0,"_uf_show_specific_survey":0,"_uf_disable_surveys":false},"product_brand":[],"product_cat":[528],"product_tag":[610],"class_list":{"0":"post-57727","1":"product","2":"type-product","3":"status-publish","4":"has-post-thumbnail","6":"product_cat-summer-yarns-collection","7":"product_tag-giza-fr","8":"excerpt","17":"first","18":"instock","19":"taxable","20":"shipping-taxable","21":"purchasable","22":"product-type-variable"},"yoast_head":"<!-- This site is optimized with the Yoast SEO plugin v27.4 - https:\/\/yoast.com\/product\/yoast-seo-wordpress\/ -->\n<title>Giza - Borgo de&#039; Pazzi - Firenze<\/title>\n<meta name=\"description\" content=\"Giza est un coton chaud pour toutes les saisons, disponible dans des couleurs chaudes et produit en Italie. Id\u00e9al pour les travailleurs \u00e0 l&#039;aiguille et les crocheteurs\" \/>\n<meta name=\"robots\" content=\"index, follow, max-snippet:-1, max-image-preview:large, max-video-preview:-1\" \/>\n<link rel=\"canonical\" href=\"https:\/\/www.borgodepazzi.com\/fr\/prodotto\/giza-coton\" \/>\n<meta property=\"og:locale\" content=\"fr_FR\" \/>\n<meta property=\"og:type\" content=\"article\" \/>\n<meta property=\"og:title\" content=\"Giza - Borgo de&#039; Pazzi - Firenze\" \/>\n<meta property=\"og:url\" content=\"https:\/\/www.borgodepazzi.com\/fr\/prodotto\/giza-coton\" \/>\n<meta property=\"og:site_name\" content=\"Borgo de&#039; Pazzi - Firenze\" \/>\n<meta property=\"article:publisher\" content=\"https:\/\/www.facebook.com\/BorgoDePazziFIrenze\/\" \/>\n<meta property=\"article:modified_time\" content=\"2023-07-14T01:09:07+00:00\" \/>\n<meta property=\"og:image\" content=\"https:\/\/www.borgodepazzi.com\/wp-content\/uploads\/2022\/02\/GIZAbW.jpg\" \/>\n\t<meta property=\"og:image:width\" content=\"1000\" \/>\n\t<meta property=\"og:image:height\" content=\"1000\" \/>\n\t<meta property=\"og:image:type\" content=\"image\/jpeg\" \/>\n<meta name=\"twitter:card\" content=\"summary_large_image\" \/>\n<meta name=\"twitter:site\" content=\"@BorgodePazzi\" \/>\n<meta name=\"twitter:label1\" content=\"Dur\u00e9e de lecture estim\u00e9e\" \/>\n\t<meta name=\"twitter:data1\" content=\"2 minutes\" \/>\n<script type=\"application\/ld+json\" class=\"yoast-schema-graph\">{\"@context\":\"https:\\\/\\\/schema.org\",\"@graph\":[{\"@type\":\"WebPage\",\"@id\":\"https:\\\/\\\/www.borgodepazzi.com\\\/fr\\\/prodotto\\\/giza-coton\",\"url\":\"https:\\\/\\\/www.borgodepazzi.com\\\/fr\\\/prodotto\\\/giza-coton\",\"name\":\"Giza - Borgo de&#039; Pazzi - Firenze\",\"isPartOf\":{\"@id\":\"https:\\\/\\\/www.borgodepazzi.com\\\/es\\\/#website\"},\"primaryImageOfPage\":{\"@id\":\"https:\\\/\\\/www.borgodepazzi.com\\\/fr\\\/prodotto\\\/giza-coton#primaryimage\"},\"image\":{\"@id\":\"https:\\\/\\\/www.borgodepazzi.com\\\/fr\\\/prodotto\\\/giza-coton#primaryimage\"},\"thumbnailUrl\":\"https:\\\/\\\/www.borgodepazzi.com\\\/wp-content\\\/uploads\\\/2022\\\/02\\\/GIZAbW.jpg\",\"datePublished\":\"2022-02-18T20:28:13+00:00\",\"dateModified\":\"2023-07-14T01:09:07+00:00\",\"description\":\"Giza est un coton chaud pour toutes les saisons, disponible dans des couleurs chaudes et produit en Italie. Id\u00e9al pour les travailleurs \u00e0 l'aiguille et les crocheteurs\",\"breadcrumb\":{\"@id\":\"https:\\\/\\\/www.borgodepazzi.com\\\/fr\\\/prodotto\\\/giza-coton#breadcrumb\"},\"inLanguage\":\"fr-FR\",\"potentialAction\":[{\"@type\":\"ReadAction\",\"target\":[\"https:\\\/\\\/www.borgodepazzi.com\\\/fr\\\/prodotto\\\/giza-coton\"]}]},{\"@type\":\"ImageObject\",\"inLanguage\":\"fr-FR\",\"@id\":\"https:\\\/\\\/www.borgodepazzi.com\\\/fr\\\/prodotto\\\/giza-coton#primaryimage\",\"url\":\"https:\\\/\\\/www.borgodepazzi.com\\\/wp-content\\\/uploads\\\/2022\\\/02\\\/GIZAbW.jpg\",\"contentUrl\":\"https:\\\/\\\/www.borgodepazzi.com\\\/wp-content\\\/uploads\\\/2022\\\/02\\\/GIZAbW.jpg\",\"width\":1000,\"height\":1000},{\"@type\":\"BreadcrumbList\",\"@id\":\"https:\\\/\\\/www.borgodepazzi.com\\\/fr\\\/prodotto\\\/giza-coton#breadcrumb\",\"itemListElement\":[{\"@type\":\"ListItem\",\"position\":1,\"name\":\"Home\",\"item\":\"https:\\\/\\\/www.borgodepazzi.com\\\/es\"},{\"@type\":\"ListItem\",\"position\":2,\"name\":\"Productos\",\"item\":\"https:\\\/\\\/www.borgodepazzi.com\\\/es\\\/tienda\"},{\"@type\":\"ListItem\",\"position\":3,\"name\":\"Giza\"}]},{\"@type\":\"WebSite\",\"@id\":\"https:\\\/\\\/www.borgodepazzi.com\\\/es\\\/#website\",\"url\":\"https:\\\/\\\/www.borgodepazzi.com\\\/es\\\/\",\"name\":\"Borgo de&#039; Pazzi - Firenze\",\"description\":\"Production et vente en gros de fils faits \u00e0 la main\",\"publisher\":{\"@id\":\"https:\\\/\\\/www.borgodepazzi.com\\\/es\\\/#organization\"},\"potentialAction\":[{\"@type\":\"SearchAction\",\"target\":{\"@type\":\"EntryPoint\",\"urlTemplate\":\"https:\\\/\\\/www.borgodepazzi.com\\\/es\\\/?s={search_term_string}\"},\"query-input\":{\"@type\":\"PropertyValueSpecification\",\"valueRequired\":true,\"valueName\":\"search_term_string\"}}],\"inLanguage\":\"fr-FR\"},{\"@type\":\"Organization\",\"@id\":\"https:\\\/\\\/www.borgodepazzi.com\\\/es\\\/#organization\",\"name\":\"Effe Elle srl\",\"url\":\"https:\\\/\\\/www.borgodepazzi.com\\\/es\\\/\",\"logo\":{\"@type\":\"ImageObject\",\"inLanguage\":\"fr-FR\",\"@id\":\"https:\\\/\\\/www.borgodepazzi.com\\\/es\\\/#\\\/schema\\\/logo\\\/image\\\/\",\"url\":\"https:\\\/\\\/www.borgodepazzi.com\\\/wp-content\\\/uploads\\\/2015\\\/12\\\/borgo2.jpg\",\"contentUrl\":\"https:\\\/\\\/www.borgodepazzi.com\\\/wp-content\\\/uploads\\\/2015\\\/12\\\/borgo2.jpg\",\"width\":729,\"height\":400,\"caption\":\"Effe Elle srl\"},\"image\":{\"@id\":\"https:\\\/\\\/www.borgodepazzi.com\\\/es\\\/#\\\/schema\\\/logo\\\/image\\\/\"},\"sameAs\":[\"https:\\\/\\\/www.facebook.com\\\/BorgoDePazziFIrenze\\\/\",\"https:\\\/\\\/x.com\\\/BorgodePazzi\",\"http:\\\/\\\/ilsigna\"]}]}<\/script>\n<!-- \/ Yoast SEO plugin. -->","yoast_head_json":{"title":"Giza - Borgo de&#039; Pazzi - Firenze","description":"Giza est un coton chaud pour toutes les saisons, disponible dans des couleurs chaudes et produit en Italie. Id\u00e9al pour les travailleurs \u00e0 l'aiguille et les crocheteurs","robots":{"index":"index","follow":"follow","max-snippet":"max-snippet:-1","max-image-preview":"max-image-preview:large","max-video-preview":"max-video-preview:-1"},"canonical":"https:\/\/www.borgodepazzi.com\/fr\/prodotto\/giza-coton","og_locale":"fr_FR","og_type":"article","og_title":"Giza - Borgo de&#039; Pazzi - Firenze","og_url":"https:\/\/www.borgodepazzi.com\/fr\/prodotto\/giza-coton","og_site_name":"Borgo de&#039; Pazzi - Firenze","article_publisher":"https:\/\/www.facebook.com\/BorgoDePazziFIrenze\/","article_modified_time":"2023-07-14T01:09:07+00:00","og_image":[{"width":1000,"height":1000,"url":"https:\/\/www.borgodepazzi.com\/wp-content\/uploads\/2022\/02\/GIZAbW.jpg","type":"image\/jpeg"}],"twitter_card":"summary_large_image","twitter_site":"@BorgodePazzi","twitter_misc":{"Dur\u00e9e de lecture estim\u00e9e":"2 minutes"},"schema":{"@context":"https:\/\/schema.org","@graph":[{"@type":"WebPage","@id":"https:\/\/www.borgodepazzi.com\/fr\/prodotto\/giza-coton","url":"https:\/\/www.borgodepazzi.com\/fr\/prodotto\/giza-coton","name":"Giza - Borgo de&#039; Pazzi - Firenze","isPartOf":{"@id":"https:\/\/www.borgodepazzi.com\/es\/#website"},"primaryImageOfPage":{"@id":"https:\/\/www.borgodepazzi.com\/fr\/prodotto\/giza-coton#primaryimage"},"image":{"@id":"https:\/\/www.borgodepazzi.com\/fr\/prodotto\/giza-coton#primaryimage"},"thumbnailUrl":"https:\/\/www.borgodepazzi.com\/wp-content\/uploads\/2022\/02\/GIZAbW.jpg","datePublished":"2022-02-18T20:28:13+00:00","dateModified":"2023-07-14T01:09:07+00:00","description":"Giza est un coton chaud pour toutes les saisons, disponible dans des couleurs chaudes et produit en Italie. Id\u00e9al pour les travailleurs \u00e0 l'aiguille et les crocheteurs","breadcrumb":{"@id":"https:\/\/www.borgodepazzi.com\/fr\/prodotto\/giza-coton#breadcrumb"},"inLanguage":"fr-FR","potentialAction":[{"@type":"ReadAction","target":["https:\/\/www.borgodepazzi.com\/fr\/prodotto\/giza-coton"]}]},{"@type":"ImageObject","inLanguage":"fr-FR","@id":"https:\/\/www.borgodepazzi.com\/fr\/prodotto\/giza-coton#primaryimage","url":"https:\/\/www.borgodepazzi.com\/wp-content\/uploads\/2022\/02\/GIZAbW.jpg","contentUrl":"https:\/\/www.borgodepazzi.com\/wp-content\/uploads\/2022\/02\/GIZAbW.jpg","width":1000,"height":1000},{"@type":"BreadcrumbList","@id":"https:\/\/www.borgodepazzi.com\/fr\/prodotto\/giza-coton#breadcrumb","itemListElement":[{"@type":"ListItem","position":1,"name":"Home","item":"https:\/\/www.borgodepazzi.com\/es"},{"@type":"ListItem","position":2,"name":"Productos","item":"https:\/\/www.borgodepazzi.com\/es\/tienda"},{"@type":"ListItem","position":3,"name":"Giza"}]},{"@type":"WebSite","@id":"https:\/\/www.borgodepazzi.com\/es\/#website","url":"https:\/\/www.borgodepazzi.com\/es\/","name":"Borgo de&#039; Pazzi - Firenze","description":"Production et vente en gros de fils faits \u00e0 la main","publisher":{"@id":"https:\/\/www.borgodepazzi.com\/es\/#organization"},"potentialAction":[{"@type":"SearchAction","target":{"@type":"EntryPoint","urlTemplate":"https:\/\/www.borgodepazzi.com\/es\/?s={search_term_string}"},"query-input":{"@type":"PropertyValueSpecification","valueRequired":true,"valueName":"search_term_string"}}],"inLanguage":"fr-FR"},{"@type":"Organization","@id":"https:\/\/www.borgodepazzi.com\/es\/#organization","name":"Effe Elle srl","url":"https:\/\/www.borgodepazzi.com\/es\/","logo":{"@type":"ImageObject","inLanguage":"fr-FR","@id":"https:\/\/www.borgodepazzi.com\/es\/#\/schema\/logo\/image\/","url":"https:\/\/www.borgodepazzi.com\/wp-content\/uploads\/2015\/12\/borgo2.jpg","contentUrl":"https:\/\/www.borgodepazzi.com\/wp-content\/uploads\/2015\/12\/borgo2.jpg","width":729,"height":400,"caption":"Effe Elle srl"},"image":{"@id":"https:\/\/www.borgodepazzi.com\/es\/#\/schema\/logo\/image\/"},"sameAs":["https:\/\/www.facebook.com\/BorgoDePazziFIrenze\/","https:\/\/x.com\/BorgodePazzi","http:\/\/ilsigna"]}]}},"_links":{"self":[{"href":"https:\/\/www.borgodepazzi.com\/fr\/wp-json\/wp\/v2\/product\/57727","targetHints":{"allow":["GET"]}}],"collection":[{"href":"https:\/\/www.borgodepazzi.com\/fr\/wp-json\/wp\/v2\/product"}],"about":[{"href":"https:\/\/www.borgodepazzi.com\/fr\/wp-json\/wp\/v2\/types\/product"}],"replies":[{"embeddable":true,"href":"https:\/\/www.borgodepazzi.com\/fr\/wp-json\/wp\/v2\/comments?post=57727"}],"wp:featuredmedia":[{"embeddable":true,"href":"https:\/\/www.borgodepazzi.com\/fr\/wp-json\/wp\/v2\/media\/43353"}],"wp:attachment":[{"href":"https:\/\/www.borgodepazzi.com\/fr\/wp-json\/wp\/v2\/media?parent=57727"}],"wp:term":[{"taxonomy":"product_brand","embeddable":true,"href":"https:\/\/www.borgodepazzi.com\/fr\/wp-json\/wp\/v2\/product_brand?post=57727"},{"taxonomy":"product_cat","embeddable":true,"href":"https:\/\/www.borgodepazzi.com\/fr\/wp-json\/wp\/v2\/product_cat?post=57727"},{"taxonomy":"product_tag","embeddable":true,"href":"https:\/\/www.borgodepazzi.com\/fr\/wp-json\/wp\/v2\/product_tag?post=57727"}],"curies":[{"name":"wp","href":"https:\/\/api.w.org\/{rel}","templated":true}]}}