{"id":55245,"date":"2019-09-02T00:00:00","date_gmt":"2019-09-01T23:00:00","guid":{"rendered":"https:\/\/www.borgodepazzi.com\/prodotto\/hannah"},"modified":"2025-04-28T15:12:41","modified_gmt":"2025-04-28T13:12:41","slug":"hannah","status":"publish","type":"product","link":"https:\/\/www.borgodepazzi.com\/fr\/prodotto\/hannah","title":{"rendered":"Hannah"},"content":{"rendered":"<p><strong>le prix se r\u00e9f\u00e8re \u00e0 un paquet compos\u00e9 de 5 pelotes de 50 grammes<\/strong><\/p>\n<p>&nbsp;<\/p>\n<p>https:\/\/www.youtube.com\/watch?v=szQN06i-Y_4&#038;t=8s<\/p>\n<p>&nbsp;<\/p>\n<p>Fil torsad\u00e9 \u00e0 6 plis tr\u00e8s brillant, dans de nombreux coloris unis et, depuis cette ann\u00e9e, dans de nombreuses variantes multicolores.<\/p>\n<p>Utilis\u00e9 \u00e0 des fins diverses, appr\u00e9ci\u00e9 par ceux qui aiment travailler sur des ch\u00e2les ou des v\u00eatements &#8220;frais&#8221;.<\/p>\n<p>Mais qu&#8217;est-ce qui diff\u00e9rencie la viscose normale du lyocell ?<\/p>\n<p>La diff\u00e9rence fondamentale n&#8217;est pas l&#8217;origine de la fibre mais la m\u00e9thode de traitement chimique \u00e0 laquelle la cellulose est soumise.<\/p>\n<p>Le disulfure de carbone est g\u00e9n\u00e9ralement utilis\u00e9 pour obtenir la boue chimique n\u00e9cessaire \u00e0 la production de viscose.<\/p>\n<p>Le processus de production est polluant et les r\u00e9sidus ne sont pas enti\u00e8rement recyclables.<\/p>\n<p>La viscose lyocell pr\u00e9sente non seulement des caract\u00e9ristiques telles que la respirabilit\u00e9, la r\u00e9sistance et l&#8217;absorption de l&#8217;humidit\u00e9, mais aussi un processus peu polluant gr\u00e2ce au MNMO (oxyde de m\u00e9thylmorpholine monohydrat\u00e9), qui garantit la recyclabilit\u00e9 compl\u00e8te des r\u00e9sidus qui, selon des \u00e9tudes approfondies, se d\u00e9composent en 8 jours.<\/p>\n<aside\n\tclass=\"download-box\">\n\n\t<img loading=\"lazy\" decoding=\"async\" width=\"2560\" height=\"1707\" src=\"https:\/\/www.borgodepazzi.com\/wp-content\/uploads\/2017\/05\/Pareo4w-scaled.jpg\" class=\"attachment-full size-full wp-post-image\" alt=\"\" \/>\n\t<div\n\t\tclass=\"download-count\">9037 t\u00e9l\u00e9chargements<\/div>\n\n\t<div\n\t\tclass=\"download-box-content\">\n\n\t\t<h1>Pareo uncinetto con filato Hannah<\/h1>\n\n\t\t\t\t\t\t<a  data-e-Disable-Page-Transition=\"true\" class=\"download-link download-button\" title=\"\" href=\"https:\/\/www.borgodepazzi.com\/fr\/download\/9683\/?tmstv=1777035433\" rel=\"nofollow\" id=\"download-link-9683\" data-redirect=\"false\" >\n\t\t\tT\u00e9l\u00e9charger le fichier\t\t\t<small>EstatealmareENG-web-1.pdf\t\t\t\t&ndash; 313,50 Ko<\/small>\n\t\t<\/a>\n\t\t\t<\/div>\n<\/aside>\n\n\n\n<p>Mod\u00e8les et projets r\u00e9alis\u00e9s avec du fil Hannah sur ravelry<\/p>\n<ul>\n<li><a href=\"https:\/\/www.ravelry.com\/patterns\/library\/unestate-al-mare\">Un \u00e9t\u00e9<\/a> au bord de la <a href=\"https:\/\/www.ravelry.com\/patterns\/library\/unestate-al-mare\">mer<\/a> par Veruska<\/li>\n<li><a href=\"https:\/\/www.ravelry.com\/projects\/mericci\/rockhopper\">Rockhopper<\/a> par Anna Maltz<\/li>\n<li><a href=\"https:\/\/www.ravelry.com\/projects\/anneinholland97\/despina-triangle-shawl\">Ch\u00e2le triangle Despina<\/a><\/li>\n<li><a href=\"https:\/\/www.ravelry.com\/projects\/anneinholland97\/grinda-shawl-mal\">Ch\u00e2le Grinda MAL<\/a> par Tatsiana Kupryianchyk<\/li>\n<li><a href=\"https:\/\/www.ravelry.com\/projects\/ans\/despina-shawl\">Ch\u00e2le Despina<\/a><\/li>\n<li><a href=\"https:\/\/www.ravelry.com\/projects\/SannekeKnits\/subtle-pink-log-cabin\">Cabane en bois rose subtil<\/a><\/li>\n<li><a href=\"https:\/\/www.ravelry.com\/projects\/timsie\/drijfhout\">drijfhout<\/a> de Isabell Kraemer<\/li>\n<li><a href=\"https:\/\/www.ravelry.com\/projects\/anneinholland97\/over-the-moon-shawl\">Ch\u00e2le Over the Moon<\/a> d&#8217;Esther Dijkstra<\/li>\n<li><a href=\"https:\/\/www.ravelry.com\/projects\/Lisette88\/april\">Avril<\/a> par Isabell Kraemer<\/li>\n<li><a href=\"https:\/\/www.ravelry.com\/projects\/marzyverga\/mistyaire-2\">Mistyaire<\/a> par &#8220;Amanita&#8221; Agata Mackiewicz<\/li>\n<li><a href=\"https:\/\/www.ravelry.com\/projects\/Silverbol\/spring-garden-tee--adult-sizes\">Tee-shirt Spring Garden &#8211; Tailles adultes<\/a> par Alana Dakos<\/li>\n<li><a href=\"https:\/\/www.ravelry.com\/projects\/ans\/bourgondisch-sjaaltje-2\">Bourgondisch <\/a>sjaaltje 2<\/li>\n<li><a href=\"https:\/\/www.ravelry.com\/projects\/Diny03\/drachenfels\">Drachenfels<\/a> par Melanie Berg<\/li>\n<li><a href=\"https:\/\/www.ravelry.com\/projects\/LaVisch\/top-for-rosalinde\">Top pour Rosalinde<\/a><\/li>\n<li><a href=\"https:\/\/www.ravelry.com\/projects\/erdmuthe\/berlin-mitte---the-sweater\">Berlin Mitte &#8211; Le pull de<\/a> Claudia Eisenkolb<\/li>\n<li><a href=\"https:\/\/www.ravelry.com\/projects\/Miched\/hotel-of-bees-shawl\">Ch\u00e2le de l&#8217;h\u00f4tel des abeilles<\/a><\/li>\n<li><a href=\"https:\/\/www.ravelry.com\/projects\/erkenraadje\/magical-malabrigo-scarf\">Foulard magique en malabrigo<\/a> par Christine Long Derks<\/li>\n<\/ul>\n<blockquote class=\"instagram-media\" style=\"background: #FFF; border: 0; border-radius: 3px; box-shadow: 0 0 1px 0 rgba(0,0,0,0.5),0 1px 10px 0 rgba(0,0,0,0.15); margin: 1px; max-width: 540px; min-width: 326px; padding: 0; width: calc(100% - 2px);\" data-instgrm-captioned=\"\" data-instgrm-permalink=\"https:\/\/www.instagram.com\/p\/B9MDQWVILrm\/?utm_source=ig_embed&amp;utm_campaign=loading\" data-instgrm-version=\"12\">\n<div style=\"padding: 16px;\">\n<p>&nbsp;<\/p>\n<div style=\"display: flex; flex-direction: row; align-items: center;\">\n<div style=\"background-color: #f4f4f4; border-radius: 50%; flex-grow: 0; height: 40px; margin-right: 14px; width: 40px;\"><\/div>\n<div style=\"display: flex; flex-direction: column; flex-grow: 1; justify-content: center;\">\n<div style=\"background-color: #f4f4f4; border-radius: 4px; flex-grow: 0; height: 14px; margin-bottom: 6px; width: 100px;\"><\/div>\n<div style=\"background-color: #f4f4f4; border-radius: 4px; flex-grow: 0; height: 14px; width: 60px;\"><\/div>\n<\/div>\n<\/div>\n<div style=\"padding: 19% 0;\"><\/div>\n<div style=\"display: block; height: 50px; margin: 0 auto 12px; width: 50px;\"><\/div>\n<div style=\"padding-top: 8px;\">\n<div style=\"color: #3897f0; font-family: Arial,sans-serif; font-size: 14px; font-style: normal; font-weight: 550; line-height: 18px;\">Voir ce message sur Instagram<\/div>\n<\/div>\n<div style=\"padding: 12.5% 0;\"><\/div>\n<div style=\"display: flex; flex-direction: row; margin-bottom: 14px; align-items: center;\">\n<div>\n<div style=\"background-color: #f4f4f4; border-radius: 50%; height: 12.5px; width: 12.5px; transform: translateX(0px) translateY(7px);\"><\/div>\n<div style=\"background-color: #f4f4f4; height: 12.5px; transform: rotate(-45deg) translateX(3px) translateY(1px); width: 12.5px; flex-grow: 0; margin-right: 14px; margin-left: 2px;\"><\/div>\n<div style=\"background-color: #f4f4f4; border-radius: 50%; height: 12.5px; width: 12.5px; transform: translateX(9px) translateY(-18px);\"><\/div>\n<\/div>\n<div style=\"margin-left: 8px;\">\n<div style=\"background-color: #f4f4f4; border-radius: 50%; flex-grow: 0; height: 20px; width: 20px;\"><\/div>\n<div style=\"width: 0; height: 0; border-top: 2px solid transparent; border-left: 6px solid #f4f4f4; border-bottom: 2px solid transparent; transform: translateX(16px) translateY(-4px) rotate(30deg);\"><\/div>\n<\/div>\n<div style=\"margin-left: auto;\">\n<div style=\"width: 0px; border-top: 8px solid #F4F4F4; border-right: 8px solid transparent; transform: translateY(16px);\"><\/div>\n<div style=\"background-color: #f4f4f4; flex-grow: 0; height: 12px; width: 16px; transform: translateY(-4px);\"><\/div>\n<div style=\"width: 0; height: 0; border-top: 8px solid #F4F4F4; border-left: 8px solid transparent; transform: translateY(-4px) translateX(8px);\"><\/div>\n<\/div>\n<\/div>\n<p>&nbsp;<\/p>\n<p style=\"margin: 8px 0 0 0; padding: 0 4px;\"><a style=\"color: #000; font-family: Arial,sans-serif; font-size: 14px; font-style: normal; font-weight: normal; line-height: 17px; text-decoration: none; word-wrap: break-word;\" href=\"https:\/\/www.instagram.com\/p\/B9MDQWVILrm\/?utm_source=ig_embed&amp;utm_campaign=loading\" target=\"_blank\" rel=\"noopener noreferrer\">Hannah #borgodepazzi #eucalyptus #ecoviscose #ecoyarn #ecoyarns #instaknit #ecoknitting #instayarn #localyarnstore #localyarnshop #hannahborgodepazzi #madeinitaly #madeinitalyarns #borgodepazzihannah #lavender #lyocell<\/a><\/p>\n<p style=\"color: #c9c8cd; font-family: Arial,sans-serif; font-size: 14px; line-height: 17px; margin-bottom: 0; margin-top: 8px; overflow: hidden; padding: 8px 0 7px; text-align: center; text-overflow: ellipsis; white-space: nowrap;\">A post shared by <a style=\"color: #c9c8cd; font-family: Arial,sans-serif; font-size: 14px; font-style: normal; font-weight: normal; line-height: 17px;\" href=\"https:\/\/www.instagram.com\/borgodepazzi\/?utm_source=ig_embed&amp;utm_campaign=loading\" target=\"_blank\" rel=\"noopener noreferrer\"> Borgo de&#8217;Pazzi Firenze<\/a> (@borgodepazzi) on <time style=\"font-family: Arial,sans-serif; font-size: 14px; line-height: 17px;\" datetime=\"2020-03-01T10:50:37+00:00\">Mar 1, 2020 at 2:50am PST<\/time><\/p>\n<\/div>\n<\/blockquote>\n<p><script async=\"\" src=\"\/\/www.instagram.com\/embed.js\"><\/script><\/p>\n","protected":false},"excerpt":{"rendered":"<p>le prix se r\u00e9f\u00e8re \u00e0 un paquet compos\u00e9 de 5 pelotes de 50 grammes &nbsp; https:\/\/www.youtube.com\/watch?v=szQN06i-Y_4&#038;t=8s &nbsp; Fil torsad\u00e9 \u00e0 6 plis tr\u00e8s brillant, dans de nombreux coloris unis et, depuis cette ann\u00e9e, dans de nombreuses variantes multicolores. Utilis\u00e9 \u00e0 des fins diverses, appr\u00e9ci\u00e9 par ceux qui aiment travailler sur des ch\u00e2les ou des v\u00eatements &#8220;frais&#8221;. Mais qu&#8217;est-ce qui diff\u00e9rencie la viscose normale du lyocell ? La diff\u00e9rence fondamentale n&#8217;est pas l&#8217;origine de la fibre mais la m\u00e9thode de traitement chimique \u00e0 laquelle la cellulose est soumise. Le disulfure de carbone est g\u00e9n\u00e9ralement utilis\u00e9 pour obtenir la boue chimique n\u00e9cessaire&#8230;<\/p>\n<div class=\"more-link-wrapper\"><a class=\"more-link\" href=\"https:\/\/www.borgodepazzi.com\/fr\/prodotto\/hannah\">Continuer la lecture<span class=\"screen-reader-text\">Hannah<\/span><\/a><\/div>\n","protected":false},"featured_media":75642,"comment_status":"closed","ping_status":"closed","template":"","meta":{"_monsterinsights_skip_tracking":false,"_monsterinsights_sitenote_active":false,"_monsterinsights_sitenote_note":"","_monsterinsights_sitenote_category":0,"_uf_show_specific_survey":0,"_uf_disable_surveys":false},"product_brand":[],"product_cat":[528],"product_tag":[],"class_list":{"0":"post-55245","1":"product","2":"type-product","3":"status-publish","4":"has-post-thumbnail","6":"product_cat-summer-yarns-collection","7":"excerpt","15":"first","16":"instock","17":"taxable","18":"shipping-taxable","19":"purchasable","20":"product-type-variable"},"yoast_head":"<!-- This site is optimized with the Yoast SEO plugin v27.4 - https:\/\/yoast.com\/product\/yoast-seo-wordpress\/ -->\n<title>Hannah - Borgo de&#039; Pazzi - Firenze<\/title>\n<meta name=\"description\" content=\"Vous cherchez un fil id\u00e9al pour l&#039;\u00e9t\u00e9 pour vos v\u00eatements tricot\u00e9s ou crochet\u00e9s ? Hannah en lyocell est celle qu&#039;il vous faut ! Fabriqu\u00e9 en Italie\" \/>\n<meta name=\"robots\" content=\"index, follow, max-snippet:-1, max-image-preview:large, max-video-preview:-1\" \/>\n<link rel=\"canonical\" href=\"https:\/\/www.borgodepazzi.com\/fr\/prodotto\/hannah\" \/>\n<meta property=\"og:locale\" content=\"fr_FR\" \/>\n<meta property=\"og:type\" content=\"article\" \/>\n<meta property=\"og:title\" content=\"Hannah - Borgo de&#039; Pazzi - Firenze\" \/>\n<meta property=\"og:url\" content=\"https:\/\/www.borgodepazzi.com\/fr\/prodotto\/hannah\" \/>\n<meta property=\"og:site_name\" content=\"Borgo de&#039; Pazzi - Firenze\" \/>\n<meta property=\"article:publisher\" content=\"https:\/\/www.facebook.com\/BorgoDePazziFIrenze\/\" \/>\n<meta property=\"article:modified_time\" content=\"2025-04-28T13:12:41+00:00\" \/>\n<meta property=\"og:image\" content=\"https:\/\/www.borgodepazzi.com\/wp-content\/uploads\/2025\/03\/HANNA12w.jpg\" \/>\n\t<meta property=\"og:image:width\" content=\"1000\" \/>\n\t<meta property=\"og:image:height\" content=\"1000\" \/>\n\t<meta property=\"og:image:type\" content=\"image\/jpeg\" \/>\n<meta name=\"twitter:card\" content=\"summary_large_image\" \/>\n<meta name=\"twitter:site\" content=\"@BorgodePazzi\" \/>\n<meta name=\"twitter:label1\" content=\"Dur\u00e9e de lecture estim\u00e9e\" \/>\n\t<meta name=\"twitter:data1\" content=\"2 minutes\" \/>\n<script type=\"application\/ld+json\" class=\"yoast-schema-graph\">{\"@context\":\"https:\\\/\\\/schema.org\",\"@graph\":[{\"@type\":\"WebPage\",\"@id\":\"https:\\\/\\\/www.borgodepazzi.com\\\/fr\\\/prodotto\\\/hannah\",\"url\":\"https:\\\/\\\/www.borgodepazzi.com\\\/fr\\\/prodotto\\\/hannah\",\"name\":\"Hannah - Borgo de&#039; Pazzi - Firenze\",\"isPartOf\":{\"@id\":\"https:\\\/\\\/www.borgodepazzi.com\\\/es\\\/#website\"},\"primaryImageOfPage\":{\"@id\":\"https:\\\/\\\/www.borgodepazzi.com\\\/fr\\\/prodotto\\\/hannah#primaryimage\"},\"image\":{\"@id\":\"https:\\\/\\\/www.borgodepazzi.com\\\/fr\\\/prodotto\\\/hannah#primaryimage\"},\"thumbnailUrl\":\"https:\\\/\\\/www.borgodepazzi.com\\\/wp-content\\\/uploads\\\/2025\\\/03\\\/HANNA12w.jpg\",\"datePublished\":\"2019-09-01T23:00:00+00:00\",\"dateModified\":\"2025-04-28T13:12:41+00:00\",\"description\":\"Vous cherchez un fil id\u00e9al pour l'\u00e9t\u00e9 pour vos v\u00eatements tricot\u00e9s ou crochet\u00e9s ? Hannah en lyocell est celle qu'il vous faut ! Fabriqu\u00e9 en Italie\",\"breadcrumb\":{\"@id\":\"https:\\\/\\\/www.borgodepazzi.com\\\/fr\\\/prodotto\\\/hannah#breadcrumb\"},\"inLanguage\":\"fr-FR\",\"potentialAction\":[{\"@type\":\"ReadAction\",\"target\":[\"https:\\\/\\\/www.borgodepazzi.com\\\/fr\\\/prodotto\\\/hannah\"]}]},{\"@type\":\"ImageObject\",\"inLanguage\":\"fr-FR\",\"@id\":\"https:\\\/\\\/www.borgodepazzi.com\\\/fr\\\/prodotto\\\/hannah#primaryimage\",\"url\":\"https:\\\/\\\/www.borgodepazzi.com\\\/wp-content\\\/uploads\\\/2025\\\/03\\\/HANNA12w.jpg\",\"contentUrl\":\"https:\\\/\\\/www.borgodepazzi.com\\\/wp-content\\\/uploads\\\/2025\\\/03\\\/HANNA12w.jpg\",\"width\":1000,\"height\":1000},{\"@type\":\"BreadcrumbList\",\"@id\":\"https:\\\/\\\/www.borgodepazzi.com\\\/fr\\\/prodotto\\\/hannah#breadcrumb\",\"itemListElement\":[{\"@type\":\"ListItem\",\"position\":1,\"name\":\"Home\",\"item\":\"https:\\\/\\\/www.borgodepazzi.com\\\/es\"},{\"@type\":\"ListItem\",\"position\":2,\"name\":\"Productos\",\"item\":\"https:\\\/\\\/www.borgodepazzi.com\\\/es\\\/tienda\"},{\"@type\":\"ListItem\",\"position\":3,\"name\":\"Hannah\"}]},{\"@type\":\"WebSite\",\"@id\":\"https:\\\/\\\/www.borgodepazzi.com\\\/es\\\/#website\",\"url\":\"https:\\\/\\\/www.borgodepazzi.com\\\/es\\\/\",\"name\":\"Borgo de&#039; Pazzi - Firenze\",\"description\":\"Production et vente en gros de fils faits \u00e0 la main\",\"publisher\":{\"@id\":\"https:\\\/\\\/www.borgodepazzi.com\\\/es\\\/#organization\"},\"potentialAction\":[{\"@type\":\"SearchAction\",\"target\":{\"@type\":\"EntryPoint\",\"urlTemplate\":\"https:\\\/\\\/www.borgodepazzi.com\\\/es\\\/?s={search_term_string}\"},\"query-input\":{\"@type\":\"PropertyValueSpecification\",\"valueRequired\":true,\"valueName\":\"search_term_string\"}}],\"inLanguage\":\"fr-FR\"},{\"@type\":\"Organization\",\"@id\":\"https:\\\/\\\/www.borgodepazzi.com\\\/es\\\/#organization\",\"name\":\"Effe Elle srl\",\"url\":\"https:\\\/\\\/www.borgodepazzi.com\\\/es\\\/\",\"logo\":{\"@type\":\"ImageObject\",\"inLanguage\":\"fr-FR\",\"@id\":\"https:\\\/\\\/www.borgodepazzi.com\\\/es\\\/#\\\/schema\\\/logo\\\/image\\\/\",\"url\":\"https:\\\/\\\/www.borgodepazzi.com\\\/wp-content\\\/uploads\\\/2015\\\/12\\\/borgo2.jpg\",\"contentUrl\":\"https:\\\/\\\/www.borgodepazzi.com\\\/wp-content\\\/uploads\\\/2015\\\/12\\\/borgo2.jpg\",\"width\":729,\"height\":400,\"caption\":\"Effe Elle srl\"},\"image\":{\"@id\":\"https:\\\/\\\/www.borgodepazzi.com\\\/es\\\/#\\\/schema\\\/logo\\\/image\\\/\"},\"sameAs\":[\"https:\\\/\\\/www.facebook.com\\\/BorgoDePazziFIrenze\\\/\",\"https:\\\/\\\/x.com\\\/BorgodePazzi\",\"http:\\\/\\\/ilsigna\"]}]}<\/script>\n<!-- \/ Yoast SEO plugin. -->","yoast_head_json":{"title":"Hannah - Borgo de&#039; Pazzi - Firenze","description":"Vous cherchez un fil id\u00e9al pour l'\u00e9t\u00e9 pour vos v\u00eatements tricot\u00e9s ou crochet\u00e9s ? Hannah en lyocell est celle qu'il vous faut ! Fabriqu\u00e9 en Italie","robots":{"index":"index","follow":"follow","max-snippet":"max-snippet:-1","max-image-preview":"max-image-preview:large","max-video-preview":"max-video-preview:-1"},"canonical":"https:\/\/www.borgodepazzi.com\/fr\/prodotto\/hannah","og_locale":"fr_FR","og_type":"article","og_title":"Hannah - Borgo de&#039; Pazzi - Firenze","og_url":"https:\/\/www.borgodepazzi.com\/fr\/prodotto\/hannah","og_site_name":"Borgo de&#039; Pazzi - Firenze","article_publisher":"https:\/\/www.facebook.com\/BorgoDePazziFIrenze\/","article_modified_time":"2025-04-28T13:12:41+00:00","og_image":[{"width":1000,"height":1000,"url":"https:\/\/www.borgodepazzi.com\/wp-content\/uploads\/2025\/03\/HANNA12w.jpg","type":"image\/jpeg"}],"twitter_card":"summary_large_image","twitter_site":"@BorgodePazzi","twitter_misc":{"Dur\u00e9e de lecture estim\u00e9e":"2 minutes"},"schema":{"@context":"https:\/\/schema.org","@graph":[{"@type":"WebPage","@id":"https:\/\/www.borgodepazzi.com\/fr\/prodotto\/hannah","url":"https:\/\/www.borgodepazzi.com\/fr\/prodotto\/hannah","name":"Hannah - Borgo de&#039; Pazzi - Firenze","isPartOf":{"@id":"https:\/\/www.borgodepazzi.com\/es\/#website"},"primaryImageOfPage":{"@id":"https:\/\/www.borgodepazzi.com\/fr\/prodotto\/hannah#primaryimage"},"image":{"@id":"https:\/\/www.borgodepazzi.com\/fr\/prodotto\/hannah#primaryimage"},"thumbnailUrl":"https:\/\/www.borgodepazzi.com\/wp-content\/uploads\/2025\/03\/HANNA12w.jpg","datePublished":"2019-09-01T23:00:00+00:00","dateModified":"2025-04-28T13:12:41+00:00","description":"Vous cherchez un fil id\u00e9al pour l'\u00e9t\u00e9 pour vos v\u00eatements tricot\u00e9s ou crochet\u00e9s ? Hannah en lyocell est celle qu'il vous faut ! Fabriqu\u00e9 en Italie","breadcrumb":{"@id":"https:\/\/www.borgodepazzi.com\/fr\/prodotto\/hannah#breadcrumb"},"inLanguage":"fr-FR","potentialAction":[{"@type":"ReadAction","target":["https:\/\/www.borgodepazzi.com\/fr\/prodotto\/hannah"]}]},{"@type":"ImageObject","inLanguage":"fr-FR","@id":"https:\/\/www.borgodepazzi.com\/fr\/prodotto\/hannah#primaryimage","url":"https:\/\/www.borgodepazzi.com\/wp-content\/uploads\/2025\/03\/HANNA12w.jpg","contentUrl":"https:\/\/www.borgodepazzi.com\/wp-content\/uploads\/2025\/03\/HANNA12w.jpg","width":1000,"height":1000},{"@type":"BreadcrumbList","@id":"https:\/\/www.borgodepazzi.com\/fr\/prodotto\/hannah#breadcrumb","itemListElement":[{"@type":"ListItem","position":1,"name":"Home","item":"https:\/\/www.borgodepazzi.com\/es"},{"@type":"ListItem","position":2,"name":"Productos","item":"https:\/\/www.borgodepazzi.com\/es\/tienda"},{"@type":"ListItem","position":3,"name":"Hannah"}]},{"@type":"WebSite","@id":"https:\/\/www.borgodepazzi.com\/es\/#website","url":"https:\/\/www.borgodepazzi.com\/es\/","name":"Borgo de&#039; Pazzi - Firenze","description":"Production et vente en gros de fils faits \u00e0 la main","publisher":{"@id":"https:\/\/www.borgodepazzi.com\/es\/#organization"},"potentialAction":[{"@type":"SearchAction","target":{"@type":"EntryPoint","urlTemplate":"https:\/\/www.borgodepazzi.com\/es\/?s={search_term_string}"},"query-input":{"@type":"PropertyValueSpecification","valueRequired":true,"valueName":"search_term_string"}}],"inLanguage":"fr-FR"},{"@type":"Organization","@id":"https:\/\/www.borgodepazzi.com\/es\/#organization","name":"Effe Elle srl","url":"https:\/\/www.borgodepazzi.com\/es\/","logo":{"@type":"ImageObject","inLanguage":"fr-FR","@id":"https:\/\/www.borgodepazzi.com\/es\/#\/schema\/logo\/image\/","url":"https:\/\/www.borgodepazzi.com\/wp-content\/uploads\/2015\/12\/borgo2.jpg","contentUrl":"https:\/\/www.borgodepazzi.com\/wp-content\/uploads\/2015\/12\/borgo2.jpg","width":729,"height":400,"caption":"Effe Elle srl"},"image":{"@id":"https:\/\/www.borgodepazzi.com\/es\/#\/schema\/logo\/image\/"},"sameAs":["https:\/\/www.facebook.com\/BorgoDePazziFIrenze\/","https:\/\/x.com\/BorgodePazzi","http:\/\/ilsigna"]}]}},"_links":{"self":[{"href":"https:\/\/www.borgodepazzi.com\/fr\/wp-json\/wp\/v2\/product\/55245","targetHints":{"allow":["GET"]}}],"collection":[{"href":"https:\/\/www.borgodepazzi.com\/fr\/wp-json\/wp\/v2\/product"}],"about":[{"href":"https:\/\/www.borgodepazzi.com\/fr\/wp-json\/wp\/v2\/types\/product"}],"replies":[{"embeddable":true,"href":"https:\/\/www.borgodepazzi.com\/fr\/wp-json\/wp\/v2\/comments?post=55245"}],"wp:featuredmedia":[{"embeddable":true,"href":"https:\/\/www.borgodepazzi.com\/fr\/wp-json\/wp\/v2\/media\/75642"}],"wp:attachment":[{"href":"https:\/\/www.borgodepazzi.com\/fr\/wp-json\/wp\/v2\/media?parent=55245"}],"wp:term":[{"taxonomy":"product_brand","embeddable":true,"href":"https:\/\/www.borgodepazzi.com\/fr\/wp-json\/wp\/v2\/product_brand?post=55245"},{"taxonomy":"product_cat","embeddable":true,"href":"https:\/\/www.borgodepazzi.com\/fr\/wp-json\/wp\/v2\/product_cat?post=55245"},{"taxonomy":"product_tag","embeddable":true,"href":"https:\/\/www.borgodepazzi.com\/fr\/wp-json\/wp\/v2\/product_tag?post=55245"}],"curies":[{"name":"wp","href":"https:\/\/api.w.org\/{rel}","templated":true}]}}