{"id":54977,"date":"2022-10-07T16:26:04","date_gmt":"2023-07-11T08:44:35","guid":{"rendered":"https:\/\/www.borgodepazzi.com\/prodotto\/crete"},"modified":"2023-07-14T01:58:25","modified_gmt":"2023-07-14T00:58:25","slug":"crete-coupee-pour-les-sacs","status":"publish","type":"product","link":"https:\/\/www.borgodepazzi.com\/fr\/prodotto\/crete-coupee-pour-les-sacs","title":{"rendered":"Cresta"},"content":{"rendered":"<p><img loading=\"lazy\" decoding=\"async\" class=\"alignnone size-medium wp-image-48628\" src=\"https:\/\/www.borgodepazzi.com\/wp-content\/uploads\/2022\/10\/cresta-3-300x225.jpg\" alt=\"\" width=\"300\" height=\"225\" srcset=\"https:\/\/www.borgodepazzi.com\/wp-content\/uploads\/2022\/10\/cresta-3-300x225.jpg 300w, https:\/\/www.borgodepazzi.com\/wp-content\/uploads\/2022\/10\/cresta-3.jpg 474w\" sizes=\"auto, (max-width: 300px) 100vw, 300px\" \/><\/p>\n<p>Le cresta est un fil, techniquement appel\u00e9 coupe, qui se compose d&#8217;une partie en tous points semblable \u00e0 la corde (bien qu&#8217;un peu plus fine) et d&#8217;une partie, plus ext\u00e9rieure, constitu\u00e9e d&#8217;un poil brillant qui en sort.<\/p>\n<p>La partie int\u00e9rieure est fabriqu\u00e9e dans le m\u00eame polypropyl\u00e8ne que celui utilis\u00e9 pour fabriquer la c\u00e9l\u00e8bre <a href=\"https:\/\/www.borgodepazzi.com\/prodotto\/inda-cordino-polipropilene\">lani\u00e8re Inda.<\/a><\/p>\n<p><iframe loading=\"lazy\" title=\"Borsa uncinetto &quot;kuri&quot; tutorial\" width=\"500\" height=\"281\" src=\"https:\/\/www.youtube.com\/embed\/rqStrQksVYQ?feature=oembed\" frameborder=\"0\" allow=\"accelerometer; autoplay; clipboard-write; encrypted-media; gyroscope; picture-in-picture; web-share\" referrerpolicy=\"strict-origin-when-cross-origin\" allowfullscreen><\/iframe><\/p>\n<p>&nbsp;<\/p>\n<p>&nbsp;<\/p>\n<p><iframe loading=\"lazy\" title=\"TUTORIAL: Borsa uncinetto &quot;Ilary&quot; Tutorial\" width=\"500\" height=\"281\" src=\"https:\/\/www.youtube.com\/embed\/QNCkdi0x5Zc?start=373&#038;feature=oembed\" frameborder=\"0\" allow=\"accelerometer; autoplay; clipboard-write; encrypted-media; gyroscope; picture-in-picture; web-share\" referrerpolicy=\"strict-origin-when-cross-origin\" allowfullscreen><\/iframe><\/p>\n<p>&nbsp;<\/p>\n","protected":false},"excerpt":{"rendered":"<p>Le prix se r\u00e9f\u00e8re \u00e0 un paquet de 100 grammes<\/p>\n<div class=\"more-link-wrapper\"><a class=\"more-link\" href=\"https:\/\/www.borgodepazzi.com\/fr\/prodotto\/crete-coupee-pour-les-sacs\">Continuer la lecture<span class=\"screen-reader-text\">Cresta<\/span><\/a><\/div>\n","protected":false},"featured_media":48568,"comment_status":"closed","ping_status":"closed","template":"","meta":{"_monsterinsights_skip_tracking":false,"_monsterinsights_sitenote_active":false,"_monsterinsights_sitenote_note":"","_monsterinsights_sitenote_category":0,"_uf_show_specific_survey":0,"_uf_disable_surveys":false},"product_brand":[],"product_cat":[520],"product_tag":[],"class_list":{"0":"post-54977","1":"product","2":"type-product","3":"status-publish","4":"has-post-thumbnail","6":"product_cat-borgo-de-pazzi-offre","7":"excerpt","15":"first","16":"outofstock","17":"taxable","18":"shipping-taxable","19":"product-type-simple"},"yoast_head":"<!-- This site is optimized with the Yoast SEO plugin v27.4 - https:\/\/yoast.com\/product\/yoast-seo-wordpress\/ -->\n<title>Cresta - Borgo de&#039; Pazzi - Firenze<\/title>\n<meta name=\"description\" content=\"Fil de coupe poilu id\u00e9al pour la finition des produits crochet\u00e9s ou tricot\u00e9s afin de rendre vos v\u00eatements plus pr\u00e9cieux. Disponible en 14 couleurs\" \/>\n<meta name=\"robots\" content=\"index, follow, max-snippet:-1, max-image-preview:large, max-video-preview:-1\" \/>\n<link rel=\"canonical\" href=\"https:\/\/www.borgodepazzi.com\/fr\/prodotto\/crete-coupee-pour-les-sacs\" \/>\n<meta property=\"og:locale\" content=\"fr_FR\" \/>\n<meta property=\"og:type\" content=\"article\" \/>\n<meta property=\"og:title\" content=\"Cresta - Borgo de&#039; Pazzi - Firenze\" \/>\n<meta property=\"og:url\" content=\"https:\/\/www.borgodepazzi.com\/fr\/prodotto\/crete-coupee-pour-les-sacs\" \/>\n<meta property=\"og:site_name\" content=\"Borgo de&#039; Pazzi - Firenze\" \/>\n<meta property=\"article:publisher\" content=\"https:\/\/www.facebook.com\/BorgoDePazziFIrenze\/\" \/>\n<meta property=\"article:modified_time\" content=\"2023-07-14T00:58:25+00:00\" \/>\n<meta property=\"og:image\" content=\"https:\/\/www.borgodepazzi.com\/wp-content\/uploads\/2022\/10\/CR11w.png\" \/>\n\t<meta property=\"og:image:width\" content=\"1000\" \/>\n\t<meta property=\"og:image:height\" content=\"1000\" \/>\n\t<meta property=\"og:image:type\" content=\"image\/png\" \/>\n<meta name=\"twitter:card\" content=\"summary_large_image\" \/>\n<meta name=\"twitter:site\" content=\"@BorgodePazzi\" \/>\n<script type=\"application\/ld+json\" class=\"yoast-schema-graph\">{\"@context\":\"https:\\\/\\\/schema.org\",\"@graph\":[{\"@type\":\"WebPage\",\"@id\":\"https:\\\/\\\/www.borgodepazzi.com\\\/fr\\\/prodotto\\\/crete-coupee-pour-les-sacs\",\"url\":\"https:\\\/\\\/www.borgodepazzi.com\\\/fr\\\/prodotto\\\/crete-coupee-pour-les-sacs\",\"name\":\"Cresta - Borgo de&#039; Pazzi - Firenze\",\"isPartOf\":{\"@id\":\"https:\\\/\\\/www.borgodepazzi.com\\\/es\\\/#website\"},\"primaryImageOfPage\":{\"@id\":\"https:\\\/\\\/www.borgodepazzi.com\\\/fr\\\/prodotto\\\/crete-coupee-pour-les-sacs#primaryimage\"},\"image\":{\"@id\":\"https:\\\/\\\/www.borgodepazzi.com\\\/fr\\\/prodotto\\\/crete-coupee-pour-les-sacs#primaryimage\"},\"thumbnailUrl\":\"https:\\\/\\\/www.borgodepazzi.com\\\/wp-content\\\/uploads\\\/2022\\\/10\\\/CR11w.png\",\"datePublished\":\"2023-07-11T08:44:35+00:00\",\"dateModified\":\"2023-07-14T00:58:25+00:00\",\"description\":\"Fil de coupe poilu id\u00e9al pour la finition des produits crochet\u00e9s ou tricot\u00e9s afin de rendre vos v\u00eatements plus pr\u00e9cieux. Disponible en 14 couleurs\",\"breadcrumb\":{\"@id\":\"https:\\\/\\\/www.borgodepazzi.com\\\/fr\\\/prodotto\\\/crete-coupee-pour-les-sacs#breadcrumb\"},\"inLanguage\":\"fr-FR\",\"potentialAction\":[{\"@type\":\"ReadAction\",\"target\":[\"https:\\\/\\\/www.borgodepazzi.com\\\/fr\\\/prodotto\\\/crete-coupee-pour-les-sacs\"]}]},{\"@type\":\"ImageObject\",\"inLanguage\":\"fr-FR\",\"@id\":\"https:\\\/\\\/www.borgodepazzi.com\\\/fr\\\/prodotto\\\/crete-coupee-pour-les-sacs#primaryimage\",\"url\":\"https:\\\/\\\/www.borgodepazzi.com\\\/wp-content\\\/uploads\\\/2022\\\/10\\\/CR11w.png\",\"contentUrl\":\"https:\\\/\\\/www.borgodepazzi.com\\\/wp-content\\\/uploads\\\/2022\\\/10\\\/CR11w.png\",\"width\":1000,\"height\":1000,\"caption\":\"fillato peloso marrone\"},{\"@type\":\"BreadcrumbList\",\"@id\":\"https:\\\/\\\/www.borgodepazzi.com\\\/fr\\\/prodotto\\\/crete-coupee-pour-les-sacs#breadcrumb\",\"itemListElement\":[{\"@type\":\"ListItem\",\"position\":1,\"name\":\"Home\",\"item\":\"https:\\\/\\\/www.borgodepazzi.com\\\/es\"},{\"@type\":\"ListItem\",\"position\":2,\"name\":\"Productos\",\"item\":\"https:\\\/\\\/www.borgodepazzi.com\\\/es\\\/tienda\"},{\"@type\":\"ListItem\",\"position\":3,\"name\":\"Cresta\"}]},{\"@type\":\"WebSite\",\"@id\":\"https:\\\/\\\/www.borgodepazzi.com\\\/es\\\/#website\",\"url\":\"https:\\\/\\\/www.borgodepazzi.com\\\/es\\\/\",\"name\":\"Borgo de&#039; Pazzi - Firenze\",\"description\":\"Production et vente en gros de fils faits \u00e0 la main\",\"publisher\":{\"@id\":\"https:\\\/\\\/www.borgodepazzi.com\\\/es\\\/#organization\"},\"potentialAction\":[{\"@type\":\"SearchAction\",\"target\":{\"@type\":\"EntryPoint\",\"urlTemplate\":\"https:\\\/\\\/www.borgodepazzi.com\\\/es\\\/?s={search_term_string}\"},\"query-input\":{\"@type\":\"PropertyValueSpecification\",\"valueRequired\":true,\"valueName\":\"search_term_string\"}}],\"inLanguage\":\"fr-FR\"},{\"@type\":\"Organization\",\"@id\":\"https:\\\/\\\/www.borgodepazzi.com\\\/es\\\/#organization\",\"name\":\"Effe Elle srl\",\"url\":\"https:\\\/\\\/www.borgodepazzi.com\\\/es\\\/\",\"logo\":{\"@type\":\"ImageObject\",\"inLanguage\":\"fr-FR\",\"@id\":\"https:\\\/\\\/www.borgodepazzi.com\\\/es\\\/#\\\/schema\\\/logo\\\/image\\\/\",\"url\":\"https:\\\/\\\/www.borgodepazzi.com\\\/wp-content\\\/uploads\\\/2015\\\/12\\\/borgo2.jpg\",\"contentUrl\":\"https:\\\/\\\/www.borgodepazzi.com\\\/wp-content\\\/uploads\\\/2015\\\/12\\\/borgo2.jpg\",\"width\":729,\"height\":400,\"caption\":\"Effe Elle srl\"},\"image\":{\"@id\":\"https:\\\/\\\/www.borgodepazzi.com\\\/es\\\/#\\\/schema\\\/logo\\\/image\\\/\"},\"sameAs\":[\"https:\\\/\\\/www.facebook.com\\\/BorgoDePazziFIrenze\\\/\",\"https:\\\/\\\/x.com\\\/BorgodePazzi\",\"http:\\\/\\\/ilsigna\"]}]}<\/script>\n<!-- \/ Yoast SEO plugin. -->","yoast_head_json":{"title":"Cresta - Borgo de&#039; Pazzi - Firenze","description":"Fil de coupe poilu id\u00e9al pour la finition des produits crochet\u00e9s ou tricot\u00e9s afin de rendre vos v\u00eatements plus pr\u00e9cieux. Disponible en 14 couleurs","robots":{"index":"index","follow":"follow","max-snippet":"max-snippet:-1","max-image-preview":"max-image-preview:large","max-video-preview":"max-video-preview:-1"},"canonical":"https:\/\/www.borgodepazzi.com\/fr\/prodotto\/crete-coupee-pour-les-sacs","og_locale":"fr_FR","og_type":"article","og_title":"Cresta - Borgo de&#039; Pazzi - Firenze","og_url":"https:\/\/www.borgodepazzi.com\/fr\/prodotto\/crete-coupee-pour-les-sacs","og_site_name":"Borgo de&#039; Pazzi - Firenze","article_publisher":"https:\/\/www.facebook.com\/BorgoDePazziFIrenze\/","article_modified_time":"2023-07-14T00:58:25+00:00","og_image":[{"width":1000,"height":1000,"url":"https:\/\/www.borgodepazzi.com\/wp-content\/uploads\/2022\/10\/CR11w.png","type":"image\/png"}],"twitter_card":"summary_large_image","twitter_site":"@BorgodePazzi","schema":{"@context":"https:\/\/schema.org","@graph":[{"@type":"WebPage","@id":"https:\/\/www.borgodepazzi.com\/fr\/prodotto\/crete-coupee-pour-les-sacs","url":"https:\/\/www.borgodepazzi.com\/fr\/prodotto\/crete-coupee-pour-les-sacs","name":"Cresta - Borgo de&#039; Pazzi - Firenze","isPartOf":{"@id":"https:\/\/www.borgodepazzi.com\/es\/#website"},"primaryImageOfPage":{"@id":"https:\/\/www.borgodepazzi.com\/fr\/prodotto\/crete-coupee-pour-les-sacs#primaryimage"},"image":{"@id":"https:\/\/www.borgodepazzi.com\/fr\/prodotto\/crete-coupee-pour-les-sacs#primaryimage"},"thumbnailUrl":"https:\/\/www.borgodepazzi.com\/wp-content\/uploads\/2022\/10\/CR11w.png","datePublished":"2023-07-11T08:44:35+00:00","dateModified":"2023-07-14T00:58:25+00:00","description":"Fil de coupe poilu id\u00e9al pour la finition des produits crochet\u00e9s ou tricot\u00e9s afin de rendre vos v\u00eatements plus pr\u00e9cieux. Disponible en 14 couleurs","breadcrumb":{"@id":"https:\/\/www.borgodepazzi.com\/fr\/prodotto\/crete-coupee-pour-les-sacs#breadcrumb"},"inLanguage":"fr-FR","potentialAction":[{"@type":"ReadAction","target":["https:\/\/www.borgodepazzi.com\/fr\/prodotto\/crete-coupee-pour-les-sacs"]}]},{"@type":"ImageObject","inLanguage":"fr-FR","@id":"https:\/\/www.borgodepazzi.com\/fr\/prodotto\/crete-coupee-pour-les-sacs#primaryimage","url":"https:\/\/www.borgodepazzi.com\/wp-content\/uploads\/2022\/10\/CR11w.png","contentUrl":"https:\/\/www.borgodepazzi.com\/wp-content\/uploads\/2022\/10\/CR11w.png","width":1000,"height":1000,"caption":"fillato peloso marrone"},{"@type":"BreadcrumbList","@id":"https:\/\/www.borgodepazzi.com\/fr\/prodotto\/crete-coupee-pour-les-sacs#breadcrumb","itemListElement":[{"@type":"ListItem","position":1,"name":"Home","item":"https:\/\/www.borgodepazzi.com\/es"},{"@type":"ListItem","position":2,"name":"Productos","item":"https:\/\/www.borgodepazzi.com\/es\/tienda"},{"@type":"ListItem","position":3,"name":"Cresta"}]},{"@type":"WebSite","@id":"https:\/\/www.borgodepazzi.com\/es\/#website","url":"https:\/\/www.borgodepazzi.com\/es\/","name":"Borgo de&#039; Pazzi - Firenze","description":"Production et vente en gros de fils faits \u00e0 la main","publisher":{"@id":"https:\/\/www.borgodepazzi.com\/es\/#organization"},"potentialAction":[{"@type":"SearchAction","target":{"@type":"EntryPoint","urlTemplate":"https:\/\/www.borgodepazzi.com\/es\/?s={search_term_string}"},"query-input":{"@type":"PropertyValueSpecification","valueRequired":true,"valueName":"search_term_string"}}],"inLanguage":"fr-FR"},{"@type":"Organization","@id":"https:\/\/www.borgodepazzi.com\/es\/#organization","name":"Effe Elle srl","url":"https:\/\/www.borgodepazzi.com\/es\/","logo":{"@type":"ImageObject","inLanguage":"fr-FR","@id":"https:\/\/www.borgodepazzi.com\/es\/#\/schema\/logo\/image\/","url":"https:\/\/www.borgodepazzi.com\/wp-content\/uploads\/2015\/12\/borgo2.jpg","contentUrl":"https:\/\/www.borgodepazzi.com\/wp-content\/uploads\/2015\/12\/borgo2.jpg","width":729,"height":400,"caption":"Effe Elle srl"},"image":{"@id":"https:\/\/www.borgodepazzi.com\/es\/#\/schema\/logo\/image\/"},"sameAs":["https:\/\/www.facebook.com\/BorgoDePazziFIrenze\/","https:\/\/x.com\/BorgodePazzi","http:\/\/ilsigna"]}]}},"_links":{"self":[{"href":"https:\/\/www.borgodepazzi.com\/fr\/wp-json\/wp\/v2\/product\/54977","targetHints":{"allow":["GET"]}}],"collection":[{"href":"https:\/\/www.borgodepazzi.com\/fr\/wp-json\/wp\/v2\/product"}],"about":[{"href":"https:\/\/www.borgodepazzi.com\/fr\/wp-json\/wp\/v2\/types\/product"}],"replies":[{"embeddable":true,"href":"https:\/\/www.borgodepazzi.com\/fr\/wp-json\/wp\/v2\/comments?post=54977"}],"wp:featuredmedia":[{"embeddable":true,"href":"https:\/\/www.borgodepazzi.com\/fr\/wp-json\/wp\/v2\/media\/48568"}],"wp:attachment":[{"href":"https:\/\/www.borgodepazzi.com\/fr\/wp-json\/wp\/v2\/media?parent=54977"}],"wp:term":[{"taxonomy":"product_brand","embeddable":true,"href":"https:\/\/www.borgodepazzi.com\/fr\/wp-json\/wp\/v2\/product_brand?post=54977"},{"taxonomy":"product_cat","embeddable":true,"href":"https:\/\/www.borgodepazzi.com\/fr\/wp-json\/wp\/v2\/product_cat?post=54977"},{"taxonomy":"product_tag","embeddable":true,"href":"https:\/\/www.borgodepazzi.com\/fr\/wp-json\/wp\/v2\/product_tag?post=54977"}],"curies":[{"name":"wp","href":"https:\/\/api.w.org\/{rel}","templated":true}]}}