{"id":43129,"date":"2021-12-17T15:51:14","date_gmt":"2021-12-17T14:51:14","guid":{"rendered":"https:\/\/www.borgodepazzi.com\/prodotto\/inda-cordino-polipropilene"},"modified":"2024-08-27T13:38:12","modified_gmt":"2024-08-27T11:38:12","slug":"inda-cord-polypropylene","status":"publish","type":"product","link":"https:\/\/www.borgodepazzi.com\/fr\/prodotto\/inda-cord-polypropylene","title":{"rendered":"Inda"},"content":{"rendered":"<p><img loading=\"lazy\" decoding=\"async\" class=\"size-full wp-image-41199 aligncenter\" src=\"https:\/\/www.borgodepazzi.com\/wp-content\/uploads\/2021\/10\/inda.jpg\" alt=\"\" width=\"474\" height=\"356\" srcset=\"https:\/\/www.borgodepazzi.com\/wp-content\/uploads\/2021\/10\/inda.jpg 474w, https:\/\/www.borgodepazzi.com\/wp-content\/uploads\/2021\/10\/inda-300x225.jpg 300w\" sizes=\"auto, (max-width: 474px) 100vw, 474px\" \/><\/p>\n<h2 style=\"text-align: center;\"><a href=\"https:\/\/www.borgodepazzi.com\/blog\/tutti-i-video-tutorials-realizzati-col-cordino-per-borse-prodotto-in-italia-inda\"><strong>TUTORIELS VID\u00c9O SUR LES LANI\u00c8RES INDA  <\/strong><\/a><\/h2>\n<p>Le polypropyl\u00e8ne est une fibre plastique invent\u00e9e par <a href=\"http:\/\/www.giulionatta.it\/\">Giulio Natta<\/a> qui lui a \u00e9galement valu le prix Nobel en 1963.<\/p>\n<p>Ce composant, \u00e0 la structure tr\u00e8s l\u00e9g\u00e8re, a de nombreuses utilisations et, bien qu&#8217;il s&#8217;agisse d&#8217;une fibre synth\u00e9tique, il pollue moins que certaines fibres naturelles.<\/p>\n<p>Cette fibre a de nombreuses utilisations en dehors des textiles et est destin\u00e9e \u00e0 une vari\u00e9t\u00e9 d&#8217;applications : de l&#8217;emballage aux composants automobiles, des textiles techniques aux accessoires de mode.<\/p>\n<p>Nombreux sont ceux qui pensent que seules les fibres naturelles &#8211; puisqu&#8217;elles sont produites par la nature &#8211; sont vertes, mais pour \u00e9valuer la durabilit\u00e9 d&#8217;un mat\u00e9riau, de nombreux aspects doivent \u00eatre pris en compte et l&#8217;ensemble de son cycle de vie doit \u00eatre couvert.<\/p>\n<p>Par exemple, la culture intensive du coton peut provoquer des s\u00e9cheresses et l&#8217;utilisation excessive de pesticides pollue fortement l&#8217;environnement.<\/p>\n<p>Par rapport \u00e0 d&#8217;autres fibres synth\u00e9tiques, la fibre de polypropyl\u00e8ne n\u00e9cessite des temp\u00e9ratures de production tr\u00e8s basses et les mat\u00e9riaux obtenus \u00e0 partir de cette fibre sont totalement recyclables et offrent donc la possibilit\u00e9 d&#8217;\u00eatre r\u00e9introduits dans le circuit de production.<\/p>\n<p>En effet, il nous appartiendra d\u00e9sormais de mettre sur le march\u00e9 des produits faciles \u00e0 r\u00e9utiliser et susceptibles d&#8217;alimenter un processus d&#8217;\u00e9conomie circulaire.<\/p>\n<p>&nbsp;<\/p>\n<p><iframe loading=\"lazy\" title=\"TUTORIAL MAXI BORSA ALL&#039;UNCINETTO PASQUALINA - PUNTO SPIGA || EASY CROCHET BAG \ud83c\udf3b Mom\u00ec&#039;s \ud83c\udf3b\" width=\"500\" height=\"281\" src=\"https:\/\/www.youtube.com\/embed\/JUDGNvgEi-4?start=851&#038;feature=oembed\" frameborder=\"0\" allow=\"accelerometer; autoplay; clipboard-write; encrypted-media; gyroscope; picture-in-picture; web-share\" referrerpolicy=\"strict-origin-when-cross-origin\" allowfullscreen><\/iframe><\/p>\n","protected":false},"excerpt":{"rendered":"<p>Le prix se r\u00e9f\u00e8re \u00e0 un c\u00f4ne de 500 grammes<\/p>\n<div class=\"more-link-wrapper\"><a class=\"more-link\" href=\"https:\/\/www.borgodepazzi.com\/fr\/prodotto\/inda-cord-polypropylene\">Continuer la lecture<span class=\"screen-reader-text\">Inda<\/span><\/a><\/div>\n","protected":false},"featured_media":46310,"comment_status":"closed","ping_status":"closed","template":"","meta":{"_monsterinsights_skip_tracking":false,"_monsterinsights_sitenote_active":false,"_monsterinsights_sitenote_note":"","_monsterinsights_sitenote_category":0,"_uf_show_specific_survey":0,"_uf_disable_surveys":false},"product_brand":[],"product_cat":[659],"product_tag":[],"class_list":{"0":"post-43129","1":"product","2":"type-product","3":"status-publish","4":"has-post-thumbnail","6":"product_cat-lanieres-pour-sacs","7":"excerpt","15":"first","16":"instock","17":"taxable","18":"shipping-taxable","19":"purchasable","20":"product-type-variable"},"yoast_head":"<!-- This site is optimized with the Yoast SEO plugin v27.4 - https:\/\/yoast.com\/product\/yoast-seo-wordpress\/ -->\n<title>Inda - Borgo de&#039; Pazzi - Firenze<\/title>\n<meta name=\"description\" content=\"Lani\u00e8re en polypropyl\u00e8ne produite dans nos usines de Toscane . L\u00e9ger et volumineux, id\u00e9al pour les sacs en crochet 35 couleurs\" \/>\n<meta name=\"robots\" content=\"index, follow, max-snippet:-1, max-image-preview:large, max-video-preview:-1\" \/>\n<link rel=\"canonical\" href=\"https:\/\/www.borgodepazzi.com\/fr\/prodotto\/inda-cord-polypropylene\" \/>\n<meta property=\"og:locale\" content=\"fr_FR\" \/>\n<meta property=\"og:type\" content=\"article\" \/>\n<meta property=\"og:title\" content=\"Inda , lanyard fabriqu\u00e9 en Italie\" \/>\n<meta property=\"og:url\" content=\"https:\/\/www.borgodepazzi.com\/fr\/prodotto\/inda-cord-polypropylene\" \/>\n<meta property=\"og:site_name\" content=\"Borgo de&#039; Pazzi - Firenze\" \/>\n<meta property=\"article:publisher\" content=\"https:\/\/www.facebook.com\/BorgoDePazziFIrenze\/\" \/>\n<meta property=\"article:modified_time\" content=\"2024-08-27T11:38:12+00:00\" \/>\n<meta property=\"og:image\" content=\"https:\/\/www.borgodepazzi.com\/wp-content\/uploads\/2021\/12\/IN17w.jpg\" \/>\n<meta name=\"twitter:card\" content=\"summary_large_image\" \/>\n<meta name=\"twitter:site\" content=\"@BorgodePazzi\" \/>\n<meta name=\"twitter:label1\" content=\"Dur\u00e9e de lecture estim\u00e9e\" \/>\n\t<meta name=\"twitter:data1\" content=\"1 minute\" \/>\n<script type=\"application\/ld+json\" class=\"yoast-schema-graph\">{\"@context\":\"https:\\\/\\\/schema.org\",\"@graph\":[{\"@type\":\"WebPage\",\"@id\":\"https:\\\/\\\/www.borgodepazzi.com\\\/fr\\\/prodotto\\\/inda-cord-polypropylene\",\"url\":\"https:\\\/\\\/www.borgodepazzi.com\\\/fr\\\/prodotto\\\/inda-cord-polypropylene\",\"name\":\"Inda - Borgo de&#039; Pazzi - Firenze\",\"isPartOf\":{\"@id\":\"https:\\\/\\\/www.borgodepazzi.com\\\/es\\\/#website\"},\"primaryImageOfPage\":{\"@id\":\"https:\\\/\\\/www.borgodepazzi.com\\\/fr\\\/prodotto\\\/inda-cord-polypropylene#primaryimage\"},\"image\":{\"@id\":\"https:\\\/\\\/www.borgodepazzi.com\\\/fr\\\/prodotto\\\/inda-cord-polypropylene#primaryimage\"},\"thumbnailUrl\":\"https:\\\/\\\/www.borgodepazzi.com\\\/wp-content\\\/uploads\\\/2022\\\/05\\\/INDA-COL-21.jpeg\",\"datePublished\":\"2021-12-17T14:51:14+00:00\",\"dateModified\":\"2024-08-27T11:38:12+00:00\",\"description\":\"Lani\u00e8re en polypropyl\u00e8ne produite dans nos usines de Toscane . L\u00e9ger et volumineux, id\u00e9al pour les sacs en crochet 35 couleurs\",\"breadcrumb\":{\"@id\":\"https:\\\/\\\/www.borgodepazzi.com\\\/fr\\\/prodotto\\\/inda-cord-polypropylene#breadcrumb\"},\"inLanguage\":\"fr-FR\",\"potentialAction\":[{\"@type\":\"ReadAction\",\"target\":[\"https:\\\/\\\/www.borgodepazzi.com\\\/fr\\\/prodotto\\\/inda-cord-polypropylene\"]}]},{\"@type\":\"ImageObject\",\"inLanguage\":\"fr-FR\",\"@id\":\"https:\\\/\\\/www.borgodepazzi.com\\\/fr\\\/prodotto\\\/inda-cord-polypropylene#primaryimage\",\"url\":\"https:\\\/\\\/www.borgodepazzi.com\\\/wp-content\\\/uploads\\\/2022\\\/05\\\/INDA-COL-21.jpeg\",\"contentUrl\":\"https:\\\/\\\/www.borgodepazzi.com\\\/wp-content\\\/uploads\\\/2022\\\/05\\\/INDA-COL-21.jpeg\",\"width\":1600,\"height\":1600},{\"@type\":\"BreadcrumbList\",\"@id\":\"https:\\\/\\\/www.borgodepazzi.com\\\/fr\\\/prodotto\\\/inda-cord-polypropylene#breadcrumb\",\"itemListElement\":[{\"@type\":\"ListItem\",\"position\":1,\"name\":\"Home\",\"item\":\"https:\\\/\\\/www.borgodepazzi.com\\\/es\"},{\"@type\":\"ListItem\",\"position\":2,\"name\":\"Productos\",\"item\":\"https:\\\/\\\/www.borgodepazzi.com\\\/es\\\/tienda\"},{\"@type\":\"ListItem\",\"position\":3,\"name\":\"Inda\"}]},{\"@type\":\"WebSite\",\"@id\":\"https:\\\/\\\/www.borgodepazzi.com\\\/es\\\/#website\",\"url\":\"https:\\\/\\\/www.borgodepazzi.com\\\/es\\\/\",\"name\":\"Borgo de&#039; Pazzi - Firenze\",\"description\":\"Production et vente en gros de fils faits \u00e0 la main\",\"publisher\":{\"@id\":\"https:\\\/\\\/www.borgodepazzi.com\\\/es\\\/#organization\"},\"potentialAction\":[{\"@type\":\"SearchAction\",\"target\":{\"@type\":\"EntryPoint\",\"urlTemplate\":\"https:\\\/\\\/www.borgodepazzi.com\\\/es\\\/?s={search_term_string}\"},\"query-input\":{\"@type\":\"PropertyValueSpecification\",\"valueRequired\":true,\"valueName\":\"search_term_string\"}}],\"inLanguage\":\"fr-FR\"},{\"@type\":\"Organization\",\"@id\":\"https:\\\/\\\/www.borgodepazzi.com\\\/es\\\/#organization\",\"name\":\"Effe Elle srl\",\"url\":\"https:\\\/\\\/www.borgodepazzi.com\\\/es\\\/\",\"logo\":{\"@type\":\"ImageObject\",\"inLanguage\":\"fr-FR\",\"@id\":\"https:\\\/\\\/www.borgodepazzi.com\\\/es\\\/#\\\/schema\\\/logo\\\/image\\\/\",\"url\":\"https:\\\/\\\/www.borgodepazzi.com\\\/wp-content\\\/uploads\\\/2015\\\/12\\\/borgo2.jpg\",\"contentUrl\":\"https:\\\/\\\/www.borgodepazzi.com\\\/wp-content\\\/uploads\\\/2015\\\/12\\\/borgo2.jpg\",\"width\":729,\"height\":400,\"caption\":\"Effe Elle srl\"},\"image\":{\"@id\":\"https:\\\/\\\/www.borgodepazzi.com\\\/es\\\/#\\\/schema\\\/logo\\\/image\\\/\"},\"sameAs\":[\"https:\\\/\\\/www.facebook.com\\\/BorgoDePazziFIrenze\\\/\",\"https:\\\/\\\/x.com\\\/BorgodePazzi\",\"http:\\\/\\\/ilsigna\"]}]}<\/script>\n<!-- \/ Yoast SEO plugin. -->","yoast_head_json":{"title":"Inda - Borgo de&#039; Pazzi - Firenze","description":"Lani\u00e8re en polypropyl\u00e8ne produite dans nos usines de Toscane . L\u00e9ger et volumineux, id\u00e9al pour les sacs en crochet 35 couleurs","robots":{"index":"index","follow":"follow","max-snippet":"max-snippet:-1","max-image-preview":"max-image-preview:large","max-video-preview":"max-video-preview:-1"},"canonical":"https:\/\/www.borgodepazzi.com\/fr\/prodotto\/inda-cord-polypropylene","og_locale":"fr_FR","og_type":"article","og_title":"Inda , lanyard fabriqu\u00e9 en Italie","og_url":"https:\/\/www.borgodepazzi.com\/fr\/prodotto\/inda-cord-polypropylene","og_site_name":"Borgo de&#039; Pazzi - Firenze","article_publisher":"https:\/\/www.facebook.com\/BorgoDePazziFIrenze\/","article_modified_time":"2024-08-27T11:38:12+00:00","og_image":[{"url":"https:\/\/www.borgodepazzi.com\/wp-content\/uploads\/2021\/12\/IN17w.jpg","type":"","width":"","height":""}],"twitter_card":"summary_large_image","twitter_site":"@BorgodePazzi","twitter_misc":{"Dur\u00e9e de lecture estim\u00e9e":"1 minute"},"schema":{"@context":"https:\/\/schema.org","@graph":[{"@type":"WebPage","@id":"https:\/\/www.borgodepazzi.com\/fr\/prodotto\/inda-cord-polypropylene","url":"https:\/\/www.borgodepazzi.com\/fr\/prodotto\/inda-cord-polypropylene","name":"Inda - Borgo de&#039; Pazzi - Firenze","isPartOf":{"@id":"https:\/\/www.borgodepazzi.com\/es\/#website"},"primaryImageOfPage":{"@id":"https:\/\/www.borgodepazzi.com\/fr\/prodotto\/inda-cord-polypropylene#primaryimage"},"image":{"@id":"https:\/\/www.borgodepazzi.com\/fr\/prodotto\/inda-cord-polypropylene#primaryimage"},"thumbnailUrl":"https:\/\/www.borgodepazzi.com\/wp-content\/uploads\/2022\/05\/INDA-COL-21.jpeg","datePublished":"2021-12-17T14:51:14+00:00","dateModified":"2024-08-27T11:38:12+00:00","description":"Lani\u00e8re en polypropyl\u00e8ne produite dans nos usines de Toscane . L\u00e9ger et volumineux, id\u00e9al pour les sacs en crochet 35 couleurs","breadcrumb":{"@id":"https:\/\/www.borgodepazzi.com\/fr\/prodotto\/inda-cord-polypropylene#breadcrumb"},"inLanguage":"fr-FR","potentialAction":[{"@type":"ReadAction","target":["https:\/\/www.borgodepazzi.com\/fr\/prodotto\/inda-cord-polypropylene"]}]},{"@type":"ImageObject","inLanguage":"fr-FR","@id":"https:\/\/www.borgodepazzi.com\/fr\/prodotto\/inda-cord-polypropylene#primaryimage","url":"https:\/\/www.borgodepazzi.com\/wp-content\/uploads\/2022\/05\/INDA-COL-21.jpeg","contentUrl":"https:\/\/www.borgodepazzi.com\/wp-content\/uploads\/2022\/05\/INDA-COL-21.jpeg","width":1600,"height":1600},{"@type":"BreadcrumbList","@id":"https:\/\/www.borgodepazzi.com\/fr\/prodotto\/inda-cord-polypropylene#breadcrumb","itemListElement":[{"@type":"ListItem","position":1,"name":"Home","item":"https:\/\/www.borgodepazzi.com\/es"},{"@type":"ListItem","position":2,"name":"Productos","item":"https:\/\/www.borgodepazzi.com\/es\/tienda"},{"@type":"ListItem","position":3,"name":"Inda"}]},{"@type":"WebSite","@id":"https:\/\/www.borgodepazzi.com\/es\/#website","url":"https:\/\/www.borgodepazzi.com\/es\/","name":"Borgo de&#039; Pazzi - Firenze","description":"Production et vente en gros de fils faits \u00e0 la main","publisher":{"@id":"https:\/\/www.borgodepazzi.com\/es\/#organization"},"potentialAction":[{"@type":"SearchAction","target":{"@type":"EntryPoint","urlTemplate":"https:\/\/www.borgodepazzi.com\/es\/?s={search_term_string}"},"query-input":{"@type":"PropertyValueSpecification","valueRequired":true,"valueName":"search_term_string"}}],"inLanguage":"fr-FR"},{"@type":"Organization","@id":"https:\/\/www.borgodepazzi.com\/es\/#organization","name":"Effe Elle srl","url":"https:\/\/www.borgodepazzi.com\/es\/","logo":{"@type":"ImageObject","inLanguage":"fr-FR","@id":"https:\/\/www.borgodepazzi.com\/es\/#\/schema\/logo\/image\/","url":"https:\/\/www.borgodepazzi.com\/wp-content\/uploads\/2015\/12\/borgo2.jpg","contentUrl":"https:\/\/www.borgodepazzi.com\/wp-content\/uploads\/2015\/12\/borgo2.jpg","width":729,"height":400,"caption":"Effe Elle srl"},"image":{"@id":"https:\/\/www.borgodepazzi.com\/es\/#\/schema\/logo\/image\/"},"sameAs":["https:\/\/www.facebook.com\/BorgoDePazziFIrenze\/","https:\/\/x.com\/BorgodePazzi","http:\/\/ilsigna"]}]}},"_links":{"self":[{"href":"https:\/\/www.borgodepazzi.com\/fr\/wp-json\/wp\/v2\/product\/43129","targetHints":{"allow":["GET"]}}],"collection":[{"href":"https:\/\/www.borgodepazzi.com\/fr\/wp-json\/wp\/v2\/product"}],"about":[{"href":"https:\/\/www.borgodepazzi.com\/fr\/wp-json\/wp\/v2\/types\/product"}],"replies":[{"embeddable":true,"href":"https:\/\/www.borgodepazzi.com\/fr\/wp-json\/wp\/v2\/comments?post=43129"}],"wp:featuredmedia":[{"embeddable":true,"href":"https:\/\/www.borgodepazzi.com\/fr\/wp-json\/wp\/v2\/media\/46310"}],"wp:attachment":[{"href":"https:\/\/www.borgodepazzi.com\/fr\/wp-json\/wp\/v2\/media?parent=43129"}],"wp:term":[{"taxonomy":"product_brand","embeddable":true,"href":"https:\/\/www.borgodepazzi.com\/fr\/wp-json\/wp\/v2\/product_brand?post=43129"},{"taxonomy":"product_cat","embeddable":true,"href":"https:\/\/www.borgodepazzi.com\/fr\/wp-json\/wp\/v2\/product_cat?post=43129"},{"taxonomy":"product_tag","embeddable":true,"href":"https:\/\/www.borgodepazzi.com\/fr\/wp-json\/wp\/v2\/product_tag?post=43129"}],"curies":[{"name":"wp","href":"https:\/\/api.w.org\/{rel}","templated":true}]}}