{"id":42073,"date":"2021-12-02T17:15:05","date_gmt":"2021-12-02T16:15:05","guid":{"rendered":"https:\/\/www.borgodepazzi.com\/?post_type=product&#038;p=42073"},"modified":"2023-08-03T00:00:20","modified_gmt":"2023-08-02T23:00:20","slug":"amore-cotton-sport","status":"publish","type":"product","link":"https:\/\/www.borgodepazzi.com\/fr\/prodotto\/amore-cotton-sport","title":{"rendered":"Amore cotton Sport"},"content":{"rendered":"<p><img loading=\"lazy\" decoding=\"async\" class=\"alignnone size-full wp-image-19418\" src=\"https:\/\/www.borgodepazzi.com\/wp-content\/uploads\/2020\/09\/amore-sport.jpg\" alt=\"\" width=\"521\" height=\"379\" srcset=\"https:\/\/www.borgodepazzi.com\/wp-content\/uploads\/2020\/09\/amore-sport.jpg 521w, https:\/\/www.borgodepazzi.com\/wp-content\/uploads\/2020\/09\/amore-sport-300x218.jpg 300w\" sizes=\"auto, (max-width: 521px) 100vw, 521px\" \/><\/p>\n<p>&nbsp;<\/p>\n","protected":false},"excerpt":{"rendered":"<p>Le prix se r\u00e9f\u00e8re \u00e0 un pack de 10 balles de 50 grammes<\/p>\n<div class=\"more-link-wrapper\"><a class=\"more-link\" href=\"https:\/\/www.borgodepazzi.com\/fr\/prodotto\/amore-cotton-sport\">Continuer la lecture<span class=\"screen-reader-text\">Amore cotton Sport<\/span><\/a><\/div>\n","protected":false},"featured_media":42098,"comment_status":"closed","ping_status":"closed","template":"","meta":{"_monsterinsights_skip_tracking":false,"_monsterinsights_sitenote_active":false,"_monsterinsights_sitenote_note":"","_monsterinsights_sitenote_category":0,"_uf_show_specific_survey":0,"_uf_disable_surveys":false},"product_brand":[],"product_cat":[507],"product_tag":[],"class_list":{"0":"post-42073","1":"product","2":"type-product","3":"status-publish","4":"has-post-thumbnail","6":"product_cat-amore-collectie","7":"excerpt","15":"first","16":"instock","17":"taxable","18":"shipping-taxable","19":"purchasable","20":"product-type-variable"},"yoast_head":"<!-- This site is optimized with the Yoast SEO plugin v27.4 - https:\/\/yoast.com\/product\/yoast-seo-wordpress\/ -->\n<title>Amore cotton Sport - Borgo de&#039; Pazzi - Firenze<\/title>\n<meta name=\"description\" content=\"Amore cotton sport, disponible dans plus de 30 coloris, est un fil \u00e9co-durable car il est issu de mati\u00e8res r\u00e9g\u00e9n\u00e9r\u00e9es\" \/>\n<meta name=\"robots\" content=\"index, follow, max-snippet:-1, max-image-preview:large, max-video-preview:-1\" \/>\n<link rel=\"canonical\" href=\"https:\/\/www.borgodepazzi.com\/fr\/prodotto\/amore-cotton-sport\" \/>\n<meta property=\"og:locale\" content=\"fr_FR\" \/>\n<meta property=\"og:type\" content=\"article\" \/>\n<meta property=\"og:title\" content=\"Amore cotton Sport - Borgo de&#039; Pazzi - Firenze\" \/>\n<meta property=\"og:url\" content=\"https:\/\/www.borgodepazzi.com\/fr\/prodotto\/amore-cotton-sport\" \/>\n<meta property=\"og:site_name\" content=\"Borgo de&#039; Pazzi - Firenze\" \/>\n<meta property=\"article:publisher\" content=\"https:\/\/www.facebook.com\/BorgoDePazziFIrenze\/\" \/>\n<meta property=\"article:modified_time\" content=\"2023-08-02T23:00:20+00:00\" \/>\n<meta property=\"og:image\" content=\"https:\/\/www.borgodepazzi.com\/wp-content\/uploads\/2021\/01\/ACS300-48-scaled.jpg\" \/>\n\t<meta property=\"og:image:width\" content=\"2560\" \/>\n\t<meta property=\"og:image:height\" content=\"2560\" \/>\n\t<meta property=\"og:image:type\" content=\"image\/jpeg\" \/>\n<meta name=\"twitter:card\" content=\"summary_large_image\" \/>\n<meta name=\"twitter:site\" content=\"@BorgodePazzi\" \/>\n<script type=\"application\/ld+json\" class=\"yoast-schema-graph\">{\"@context\":\"https:\\\/\\\/schema.org\",\"@graph\":[{\"@type\":\"WebPage\",\"@id\":\"https:\\\/\\\/www.borgodepazzi.com\\\/fr\\\/prodotto\\\/amore-cotton-sport\",\"url\":\"https:\\\/\\\/www.borgodepazzi.com\\\/fr\\\/prodotto\\\/amore-cotton-sport\",\"name\":\"Amore cotton Sport - Borgo de&#039; Pazzi - Firenze\",\"isPartOf\":{\"@id\":\"https:\\\/\\\/www.borgodepazzi.com\\\/es\\\/#website\"},\"primaryImageOfPage\":{\"@id\":\"https:\\\/\\\/www.borgodepazzi.com\\\/fr\\\/prodotto\\\/amore-cotton-sport#primaryimage\"},\"image\":{\"@id\":\"https:\\\/\\\/www.borgodepazzi.com\\\/fr\\\/prodotto\\\/amore-cotton-sport#primaryimage\"},\"thumbnailUrl\":\"https:\\\/\\\/www.borgodepazzi.com\\\/wp-content\\\/uploads\\\/2021\\\/01\\\/ACS300-48-scaled.jpg\",\"datePublished\":\"2021-12-02T16:15:05+00:00\",\"dateModified\":\"2023-08-02T23:00:20+00:00\",\"description\":\"Amore cotton sport, disponible dans plus de 30 coloris, est un fil \u00e9co-durable car il est issu de mati\u00e8res r\u00e9g\u00e9n\u00e9r\u00e9es\",\"breadcrumb\":{\"@id\":\"https:\\\/\\\/www.borgodepazzi.com\\\/fr\\\/prodotto\\\/amore-cotton-sport#breadcrumb\"},\"inLanguage\":\"fr-FR\",\"potentialAction\":[{\"@type\":\"ReadAction\",\"target\":[\"https:\\\/\\\/www.borgodepazzi.com\\\/fr\\\/prodotto\\\/amore-cotton-sport\"]}]},{\"@type\":\"ImageObject\",\"inLanguage\":\"fr-FR\",\"@id\":\"https:\\\/\\\/www.borgodepazzi.com\\\/fr\\\/prodotto\\\/amore-cotton-sport#primaryimage\",\"url\":\"https:\\\/\\\/www.borgodepazzi.com\\\/wp-content\\\/uploads\\\/2021\\\/01\\\/ACS300-48-scaled.jpg\",\"contentUrl\":\"https:\\\/\\\/www.borgodepazzi.com\\\/wp-content\\\/uploads\\\/2021\\\/01\\\/ACS300-48-scaled.jpg\",\"width\":2560,\"height\":2560},{\"@type\":\"BreadcrumbList\",\"@id\":\"https:\\\/\\\/www.borgodepazzi.com\\\/fr\\\/prodotto\\\/amore-cotton-sport#breadcrumb\",\"itemListElement\":[{\"@type\":\"ListItem\",\"position\":1,\"name\":\"Home\",\"item\":\"https:\\\/\\\/www.borgodepazzi.com\\\/es\"},{\"@type\":\"ListItem\",\"position\":2,\"name\":\"Productos\",\"item\":\"https:\\\/\\\/www.borgodepazzi.com\\\/es\\\/tienda\"},{\"@type\":\"ListItem\",\"position\":3,\"name\":\"Amore cotton Sport\"}]},{\"@type\":\"WebSite\",\"@id\":\"https:\\\/\\\/www.borgodepazzi.com\\\/es\\\/#website\",\"url\":\"https:\\\/\\\/www.borgodepazzi.com\\\/es\\\/\",\"name\":\"Borgo de&#039; Pazzi - Firenze\",\"description\":\"Production et vente en gros de fils faits \u00e0 la main\",\"publisher\":{\"@id\":\"https:\\\/\\\/www.borgodepazzi.com\\\/es\\\/#organization\"},\"potentialAction\":[{\"@type\":\"SearchAction\",\"target\":{\"@type\":\"EntryPoint\",\"urlTemplate\":\"https:\\\/\\\/www.borgodepazzi.com\\\/es\\\/?s={search_term_string}\"},\"query-input\":{\"@type\":\"PropertyValueSpecification\",\"valueRequired\":true,\"valueName\":\"search_term_string\"}}],\"inLanguage\":\"fr-FR\"},{\"@type\":\"Organization\",\"@id\":\"https:\\\/\\\/www.borgodepazzi.com\\\/es\\\/#organization\",\"name\":\"Effe Elle srl\",\"url\":\"https:\\\/\\\/www.borgodepazzi.com\\\/es\\\/\",\"logo\":{\"@type\":\"ImageObject\",\"inLanguage\":\"fr-FR\",\"@id\":\"https:\\\/\\\/www.borgodepazzi.com\\\/es\\\/#\\\/schema\\\/logo\\\/image\\\/\",\"url\":\"https:\\\/\\\/www.borgodepazzi.com\\\/wp-content\\\/uploads\\\/2015\\\/12\\\/borgo2.jpg\",\"contentUrl\":\"https:\\\/\\\/www.borgodepazzi.com\\\/wp-content\\\/uploads\\\/2015\\\/12\\\/borgo2.jpg\",\"width\":729,\"height\":400,\"caption\":\"Effe Elle srl\"},\"image\":{\"@id\":\"https:\\\/\\\/www.borgodepazzi.com\\\/es\\\/#\\\/schema\\\/logo\\\/image\\\/\"},\"sameAs\":[\"https:\\\/\\\/www.facebook.com\\\/BorgoDePazziFIrenze\\\/\",\"https:\\\/\\\/x.com\\\/BorgodePazzi\",\"http:\\\/\\\/ilsigna\"]}]}<\/script>\n<!-- \/ Yoast SEO plugin. -->","yoast_head_json":{"title":"Amore cotton Sport - Borgo de&#039; Pazzi - Firenze","description":"Amore cotton sport, disponible dans plus de 30 coloris, est un fil \u00e9co-durable car il est issu de mati\u00e8res r\u00e9g\u00e9n\u00e9r\u00e9es","robots":{"index":"index","follow":"follow","max-snippet":"max-snippet:-1","max-image-preview":"max-image-preview:large","max-video-preview":"max-video-preview:-1"},"canonical":"https:\/\/www.borgodepazzi.com\/fr\/prodotto\/amore-cotton-sport","og_locale":"fr_FR","og_type":"article","og_title":"Amore cotton Sport - Borgo de&#039; Pazzi - Firenze","og_url":"https:\/\/www.borgodepazzi.com\/fr\/prodotto\/amore-cotton-sport","og_site_name":"Borgo de&#039; Pazzi - Firenze","article_publisher":"https:\/\/www.facebook.com\/BorgoDePazziFIrenze\/","article_modified_time":"2023-08-02T23:00:20+00:00","og_image":[{"width":2560,"height":2560,"url":"https:\/\/www.borgodepazzi.com\/wp-content\/uploads\/2021\/01\/ACS300-48-scaled.jpg","type":"image\/jpeg"}],"twitter_card":"summary_large_image","twitter_site":"@BorgodePazzi","schema":{"@context":"https:\/\/schema.org","@graph":[{"@type":"WebPage","@id":"https:\/\/www.borgodepazzi.com\/fr\/prodotto\/amore-cotton-sport","url":"https:\/\/www.borgodepazzi.com\/fr\/prodotto\/amore-cotton-sport","name":"Amore cotton Sport - Borgo de&#039; Pazzi - Firenze","isPartOf":{"@id":"https:\/\/www.borgodepazzi.com\/es\/#website"},"primaryImageOfPage":{"@id":"https:\/\/www.borgodepazzi.com\/fr\/prodotto\/amore-cotton-sport#primaryimage"},"image":{"@id":"https:\/\/www.borgodepazzi.com\/fr\/prodotto\/amore-cotton-sport#primaryimage"},"thumbnailUrl":"https:\/\/www.borgodepazzi.com\/wp-content\/uploads\/2021\/01\/ACS300-48-scaled.jpg","datePublished":"2021-12-02T16:15:05+00:00","dateModified":"2023-08-02T23:00:20+00:00","description":"Amore cotton sport, disponible dans plus de 30 coloris, est un fil \u00e9co-durable car il est issu de mati\u00e8res r\u00e9g\u00e9n\u00e9r\u00e9es","breadcrumb":{"@id":"https:\/\/www.borgodepazzi.com\/fr\/prodotto\/amore-cotton-sport#breadcrumb"},"inLanguage":"fr-FR","potentialAction":[{"@type":"ReadAction","target":["https:\/\/www.borgodepazzi.com\/fr\/prodotto\/amore-cotton-sport"]}]},{"@type":"ImageObject","inLanguage":"fr-FR","@id":"https:\/\/www.borgodepazzi.com\/fr\/prodotto\/amore-cotton-sport#primaryimage","url":"https:\/\/www.borgodepazzi.com\/wp-content\/uploads\/2021\/01\/ACS300-48-scaled.jpg","contentUrl":"https:\/\/www.borgodepazzi.com\/wp-content\/uploads\/2021\/01\/ACS300-48-scaled.jpg","width":2560,"height":2560},{"@type":"BreadcrumbList","@id":"https:\/\/www.borgodepazzi.com\/fr\/prodotto\/amore-cotton-sport#breadcrumb","itemListElement":[{"@type":"ListItem","position":1,"name":"Home","item":"https:\/\/www.borgodepazzi.com\/es"},{"@type":"ListItem","position":2,"name":"Productos","item":"https:\/\/www.borgodepazzi.com\/es\/tienda"},{"@type":"ListItem","position":3,"name":"Amore cotton Sport"}]},{"@type":"WebSite","@id":"https:\/\/www.borgodepazzi.com\/es\/#website","url":"https:\/\/www.borgodepazzi.com\/es\/","name":"Borgo de&#039; Pazzi - Firenze","description":"Production et vente en gros de fils faits \u00e0 la main","publisher":{"@id":"https:\/\/www.borgodepazzi.com\/es\/#organization"},"potentialAction":[{"@type":"SearchAction","target":{"@type":"EntryPoint","urlTemplate":"https:\/\/www.borgodepazzi.com\/es\/?s={search_term_string}"},"query-input":{"@type":"PropertyValueSpecification","valueRequired":true,"valueName":"search_term_string"}}],"inLanguage":"fr-FR"},{"@type":"Organization","@id":"https:\/\/www.borgodepazzi.com\/es\/#organization","name":"Effe Elle srl","url":"https:\/\/www.borgodepazzi.com\/es\/","logo":{"@type":"ImageObject","inLanguage":"fr-FR","@id":"https:\/\/www.borgodepazzi.com\/es\/#\/schema\/logo\/image\/","url":"https:\/\/www.borgodepazzi.com\/wp-content\/uploads\/2015\/12\/borgo2.jpg","contentUrl":"https:\/\/www.borgodepazzi.com\/wp-content\/uploads\/2015\/12\/borgo2.jpg","width":729,"height":400,"caption":"Effe Elle srl"},"image":{"@id":"https:\/\/www.borgodepazzi.com\/es\/#\/schema\/logo\/image\/"},"sameAs":["https:\/\/www.facebook.com\/BorgoDePazziFIrenze\/","https:\/\/x.com\/BorgodePazzi","http:\/\/ilsigna"]}]}},"_links":{"self":[{"href":"https:\/\/www.borgodepazzi.com\/fr\/wp-json\/wp\/v2\/product\/42073","targetHints":{"allow":["GET"]}}],"collection":[{"href":"https:\/\/www.borgodepazzi.com\/fr\/wp-json\/wp\/v2\/product"}],"about":[{"href":"https:\/\/www.borgodepazzi.com\/fr\/wp-json\/wp\/v2\/types\/product"}],"replies":[{"embeddable":true,"href":"https:\/\/www.borgodepazzi.com\/fr\/wp-json\/wp\/v2\/comments?post=42073"}],"wp:featuredmedia":[{"embeddable":true,"href":"https:\/\/www.borgodepazzi.com\/fr\/wp-json\/wp\/v2\/media\/42098"}],"wp:attachment":[{"href":"https:\/\/www.borgodepazzi.com\/fr\/wp-json\/wp\/v2\/media?parent=42073"}],"wp:term":[{"taxonomy":"product_brand","embeddable":true,"href":"https:\/\/www.borgodepazzi.com\/fr\/wp-json\/wp\/v2\/product_brand?post=42073"},{"taxonomy":"product_cat","embeddable":true,"href":"https:\/\/www.borgodepazzi.com\/fr\/wp-json\/wp\/v2\/product_cat?post=42073"},{"taxonomy":"product_tag","embeddable":true,"href":"https:\/\/www.borgodepazzi.com\/fr\/wp-json\/wp\/v2\/product_tag?post=42073"}],"curies":[{"name":"wp","href":"https:\/\/api.w.org\/{rel}","templated":true}]}}