{"id":39462,"date":"2020-11-12T09:44:28","date_gmt":"2020-11-12T08:44:28","guid":{"rendered":"https:\/\/www.borgodepazzi.com\/negozi"},"modified":"2021-08-30T15:42:48","modified_gmt":"2021-08-30T14:42:48","slug":"negozi","status":"publish","type":"page","link":"https:\/\/www.borgodepazzi.com\/fr\/negozi","title":{"rendered":"Zone r\u00e9serv\u00e9e aux magasins de laine"},"content":{"rendered":"\n<p>Si vous \u00eates un magasin de laine, vous avez droit \u00e0 un prix sp\u00e9cial.<\/p>\n\n<p>ATTENTION !!! SI VOUS \u00caTES UN PARTICULIER, VOUS N&#8217;AVEZ PAS BESOIN DE VOUS INSCRIRE<\/p>\n\n<p><a href=\"https:\/\/www.borgodepazzi.com\/mio-account#\">Inscrivez-vous<\/a>, nous validerons votre profil dans les plus brefs d\u00e9lais, en attendant parcourez les instructions d&#8217;inscription<\/p>\n\n<p><\/p>\n<aside\n\tclass=\"download-box\">\n\n\t<img loading=\"lazy\" decoding=\"async\" width=\"2000\" height=\"1260\" src=\"https:\/\/www.borgodepazzi.com\/wp-content\/uploads\/2020\/07\/1-e1618134385730.jpg\" class=\"attachment-full size-full wp-post-image\" alt=\"\" \/>\n\t<div\n\t\tclass=\"download-count\">6763 t\u00e9l\u00e9chargements<\/div>\n\n\t<div\n\t\tclass=\"download-box-content\">\n\n\t\t<h1>COME ORDINARE ONLINE - ISTRUZIONI<\/h1>\n\n\t\t<p>Iscrizione Negozi al sito<\/p>\n\t\t\t\t<a  data-e-Disable-Page-Transition=\"true\" class=\"download-link download-button\" title=\"\" href=\"https:\/\/www.borgodepazzi.com\/fr\/download\/18661\/?tmstv=1778883712\" rel=\"nofollow\" id=\"download-link-18661\" data-redirect=\"false\" >\n\t\t\tT\u00e9l\u00e9charger le fichier\t\t\t<small>libretto-iscrizione-sito-1.pdf\t\t\t\t&ndash; 6,41 Mo<\/small>\n\t\t<\/a>\n\t\t\t<\/div>\n<\/aside>\n\n\n\n<p>If you own a wool shop please <a href=\"https:\/\/www.borgodepazzi.com\/mio-account#\">SUBSCRIBE<\/a> , you will receive our profile approval as soon as possible<\/p>\n<p>Give a look on the below B2b orders step by step<\/p>\n<aside\n\tclass=\"download-box\">\n\n\t<img loading=\"lazy\" decoding=\"async\" width=\"2000\" height=\"1260\" src=\"https:\/\/www.borgodepazzi.com\/wp-content\/uploads\/2020\/07\/1-e1618134385730.jpg\" class=\"attachment-full size-full wp-post-image\" alt=\"\" \/>\n\t<div\n\t\tclass=\"download-count\">5299 t\u00e9l\u00e9chargements<\/div>\n\n\t<div\n\t\tclass=\"download-box-content\">\n\n\t\t<h1>B2b Order step by step<\/h1>\n\n\t\t<p>ENGLISH LANGUAGE<\/p>\n\t\t\t\t<a  data-e-Disable-Page-Transition=\"true\" class=\"download-link download-button\" title=\"\" href=\"https:\/\/www.borgodepazzi.com\/fr\/download\/18794\/?tmstv=1778883712\" rel=\"nofollow\" id=\"download-link-18794\" data-redirect=\"false\" >\n\t\t\tT\u00e9l\u00e9charger le fichier\t\t\t<small>libretto-registrazione-B2B-borgo-de-pazzi-INGLESE.pdf\t\t\t\t&ndash; 6,14 Mo<\/small>\n\t\t<\/a>\n\t\t\t<\/div>\n<\/aside>\n\n\n\n","protected":false},"excerpt":{"rendered":"<p>Si vous \u00eates un magasin de laine, vous avez droit \u00e0 un prix sp\u00e9cial. ATTENTION !!! SI VOUS \u00caTES UN PARTICULIER, VOUS N&#8217;AVEZ PAS BESOIN DE VOUS INSCRIRE Inscrivez-vous, nous validerons votre profil dans les plus brefs d\u00e9lais, en attendant parcourez les instructions d&#8217;inscription If you own a wool shop please SUBSCRIBE , you will receive our profile approval as soon as possible Give a look on the below B2b orders step by step<\/p>\n","protected":false},"author":1,"featured_media":39457,"parent":0,"menu_order":0,"comment_status":"closed","ping_status":"closed","template":"","meta":{"_monsterinsights_skip_tracking":false,"_monsterinsights_sitenote_active":false,"_monsterinsights_sitenote_note":"","_monsterinsights_sitenote_category":0,"_uf_show_specific_survey":0,"_uf_disable_surveys":false,"footnotes":""},"class_list":["post-39462","page","type-page","status-publish","has-post-thumbnail","hentry","excerpt"],"yoast_head":"<!-- This site is optimized with the Yoast SEO plugin v27.6 - https:\/\/yoast.com\/product\/yoast-seo-wordpress\/ -->\n<title>Zone r\u00e9serv\u00e9e aux magasins de laine - Borgo de&#039; Pazzi - Firenze<\/title>\n<meta name=\"robots\" content=\"index, follow, max-snippet:-1, max-image-preview:large, max-video-preview:-1\" \/>\n<link rel=\"canonical\" href=\"https:\/\/www.borgodepazzi.com\/fr\/negozi\" \/>\n<meta property=\"og:locale\" content=\"fr_FR\" \/>\n<meta property=\"og:type\" content=\"article\" \/>\n<meta property=\"og:title\" content=\"Zone r\u00e9serv\u00e9e aux magasins de laine - Borgo de&#039; Pazzi - Firenze\" \/>\n<meta property=\"og:url\" content=\"https:\/\/www.borgodepazzi.com\/fr\/negozi\" \/>\n<meta property=\"og:site_name\" content=\"Borgo de&#039; Pazzi - Firenze\" \/>\n<meta property=\"article:publisher\" content=\"https:\/\/www.facebook.com\/BorgoDePazziFIrenze\/\" \/>\n<meta property=\"article:modified_time\" content=\"2021-08-30T14:42:48+00:00\" \/>\n<meta property=\"og:image\" content=\"https:\/\/www.borgodepazzi.com\/wp-content\/uploads\/2020\/07\/1-e1618134385730.jpg\" \/>\n\t<meta property=\"og:image:width\" content=\"2000\" \/>\n\t<meta property=\"og:image:height\" content=\"1260\" \/>\n\t<meta property=\"og:image:type\" content=\"image\/jpeg\" \/>\n<meta name=\"twitter:card\" content=\"summary_large_image\" \/>\n<meta name=\"twitter:site\" content=\"@BorgodePazzi\" \/>\n<script type=\"application\/ld+json\" class=\"yoast-schema-graph\">{\"@context\":\"https:\\\/\\\/schema.org\",\"@graph\":[{\"@type\":\"WebPage\",\"@id\":\"https:\\\/\\\/www.borgodepazzi.com\\\/fr\\\/negozi\",\"url\":\"https:\\\/\\\/www.borgodepazzi.com\\\/fr\\\/negozi\",\"name\":\"Zone r\u00e9serv\u00e9e aux magasins de laine - Borgo de&#039; Pazzi - Firenze\",\"isPartOf\":{\"@id\":\"https:\\\/\\\/www.borgodepazzi.com\\\/es\\\/#website\"},\"primaryImageOfPage\":{\"@id\":\"https:\\\/\\\/www.borgodepazzi.com\\\/fr\\\/negozi#primaryimage\"},\"image\":{\"@id\":\"https:\\\/\\\/www.borgodepazzi.com\\\/fr\\\/negozi#primaryimage\"},\"thumbnailUrl\":\"https:\\\/\\\/www.borgodepazzi.com\\\/wp-content\\\/uploads\\\/2020\\\/07\\\/1-e1618134385730.jpg\",\"datePublished\":\"2020-11-12T08:44:28+00:00\",\"dateModified\":\"2021-08-30T14:42:48+00:00\",\"breadcrumb\":{\"@id\":\"https:\\\/\\\/www.borgodepazzi.com\\\/fr\\\/negozi#breadcrumb\"},\"inLanguage\":\"fr-FR\",\"potentialAction\":[{\"@type\":\"ReadAction\",\"target\":[\"https:\\\/\\\/www.borgodepazzi.com\\\/fr\\\/negozi\"]}]},{\"@type\":\"ImageObject\",\"inLanguage\":\"fr-FR\",\"@id\":\"https:\\\/\\\/www.borgodepazzi.com\\\/fr\\\/negozi#primaryimage\",\"url\":\"https:\\\/\\\/www.borgodepazzi.com\\\/wp-content\\\/uploads\\\/2020\\\/07\\\/1-e1618134385730.jpg\",\"contentUrl\":\"https:\\\/\\\/www.borgodepazzi.com\\\/wp-content\\\/uploads\\\/2020\\\/07\\\/1-e1618134385730.jpg\",\"width\":2000,\"height\":1260},{\"@type\":\"BreadcrumbList\",\"@id\":\"https:\\\/\\\/www.borgodepazzi.com\\\/fr\\\/negozi#breadcrumb\",\"itemListElement\":[{\"@type\":\"ListItem\",\"position\":1,\"name\":\"Home\",\"item\":\"https:\\\/\\\/www.borgodepazzi.com\\\/es\"},{\"@type\":\"ListItem\",\"position\":2,\"name\":\"Zone r\u00e9serv\u00e9e aux magasins de laine\"}]},{\"@type\":\"WebSite\",\"@id\":\"https:\\\/\\\/www.borgodepazzi.com\\\/es\\\/#website\",\"url\":\"https:\\\/\\\/www.borgodepazzi.com\\\/es\\\/\",\"name\":\"Borgo de&#039; Pazzi - Firenze\",\"description\":\"Production et vente en gros de fils faits \u00e0 la main\",\"publisher\":{\"@id\":\"https:\\\/\\\/www.borgodepazzi.com\\\/es\\\/#organization\"},\"potentialAction\":[{\"@type\":\"SearchAction\",\"target\":{\"@type\":\"EntryPoint\",\"urlTemplate\":\"https:\\\/\\\/www.borgodepazzi.com\\\/es\\\/?s={search_term_string}\"},\"query-input\":{\"@type\":\"PropertyValueSpecification\",\"valueRequired\":true,\"valueName\":\"search_term_string\"}}],\"inLanguage\":\"fr-FR\"},{\"@type\":\"Organization\",\"@id\":\"https:\\\/\\\/www.borgodepazzi.com\\\/es\\\/#organization\",\"name\":\"Effe Elle srl\",\"url\":\"https:\\\/\\\/www.borgodepazzi.com\\\/es\\\/\",\"logo\":{\"@type\":\"ImageObject\",\"inLanguage\":\"fr-FR\",\"@id\":\"https:\\\/\\\/www.borgodepazzi.com\\\/es\\\/#\\\/schema\\\/logo\\\/image\\\/\",\"url\":\"https:\\\/\\\/www.borgodepazzi.com\\\/wp-content\\\/uploads\\\/2015\\\/12\\\/borgo2.jpg\",\"contentUrl\":\"https:\\\/\\\/www.borgodepazzi.com\\\/wp-content\\\/uploads\\\/2015\\\/12\\\/borgo2.jpg\",\"width\":729,\"height\":400,\"caption\":\"Effe Elle srl\"},\"image\":{\"@id\":\"https:\\\/\\\/www.borgodepazzi.com\\\/es\\\/#\\\/schema\\\/logo\\\/image\\\/\"},\"sameAs\":[\"https:\\\/\\\/www.facebook.com\\\/BorgoDePazziFIrenze\\\/\",\"https:\\\/\\\/x.com\\\/BorgodePazzi\",\"http:\\\/\\\/ilsigna\"]}]}<\/script>\n<!-- \/ Yoast SEO plugin. -->","yoast_head_json":{"title":"Zone r\u00e9serv\u00e9e aux magasins de laine - Borgo de&#039; Pazzi - Firenze","robots":{"index":"index","follow":"follow","max-snippet":"max-snippet:-1","max-image-preview":"max-image-preview:large","max-video-preview":"max-video-preview:-1"},"canonical":"https:\/\/www.borgodepazzi.com\/fr\/negozi","og_locale":"fr_FR","og_type":"article","og_title":"Zone r\u00e9serv\u00e9e aux magasins de laine - Borgo de&#039; Pazzi - Firenze","og_url":"https:\/\/www.borgodepazzi.com\/fr\/negozi","og_site_name":"Borgo de&#039; Pazzi - Firenze","article_publisher":"https:\/\/www.facebook.com\/BorgoDePazziFIrenze\/","article_modified_time":"2021-08-30T14:42:48+00:00","og_image":[{"width":2000,"height":1260,"url":"https:\/\/www.borgodepazzi.com\/wp-content\/uploads\/2020\/07\/1-e1618134385730.jpg","type":"image\/jpeg"}],"twitter_card":"summary_large_image","twitter_site":"@BorgodePazzi","schema":{"@context":"https:\/\/schema.org","@graph":[{"@type":"WebPage","@id":"https:\/\/www.borgodepazzi.com\/fr\/negozi","url":"https:\/\/www.borgodepazzi.com\/fr\/negozi","name":"Zone r\u00e9serv\u00e9e aux magasins de laine - Borgo de&#039; Pazzi - Firenze","isPartOf":{"@id":"https:\/\/www.borgodepazzi.com\/es\/#website"},"primaryImageOfPage":{"@id":"https:\/\/www.borgodepazzi.com\/fr\/negozi#primaryimage"},"image":{"@id":"https:\/\/www.borgodepazzi.com\/fr\/negozi#primaryimage"},"thumbnailUrl":"https:\/\/www.borgodepazzi.com\/wp-content\/uploads\/2020\/07\/1-e1618134385730.jpg","datePublished":"2020-11-12T08:44:28+00:00","dateModified":"2021-08-30T14:42:48+00:00","breadcrumb":{"@id":"https:\/\/www.borgodepazzi.com\/fr\/negozi#breadcrumb"},"inLanguage":"fr-FR","potentialAction":[{"@type":"ReadAction","target":["https:\/\/www.borgodepazzi.com\/fr\/negozi"]}]},{"@type":"ImageObject","inLanguage":"fr-FR","@id":"https:\/\/www.borgodepazzi.com\/fr\/negozi#primaryimage","url":"https:\/\/www.borgodepazzi.com\/wp-content\/uploads\/2020\/07\/1-e1618134385730.jpg","contentUrl":"https:\/\/www.borgodepazzi.com\/wp-content\/uploads\/2020\/07\/1-e1618134385730.jpg","width":2000,"height":1260},{"@type":"BreadcrumbList","@id":"https:\/\/www.borgodepazzi.com\/fr\/negozi#breadcrumb","itemListElement":[{"@type":"ListItem","position":1,"name":"Home","item":"https:\/\/www.borgodepazzi.com\/es"},{"@type":"ListItem","position":2,"name":"Zone r\u00e9serv\u00e9e aux magasins de laine"}]},{"@type":"WebSite","@id":"https:\/\/www.borgodepazzi.com\/es\/#website","url":"https:\/\/www.borgodepazzi.com\/es\/","name":"Borgo de&#039; Pazzi - Firenze","description":"Production et vente en gros de fils faits \u00e0 la main","publisher":{"@id":"https:\/\/www.borgodepazzi.com\/es\/#organization"},"potentialAction":[{"@type":"SearchAction","target":{"@type":"EntryPoint","urlTemplate":"https:\/\/www.borgodepazzi.com\/es\/?s={search_term_string}"},"query-input":{"@type":"PropertyValueSpecification","valueRequired":true,"valueName":"search_term_string"}}],"inLanguage":"fr-FR"},{"@type":"Organization","@id":"https:\/\/www.borgodepazzi.com\/es\/#organization","name":"Effe Elle srl","url":"https:\/\/www.borgodepazzi.com\/es\/","logo":{"@type":"ImageObject","inLanguage":"fr-FR","@id":"https:\/\/www.borgodepazzi.com\/es\/#\/schema\/logo\/image\/","url":"https:\/\/www.borgodepazzi.com\/wp-content\/uploads\/2015\/12\/borgo2.jpg","contentUrl":"https:\/\/www.borgodepazzi.com\/wp-content\/uploads\/2015\/12\/borgo2.jpg","width":729,"height":400,"caption":"Effe Elle srl"},"image":{"@id":"https:\/\/www.borgodepazzi.com\/es\/#\/schema\/logo\/image\/"},"sameAs":["https:\/\/www.facebook.com\/BorgoDePazziFIrenze\/","https:\/\/x.com\/BorgodePazzi","http:\/\/ilsigna"]}]}},"_links":{"self":[{"href":"https:\/\/www.borgodepazzi.com\/fr\/wp-json\/wp\/v2\/pages\/39462","targetHints":{"allow":["GET"]}}],"collection":[{"href":"https:\/\/www.borgodepazzi.com\/fr\/wp-json\/wp\/v2\/pages"}],"about":[{"href":"https:\/\/www.borgodepazzi.com\/fr\/wp-json\/wp\/v2\/types\/page"}],"author":[{"embeddable":true,"href":"https:\/\/www.borgodepazzi.com\/fr\/wp-json\/wp\/v2\/users\/1"}],"replies":[{"embeddable":true,"href":"https:\/\/www.borgodepazzi.com\/fr\/wp-json\/wp\/v2\/comments?post=39462"}],"version-history":[{"count":2,"href":"https:\/\/www.borgodepazzi.com\/fr\/wp-json\/wp\/v2\/pages\/39462\/revisions"}],"predecessor-version":[{"id":39464,"href":"https:\/\/www.borgodepazzi.com\/fr\/wp-json\/wp\/v2\/pages\/39462\/revisions\/39464"}],"wp:featuredmedia":[{"embeddable":true,"href":"https:\/\/www.borgodepazzi.com\/fr\/wp-json\/wp\/v2\/media\/39457"}],"wp:attachment":[{"href":"https:\/\/www.borgodepazzi.com\/fr\/wp-json\/wp\/v2\/media?parent=39462"}],"curies":[{"name":"wp","href":"https:\/\/api.w.org\/{rel}","templated":true}]}}