{"id":28292,"date":"2019-09-02T00:00:00","date_gmt":"2019-09-01T23:00:00","guid":{"rendered":"https:\/\/www.borgodepazzi.com\/prodotto\/hannah"},"modified":"2025-04-28T15:05:26","modified_gmt":"2025-04-28T13:05:26","slug":"hannah","status":"publish","type":"product","link":"https:\/\/www.borgodepazzi.com\/es\/producto\/hannah","title":{"rendered":"Hannah"},"content":{"rendered":"<p><strong>el precio se refiere a un paquete compuesto por 5 bolas de 50 gramos<\/strong><\/p>\n<p>&nbsp;<\/p>\n<p>Hilo retorcido muy brillante de 6 cabos, muchos colores lisos y, a partir de este a\u00f1o, en muchas variantes multicolores.<\/p>\n<p>Utilizado para una variedad de prop\u00f3sitos, apreciado por aquellos que disfrutan trabajando en chales o prendas &#8220;frescas&#8221;.<\/p>\n<p>Pero, \u00bfqu\u00e9 diferencia la viscosa normal del lyocell?<\/p>\n<p>La diferencia fundamental no es el origen de la fibra, sino el m\u00e9todo de tratamiento qu\u00edmico al que se somete la celulosa.<\/p>\n<p>El disulfuro de carbono suele utilizarse para obtener la pasta qu\u00edmica para producir viscosa.<\/p>\n<p>El proceso de producci\u00f3n es contaminante y los residuos no son totalmente reciclables.<\/p>\n<p>La viscosa lyocell no s\u00f3lo tiene caracter\u00edsticas como la transpirabilidad, la resistencia y la absorci\u00f3n de la humedad, sino tambi\u00e9n un proceso poco contaminante gracias al MNMO &#8211; \u00f3xido de metilmorfolina monohidratado, que garantiza la completa reciclabilidad del residuo, que, seg\u00fan amplios estudios, se descompone en 8 d\u00edas.<\/p>\n<aside\n\tclass=\"download-box\">\n\n\t<img loading=\"lazy\" decoding=\"async\" width=\"2560\" height=\"1707\" src=\"https:\/\/www.borgodepazzi.com\/wp-content\/uploads\/2017\/05\/Pareo4w-scaled.jpg\" class=\"attachment-full size-full wp-post-image\" alt=\"\" \/>\n\t<div\n\t\tclass=\"download-count\">9037 descargas<\/div>\n\n\t<div\n\t\tclass=\"download-box-content\">\n\n\t\t<h1>Pareo uncinetto con filato Hannah<\/h1>\n\n\t\t\t\t\t\t<a  data-e-Disable-Page-Transition=\"true\" class=\"download-link download-button\" title=\"\" href=\"https:\/\/www.borgodepazzi.com\/es\/download\/9683\/?tmstv=1777035438\" rel=\"nofollow\" id=\"download-link-9683\" data-redirect=\"false\" >\n\t\t\tDescargar archivo\t\t\t<small>EstatealmareENG-web-1.pdf\t\t\t\t&ndash; 313,50 KB<\/small>\n\t\t<\/a>\n\t\t\t<\/div>\n<\/aside>\n\n\n\n<p>Patrones y proyectos realizados con hilo Hannah en ravelry<\/p>\n<ul>\n<li><a href=\"https:\/\/www.ravelry.com\/patterns\/library\/unestate-al-mare\">Un verano<\/a> junto al mar por Veruska<\/li>\n<li><a href=\"https:\/\/www.ravelry.com\/projects\/mericci\/rockhopper\">Rockhopper<\/a> de Anna Maltz<\/li>\n<li><a href=\"https:\/\/www.ravelry.com\/projects\/anneinholland97\/despina-triangle-shawl\">Chal triangular Despina<\/a><\/li>\n<li><a href=\"https:\/\/www.ravelry.com\/projects\/anneinholland97\/grinda-shawl-mal\">Chal Grinda MAL<\/a> de Tatsiana Kupryianchyk<\/li>\n<li><a href=\"https:\/\/www.ravelry.com\/projects\/ans\/despina-shawl\">Chal Despina<\/a><\/li>\n<li><a href=\"https:\/\/www.ravelry.com\/projects\/SannekeKnits\/subtle-pink-log-cabin\">Sutil caba\u00f1a de madera rosa<\/a><\/li>\n<li><a href=\"https:\/\/www.ravelry.com\/projects\/timsie\/drijfhout\">drijfhout<\/a> de Isabell Kraemer<\/li>\n<li><a href=\"https:\/\/www.ravelry.com\/projects\/anneinholland97\/over-the-moon-shawl\">Chal Over the<\/a> Moon de Esther Dijkstra<\/li>\n<li><a href=\"https:\/\/www.ravelry.com\/projects\/Lisette88\/april\">Abril<\/a> de Isabell Kraemer<\/li>\n<li><a href=\"https:\/\/www.ravelry.com\/projects\/marzyverga\/mistyaire-2\">Mistyaire<\/a> de &#8216;Amanita&#8217; Agata Mackiewicz<\/li>\n<li><a href=\"https:\/\/www.ravelry.com\/projects\/Silverbol\/spring-garden-tee--adult-sizes\">Spring Garden Tee- Tallas de adulto<\/a> por Alana Dakos<\/li>\n<li><a href=\"https:\/\/www.ravelry.com\/projects\/ans\/bourgondisch-sjaaltje-2\">Bourgondisch <\/a>sjaaltje 2<\/li>\n<li><a href=\"https:\/\/www.ravelry.com\/projects\/Diny03\/drachenfels\">Drachenfels<\/a> por Melanie Berg<\/li>\n<li><a href=\"https:\/\/www.ravelry.com\/projects\/LaVisch\/top-for-rosalinde\">Top para Rosalinde<\/a><\/li>\n<li><a href=\"https:\/\/www.ravelry.com\/projects\/erdmuthe\/berlin-mitte---the-sweater\">Berl\u00edn Mitte &#8211; El jersey<\/a> de Claudia Eisenkolb<\/li>\n<li><a href=\"https:\/\/www.ravelry.com\/projects\/Miched\/hotel-of-bees-shawl\">Chal Hotel de las abejas<\/a><\/li>\n<li><a href=\"https:\/\/www.ravelry.com\/projects\/erkenraadje\/magical-malabrigo-scarf\">Bufanda m\u00e1gica Malabrigo<\/a> de Christine Long Derks<\/li>\n<\/ul>\n<blockquote class=\"instagram-media\" style=\"background: #FFF; border: 0; border-radius: 3px; box-shadow: 0 0 1px 0 rgba(0,0,0,0.5),0 1px 10px 0 rgba(0,0,0,0.15); margin: 1px; max-width: 540px; min-width: 326px; padding: 0; width: calc(100% - 2px);\" data-instgrm-captioned=\"\" data-instgrm-permalink=\"https:\/\/www.instagram.com\/p\/B9MDQWVILrm\/?utm_source=ig_embed&amp;utm_campaign=loading\" data-instgrm-version=\"12\">\n<div style=\"padding: 16px;\">\n<p>&nbsp;<\/p>\n<div style=\"display: flex; flex-direction: row; align-items: center;\">\n<div style=\"background-color: #f4f4f4; border-radius: 50%; flex-grow: 0; height: 40px; margin-right: 14px; width: 40px;\"><\/div>\n<div style=\"display: flex; flex-direction: column; flex-grow: 1; justify-content: center;\">\n<div style=\"background-color: #f4f4f4; border-radius: 4px; flex-grow: 0; height: 14px; margin-bottom: 6px; width: 100px;\"><\/div>\n<div style=\"background-color: #f4f4f4; border-radius: 4px; flex-grow: 0; height: 14px; width: 60px;\"><\/div>\n<\/div>\n<\/div>\n<div style=\"padding: 19% 0;\"><\/div>\n<div style=\"display: block; height: 50px; margin: 0 auto 12px; width: 50px;\"><\/div>\n<div style=\"padding-top: 8px;\">\n<div style=\"color: #3897f0; font-family: Arial,sans-serif; font-size: 14px; font-style: normal; font-weight: 550; line-height: 18px;\">Ver esta publicaci\u00f3n en Instagram<\/div>\n<\/div>\n<div style=\"padding: 12.5% 0;\"><\/div>\n<div style=\"display: flex; flex-direction: row; margin-bottom: 14px; align-items: center;\">\n<div>\n<div style=\"background-color: #f4f4f4; border-radius: 50%; height: 12.5px; width: 12.5px; transform: translateX(0px) translateY(7px);\"><\/div>\n<div style=\"background-color: #f4f4f4; height: 12.5px; transform: rotate(-45deg) translateX(3px) translateY(1px); width: 12.5px; flex-grow: 0; margin-right: 14px; margin-left: 2px;\"><\/div>\n<div style=\"background-color: #f4f4f4; border-radius: 50%; height: 12.5px; width: 12.5px; transform: translateX(9px) translateY(-18px);\"><\/div>\n<\/div>\n<div style=\"margin-left: 8px;\">\n<div style=\"background-color: #f4f4f4; border-radius: 50%; flex-grow: 0; height: 20px; width: 20px;\"><\/div>\n<div style=\"width: 0; height: 0; border-top: 2px solid transparent; border-left: 6px solid #f4f4f4; border-bottom: 2px solid transparent; transform: translateX(16px) translateY(-4px) rotate(30deg);\"><\/div>\n<\/div>\n<div style=\"margin-left: auto;\">\n<div style=\"width: 0px; border-top: 8px solid #F4F4F4; border-right: 8px solid transparent; transform: translateY(16px);\"><\/div>\n<div style=\"background-color: #f4f4f4; flex-grow: 0; height: 12px; width: 16px; transform: translateY(-4px);\"><\/div>\n<div style=\"width: 0; height: 0; border-top: 8px solid #F4F4F4; border-left: 8px solid transparent; transform: translateY(-4px) translateX(8px);\"><\/div>\n<\/div>\n<\/div>\n<p>&nbsp;<\/p>\n<p style=\"margin: 8px 0 0 0; padding: 0 4px;\"><a style=\"color: #000; font-family: Arial,sans-serif; font-size: 14px; font-style: normal; font-weight: normal; line-height: 17px; text-decoration: none; word-wrap: break-word;\" href=\"https:\/\/www.instagram.com\/p\/B9MDQWVILrm\/?utm_source=ig_embed&amp;utm_campaign=loading\" target=\"_blank\" rel=\"noopener noreferrer\">Hannah #borgodepazzi #eucalipto #ecoviscose #ecoyarn #ecoyarns #instaknit #ecoknitting #instayarn #localyarnstore #localyarnshop #hannahborgodepazzi #madeinitaly #madeinitalyarns #borgodepazzihannah #lavanda #lyocell<\/a><\/p>\n<p style=\"color: #c9c8cd; font-family: Arial,sans-serif; font-size: 14px; line-height: 17px; margin-bottom: 0; margin-top: 8px; overflow: hidden; padding: 8px 0 7px; text-align: center; text-overflow: ellipsis; white-space: nowrap;\">Una publicaci\u00f3n compartida por <a style=\"color: #c9c8cd; font-family: Arial,sans-serif; font-size: 14px; font-style: normal; font-weight: normal; line-height: 17px;\" href=\"https:\/\/www.instagram.com\/borgodepazzi\/?utm_source=ig_embed&amp;utm_campaign=loading\" target=\"_blank\" rel=\"noopener noreferrer\"> Borgo de&#8217;Pazzi Firenze<\/a> (@borgodepazzi) el <time style=\"font-family: Arial,sans-serif; font-size: 14px; line-height: 17px;\" datetime=\"2020-03-01T10:50:37+00:00\">1 de Mar de 2020 a las 2:50 PST<\/time><\/p>\n<\/div>\n<\/blockquote>\n<p><script async=\"\" src=\"\/\/www.instagram.com\/embed.js\"><\/script><\/p>\n","protected":false},"excerpt":{"rendered":"<p>el precio se refiere a un paquete compuesto por 5 bolas de 50 gramos &nbsp; Hilo retorcido muy brillante de 6 cabos, muchos colores lisos y, a partir de este a\u00f1o, en muchas variantes multicolores. Utilizado para una variedad de prop\u00f3sitos, apreciado por aquellos que disfrutan trabajando en chales o prendas &#8220;frescas&#8221;. Pero, \u00bfqu\u00e9 diferencia la viscosa normal del lyocell? La diferencia fundamental no es el origen de la fibra, sino el m\u00e9todo de tratamiento qu\u00edmico al que se somete la celulosa. El disulfuro de carbono suele utilizarse para obtener la pasta qu\u00edmica para producir viscosa. El proceso de producci\u00f3n&#8230;<\/p>\n<div class=\"more-link-wrapper\"><a class=\"more-link\" href=\"https:\/\/www.borgodepazzi.com\/es\/producto\/hannah\">Leer m\u00e1s<span class=\"screen-reader-text\">Hannah<\/span><\/a><\/div>\n","protected":false},"featured_media":75644,"comment_status":"closed","ping_status":"closed","template":"","meta":{"_monsterinsights_skip_tracking":false,"_monsterinsights_sitenote_active":false,"_monsterinsights_sitenote_note":"","_monsterinsights_sitenote_category":0,"_uf_show_specific_survey":0,"_uf_disable_surveys":false},"product_brand":[],"product_cat":[418],"product_tag":[],"class_list":{"0":"post-28292","1":"product","2":"type-product","3":"status-publish","4":"has-post-thumbnail","6":"product_cat-coleccion-de-hilos-de-verano","7":"excerpt","15":"first","16":"instock","17":"taxable","18":"shipping-taxable","19":"purchasable","20":"product-type-variable"},"yoast_head":"<!-- This site is optimized with the Yoast SEO plugin v27.4 - https:\/\/yoast.com\/product\/yoast-seo-wordpress\/ -->\n<title>Hannah - Borgo de&#039; Pazzi - Firenze<\/title>\n<meta name=\"description\" content=\"\u00bfBusca un hilo perfecto para el verano para sus prendas de punto o ganchillo? \u00a1Hannah en lyocell es la indicada para ti! Fabricado en Italia\" \/>\n<meta name=\"robots\" content=\"index, follow, max-snippet:-1, max-image-preview:large, max-video-preview:-1\" \/>\n<link rel=\"canonical\" href=\"https:\/\/www.borgodepazzi.com\/es\/producto\/hannah\" \/>\n<meta property=\"og:locale\" content=\"es_ES\" \/>\n<meta property=\"og:type\" content=\"article\" \/>\n<meta property=\"og:title\" content=\"Hannah - Borgo de&#039; Pazzi - Firenze\" \/>\n<meta property=\"og:url\" content=\"https:\/\/www.borgodepazzi.com\/es\/producto\/hannah\" \/>\n<meta property=\"og:site_name\" content=\"Borgo de&#039; Pazzi - Firenze\" \/>\n<meta property=\"article:publisher\" content=\"https:\/\/www.facebook.com\/BorgoDePazziFIrenze\/\" \/>\n<meta property=\"article:modified_time\" content=\"2025-04-28T13:05:26+00:00\" \/>\n<meta property=\"og:image\" content=\"https:\/\/www.borgodepazzi.com\/wp-content\/uploads\/2025\/03\/HANNA12w.jpg\" \/>\n\t<meta property=\"og:image:width\" content=\"1000\" \/>\n\t<meta property=\"og:image:height\" content=\"1000\" \/>\n\t<meta property=\"og:image:type\" content=\"image\/jpeg\" \/>\n<meta name=\"twitter:card\" content=\"summary_large_image\" \/>\n<meta name=\"twitter:site\" content=\"@BorgodePazzi\" \/>\n<meta name=\"twitter:label1\" content=\"Tiempo de lectura\" \/>\n\t<meta name=\"twitter:data1\" content=\"2 minutos\" \/>\n<script type=\"application\/ld+json\" class=\"yoast-schema-graph\">{\"@context\":\"https:\\\/\\\/schema.org\",\"@graph\":[{\"@type\":\"WebPage\",\"@id\":\"https:\\\/\\\/www.borgodepazzi.com\\\/es\\\/producto\\\/hannah\",\"url\":\"https:\\\/\\\/www.borgodepazzi.com\\\/es\\\/producto\\\/hannah\",\"name\":\"Hannah - Borgo de' Pazzi - Firenze\",\"isPartOf\":{\"@id\":\"https:\\\/\\\/www.borgodepazzi.com\\\/es\\\/#website\"},\"primaryImageOfPage\":{\"@id\":\"https:\\\/\\\/www.borgodepazzi.com\\\/es\\\/producto\\\/hannah#primaryimage\"},\"image\":{\"@id\":\"https:\\\/\\\/www.borgodepazzi.com\\\/es\\\/producto\\\/hannah#primaryimage\"},\"thumbnailUrl\":\"https:\\\/\\\/www.borgodepazzi.com\\\/wp-content\\\/uploads\\\/2025\\\/03\\\/HANNA12w.jpg\",\"datePublished\":\"2019-09-01T23:00:00+00:00\",\"dateModified\":\"2025-04-28T13:05:26+00:00\",\"description\":\"\u00bfBusca un hilo perfecto para el verano para sus prendas de punto o ganchillo? \u00a1Hannah en lyocell es la indicada para ti! Fabricado en Italia\",\"breadcrumb\":{\"@id\":\"https:\\\/\\\/www.borgodepazzi.com\\\/es\\\/producto\\\/hannah#breadcrumb\"},\"inLanguage\":\"es\",\"potentialAction\":[{\"@type\":\"ReadAction\",\"target\":[\"https:\\\/\\\/www.borgodepazzi.com\\\/es\\\/producto\\\/hannah\"]}]},{\"@type\":\"ImageObject\",\"inLanguage\":\"es\",\"@id\":\"https:\\\/\\\/www.borgodepazzi.com\\\/es\\\/producto\\\/hannah#primaryimage\",\"url\":\"https:\\\/\\\/www.borgodepazzi.com\\\/wp-content\\\/uploads\\\/2025\\\/03\\\/HANNA12w.jpg\",\"contentUrl\":\"https:\\\/\\\/www.borgodepazzi.com\\\/wp-content\\\/uploads\\\/2025\\\/03\\\/HANNA12w.jpg\",\"width\":1000,\"height\":1000},{\"@type\":\"BreadcrumbList\",\"@id\":\"https:\\\/\\\/www.borgodepazzi.com\\\/es\\\/producto\\\/hannah#breadcrumb\",\"itemListElement\":[{\"@type\":\"ListItem\",\"position\":1,\"name\":\"Home\",\"item\":\"https:\\\/\\\/www.borgodepazzi.com\\\/es\"},{\"@type\":\"ListItem\",\"position\":2,\"name\":\"Productos\",\"item\":\"https:\\\/\\\/www.borgodepazzi.com\\\/es\\\/tienda\"},{\"@type\":\"ListItem\",\"position\":3,\"name\":\"Hannah\"}]},{\"@type\":\"WebSite\",\"@id\":\"https:\\\/\\\/www.borgodepazzi.com\\\/es\\\/#website\",\"url\":\"https:\\\/\\\/www.borgodepazzi.com\\\/es\\\/\",\"name\":\"Borgo de' Pazzi - Firenze\",\"description\":\"Producci\u00f3n y venta al por mayor de hilos artesanales\",\"publisher\":{\"@id\":\"https:\\\/\\\/www.borgodepazzi.com\\\/es\\\/#organization\"},\"potentialAction\":[{\"@type\":\"SearchAction\",\"target\":{\"@type\":\"EntryPoint\",\"urlTemplate\":\"https:\\\/\\\/www.borgodepazzi.com\\\/es\\\/?s={search_term_string}\"},\"query-input\":{\"@type\":\"PropertyValueSpecification\",\"valueRequired\":true,\"valueName\":\"search_term_string\"}}],\"inLanguage\":\"es\"},{\"@type\":\"Organization\",\"@id\":\"https:\\\/\\\/www.borgodepazzi.com\\\/es\\\/#organization\",\"name\":\"Effe Elle srl\",\"url\":\"https:\\\/\\\/www.borgodepazzi.com\\\/es\\\/\",\"logo\":{\"@type\":\"ImageObject\",\"inLanguage\":\"es\",\"@id\":\"https:\\\/\\\/www.borgodepazzi.com\\\/es\\\/#\\\/schema\\\/logo\\\/image\\\/\",\"url\":\"https:\\\/\\\/www.borgodepazzi.com\\\/wp-content\\\/uploads\\\/2015\\\/12\\\/borgo2.jpg\",\"contentUrl\":\"https:\\\/\\\/www.borgodepazzi.com\\\/wp-content\\\/uploads\\\/2015\\\/12\\\/borgo2.jpg\",\"width\":729,\"height\":400,\"caption\":\"Effe Elle srl\"},\"image\":{\"@id\":\"https:\\\/\\\/www.borgodepazzi.com\\\/es\\\/#\\\/schema\\\/logo\\\/image\\\/\"},\"sameAs\":[\"https:\\\/\\\/www.facebook.com\\\/BorgoDePazziFIrenze\\\/\",\"https:\\\/\\\/x.com\\\/BorgodePazzi\",\"http:\\\/\\\/ilsigna\"]}]}<\/script>\n<!-- \/ Yoast SEO plugin. -->","yoast_head_json":{"title":"Hannah - Borgo de' Pazzi - Firenze","description":"\u00bfBusca un hilo perfecto para el verano para sus prendas de punto o ganchillo? \u00a1Hannah en lyocell es la indicada para ti! Fabricado en Italia","robots":{"index":"index","follow":"follow","max-snippet":"max-snippet:-1","max-image-preview":"max-image-preview:large","max-video-preview":"max-video-preview:-1"},"canonical":"https:\/\/www.borgodepazzi.com\/es\/producto\/hannah","og_locale":"es_ES","og_type":"article","og_title":"Hannah - Borgo de' Pazzi - Firenze","og_url":"https:\/\/www.borgodepazzi.com\/es\/producto\/hannah","og_site_name":"Borgo de' Pazzi - Firenze","article_publisher":"https:\/\/www.facebook.com\/BorgoDePazziFIrenze\/","article_modified_time":"2025-04-28T13:05:26+00:00","og_image":[{"width":1000,"height":1000,"url":"https:\/\/www.borgodepazzi.com\/wp-content\/uploads\/2025\/03\/HANNA12w.jpg","type":"image\/jpeg"}],"twitter_card":"summary_large_image","twitter_site":"@BorgodePazzi","twitter_misc":{"Tiempo de lectura":"2 minutos"},"schema":{"@context":"https:\/\/schema.org","@graph":[{"@type":"WebPage","@id":"https:\/\/www.borgodepazzi.com\/es\/producto\/hannah","url":"https:\/\/www.borgodepazzi.com\/es\/producto\/hannah","name":"Hannah - Borgo de' Pazzi - Firenze","isPartOf":{"@id":"https:\/\/www.borgodepazzi.com\/es\/#website"},"primaryImageOfPage":{"@id":"https:\/\/www.borgodepazzi.com\/es\/producto\/hannah#primaryimage"},"image":{"@id":"https:\/\/www.borgodepazzi.com\/es\/producto\/hannah#primaryimage"},"thumbnailUrl":"https:\/\/www.borgodepazzi.com\/wp-content\/uploads\/2025\/03\/HANNA12w.jpg","datePublished":"2019-09-01T23:00:00+00:00","dateModified":"2025-04-28T13:05:26+00:00","description":"\u00bfBusca un hilo perfecto para el verano para sus prendas de punto o ganchillo? \u00a1Hannah en lyocell es la indicada para ti! Fabricado en Italia","breadcrumb":{"@id":"https:\/\/www.borgodepazzi.com\/es\/producto\/hannah#breadcrumb"},"inLanguage":"es","potentialAction":[{"@type":"ReadAction","target":["https:\/\/www.borgodepazzi.com\/es\/producto\/hannah"]}]},{"@type":"ImageObject","inLanguage":"es","@id":"https:\/\/www.borgodepazzi.com\/es\/producto\/hannah#primaryimage","url":"https:\/\/www.borgodepazzi.com\/wp-content\/uploads\/2025\/03\/HANNA12w.jpg","contentUrl":"https:\/\/www.borgodepazzi.com\/wp-content\/uploads\/2025\/03\/HANNA12w.jpg","width":1000,"height":1000},{"@type":"BreadcrumbList","@id":"https:\/\/www.borgodepazzi.com\/es\/producto\/hannah#breadcrumb","itemListElement":[{"@type":"ListItem","position":1,"name":"Home","item":"https:\/\/www.borgodepazzi.com\/es"},{"@type":"ListItem","position":2,"name":"Productos","item":"https:\/\/www.borgodepazzi.com\/es\/tienda"},{"@type":"ListItem","position":3,"name":"Hannah"}]},{"@type":"WebSite","@id":"https:\/\/www.borgodepazzi.com\/es\/#website","url":"https:\/\/www.borgodepazzi.com\/es\/","name":"Borgo de' Pazzi - Firenze","description":"Producci\u00f3n y venta al por mayor de hilos artesanales","publisher":{"@id":"https:\/\/www.borgodepazzi.com\/es\/#organization"},"potentialAction":[{"@type":"SearchAction","target":{"@type":"EntryPoint","urlTemplate":"https:\/\/www.borgodepazzi.com\/es\/?s={search_term_string}"},"query-input":{"@type":"PropertyValueSpecification","valueRequired":true,"valueName":"search_term_string"}}],"inLanguage":"es"},{"@type":"Organization","@id":"https:\/\/www.borgodepazzi.com\/es\/#organization","name":"Effe Elle srl","url":"https:\/\/www.borgodepazzi.com\/es\/","logo":{"@type":"ImageObject","inLanguage":"es","@id":"https:\/\/www.borgodepazzi.com\/es\/#\/schema\/logo\/image\/","url":"https:\/\/www.borgodepazzi.com\/wp-content\/uploads\/2015\/12\/borgo2.jpg","contentUrl":"https:\/\/www.borgodepazzi.com\/wp-content\/uploads\/2015\/12\/borgo2.jpg","width":729,"height":400,"caption":"Effe Elle srl"},"image":{"@id":"https:\/\/www.borgodepazzi.com\/es\/#\/schema\/logo\/image\/"},"sameAs":["https:\/\/www.facebook.com\/BorgoDePazziFIrenze\/","https:\/\/x.com\/BorgodePazzi","http:\/\/ilsigna"]}]}},"_links":{"self":[{"href":"https:\/\/www.borgodepazzi.com\/es\/wp-json\/wp\/v2\/product\/28292","targetHints":{"allow":["GET"]}}],"collection":[{"href":"https:\/\/www.borgodepazzi.com\/es\/wp-json\/wp\/v2\/product"}],"about":[{"href":"https:\/\/www.borgodepazzi.com\/es\/wp-json\/wp\/v2\/types\/product"}],"replies":[{"embeddable":true,"href":"https:\/\/www.borgodepazzi.com\/es\/wp-json\/wp\/v2\/comments?post=28292"}],"wp:featuredmedia":[{"embeddable":true,"href":"https:\/\/www.borgodepazzi.com\/es\/wp-json\/wp\/v2\/media\/75644"}],"wp:attachment":[{"href":"https:\/\/www.borgodepazzi.com\/es\/wp-json\/wp\/v2\/media?parent=28292"}],"wp:term":[{"taxonomy":"product_brand","embeddable":true,"href":"https:\/\/www.borgodepazzi.com\/es\/wp-json\/wp\/v2\/product_brand?post=28292"},{"taxonomy":"product_cat","embeddable":true,"href":"https:\/\/www.borgodepazzi.com\/es\/wp-json\/wp\/v2\/product_cat?post=28292"},{"taxonomy":"product_tag","embeddable":true,"href":"https:\/\/www.borgodepazzi.com\/es\/wp-json\/wp\/v2\/product_tag?post=28292"}],"curies":[{"name":"wp","href":"https:\/\/api.w.org\/{rel}","templated":true}]}}