{"id":46411,"date":"2022-05-19T10:37:04","date_gmt":"2022-05-19T09:37:04","guid":{"rendered":"https:\/\/www.borgodepazzi.com\/dichiarazione-sulla-privacy-ue"},"modified":"2022-05-19T10:37:04","modified_gmt":"2022-05-19T09:37:04","slug":"dichiarazione-sulla-privacy-ue","status":"publish","type":"page","link":"https:\/\/www.borgodepazzi.com\/es\/dichiarazione-sulla-privacy-ue","title":{"rendered":"Dichiarazione sulla Privacy (UE)"},"content":{"rendered":"\n<!-- Legal document generated by Complianz | GDPR\/CCPA Cookie Consent https:\/\/wordpress.org\/plugins\/complianz-gdpr -->\n<div id=\"cmplz-document\" class=\"cmplz-document privacy-statement cmplz-document-eu\"><p><i>Esta declaraci\u00f3n de privacidad se actualiz\u00f3 por \u00faltima vez el 19 de mayo de 2022 y se aplica a los ciudadanos y residentes legales permanentes del Espacio Econ\u00f3mico Europeo y Suiza.<\/i><br \/><br \/><\/p><p><p>En esta declaraci\u00f3n de privacidad, explicamos lo que hacemos con los datos que obtenemos sobre usted a trav\u00e9s de <a href=\"https:\/\/www.borgodepazzi.com\/es\">https:\/\/www.borgodepazzi.com\/es<\/a>. Le recomendamos que lea atentamente esta declaraci\u00f3n. En nuestro tratamiento cumplimos con los requisitos de la legislaci\u00f3n sobre privacidad. Esto significa, entre otras cosas, que:<\/p><ul>\n                <li>indicamos claramente los fines para los que procesamos los datos personales. Hacemos esto por medio de esta declaraci\u00f3n de privacidad.<\/li>\n                <li>nos proponemos limitar nuestra recopilaci\u00f3n de datos personales a los datos personales necesarios para fines leg\u00edtimos;<\/li>\n                <li>en primer lugar, solicitamos su consentimiento expl\u00edcito para el tratamiento de sus datos personales en los casos en que sea necesario.<\/li>\n                <li>tomamos las medidas de seguridad adecuadas para proteger sus datos personales y tambi\u00e9n lo exigimos a las partes que procesan datos personales en nuestro nombre;<\/li>\n                <li>respetamos su derecho a acceder, rectificar o cancelar sus datos personales previa solicitud.<\/li>\n            <\/ul><p>Si tiene alguna pregunta o quiere saber exactamente qu\u00e9 datos guardamos de usted, p\u00f3ngase en contacto con nosotros.<\/p><\/p><h2>1. Prop\u00f3sito, datos y periodo de retenci\u00f3n<\/h2>Podemos recopilar o recibir informaci\u00f3n personal para un n\u00famero de prop\u00f3sitos relacionados con nuestras operaciones comerciales, que pueden incluir lo siguiente: (haga clic para expandir) <details class=\"cmplz-dropdown dropdown-privacy-statement\"><summary><div><h3>1.1 Para dar soporte a servicios o productos que un cliente quiere comprar o ha comprado<\/h3><\/div><\/summary><p class=\"cmplz-subtitle\">Para ello utilizamos los siguientes datos:<\/p><p><ul><li>Una direcci\u00f3n de correo electr\u00f3nico<\/li><li>Un n\u00famero de tel\u00e9fono<\/li><\/ul><\/p><p class=\"cmplz-subtitle\">La base sobre la que podemos procesar estos datos es:<\/p><p><a target=\"_blank\" rel=\"noopener noreferrer nofollow\" href=\"https:\/\/cookiedatabase.org\/legal-bases\/#consent\">Tras la prestaci\u00f3n del consentimiento. <\/a><\/p><p class=\"cmplz-subtitle\">Per\u00edodo de retenci\u00f3n<\/p><p>Retendremos estos datos hasta que el servicio sea cancelado.<\/p><\/details><h2>2. Cookies<\/h2><p>Nuestra web utiliza cookies. Para m\u00e1s informaci\u00f3n acerca de las cookies, por favor consulte nuestra <a href=\"https:\/\/www.borgodepazzi.com\/es\/cookie-policy-ue\">Pol\u00edtica de cookies<\/a>.&nbsp;<\/p><h2>3. Pr\u00e1cticas de divulgaci\u00f3n<\/h2><p><p>Divulgamos informaci\u00f3n personal si nos lo exige la ley o una orden judicial, en respuesta a un organismo encargado de hacer cumplir la ley, en la medida en que lo permitan otras disposiciones legales, para proporcionar informaci\u00f3n o para una investigaci\u00f3n sobre un asunto relacionado con la seguridad p\u00fablica.<\/p><p>Si nuestro sitio web o nuestra organizaci\u00f3n son adquiridos, vendidos o participan en una fusi\u00f3n o adquisici\u00f3n, sus datos podr\u00e1n ser revelados a nuestros asesores y a los posibles compradores, y se transmitir\u00e1n a los nuevos propietarios.<\/p><\/p><p>Google no puede utilizar los datos para otros servicios de Google.<\/p><h2>4. Seguridad<\/h2><p>Estamos comprometidos con la seguridad de los datos personales. Tomamos las medidas de seguridad adecuadas para limitar el abuso y el acceso no autorizado a los datos personales. Esto asegura que s\u00f3lo las personas necesarias tengan acceso a sus datos, que el acceso a los datos est\u00e9 protegido y que nuestras medidas de seguridad sean revisadas regularmente.<\/p><h2>5. Webs de terceros<\/h2><p>Esta declaraci\u00f3n de privacidad no se aplica a las webs de terceros conectados mediante enlaces en nuestra web. No podemos garantizar que estas terceras partes manejen sus datos personales de forma fiable o segura. Le recomendamos que lea las declaraciones de privacidad de estas webs antes de utilizarlos.<\/p><h2>6. Modificaciones de esta declaraci\u00f3n de privacidad<\/h2><p>Nos reservamos el derecho de hacer enmiendas a esta declaraci\u00f3n de privacidad. Se recomienda que consulte esta declaraci\u00f3n de privacidad regularmente para estar al tanto de cualquier cambio. Adem\u00e1s, le informaremos activamente siempre que sea posible.<\/p><h2>7. Acceso y modificaci\u00f3n de sus datos<\/h2><p>Si tiene alguna pregunta o desea saber qu\u00e9 datos personales tenemos sobre usted, p\u00f3ngase en contacto con nosotros. Puede ponerse en contacto con nosotros utilizando la siguiente informaci\u00f3n. Usted tiene los siguientes derechos:<\/p><ul>\n                <li>Usted tiene derecho a saber por qu\u00e9 se necesitan sus datos personales, qu\u00e9 pasar\u00e1 con ellos y durante cu\u00e1nto tiempo se conservar\u00e1n.<\/li>\n                <li>Derecho de acceso: Tiene derecho a acceder a los datos personales que conocemos sobre usted.<\/li>\n                <li>Derecho de rectificaci\u00f3n: tiene derecho a completar, rectificar, borrar o bloquear sus datos personales cuando lo desee.<\/li>\n                <li>Si usted nos da su consentimiento para procesar sus datos, tiene derecho a revocar dicho consentimiento y a que se eliminen sus datos personales.<\/li>\n                <li>Derecho de cesi\u00f3n de sus datos: tiene derecho a solicitar todos sus datos personales al responsable y a transferirlos \u00edntegramente a otro responsable del tratamiento de datos.<\/li>\n                <li>Derecho de oposici\u00f3n: usted puede oponerse al tratamiento de sus datos. Nosotros cumplimos con esto, a menos que existan motivos justificados para el tratamiento.<\/li>\n            <\/ul><p>Por favor, aseg\u00farese de indicar siempre claramente qui\u00e9n es usted, para que podamos estar seguros de que no modificamos o eliminamos ning\u00fan dato de la persona equivocada.<\/p><h2>8. Enviando una reclamaci\u00f3n<\/h2><p>Si no est\u00e1 satisfecho con la forma en que tratamos o procesamos sus datos personales, tiene derecho a presentar una queja a la Autoridad de protecci\u00f3n de datos.<\/p><h2>9. Datos de contacto<\/h2><p>Effe Elle srl<br \/>\n        Piazza Oglio 49 <br \/>\r\n59013 MOntemurlo<br \/>\n        Italia<br \/>\n        Web: <a href=\"https:\/\/www.borgodepazzi.com\/es\">https:\/\/www.borgodepazzi.com\/es<\/a> <br \/>\n        Correo electr\u00f3nico: <span class=\"cmplz-obfuscate\">in&#102;o@<span class=\"cmplz-fmail-domain\">e&#120;.&#099;om<\/span>ef&#102;&#101;&#101;&#108;&#108;e.&#105;&#116;<\/span> <br \/>\n        N\u00famero de tel\u00e9fono: +390574754198<\/p><\/div>","protected":false},"excerpt":{"rendered":"","protected":false},"author":1,"featured_media":0,"parent":0,"menu_order":0,"comment_status":"closed","ping_status":"closed","template":"","meta":{"_monsterinsights_skip_tracking":false,"_monsterinsights_sitenote_active":false,"_monsterinsights_sitenote_note":"","_monsterinsights_sitenote_category":0,"_uf_show_specific_survey":0,"_uf_disable_surveys":false,"footnotes":""},"class_list":["post-46411","page","type-page","status-publish","hentry","excerpt"],"yoast_head":"<!-- This site is optimized with the Yoast SEO plugin v27.4 - https:\/\/yoast.com\/product\/yoast-seo-wordpress\/ -->\n<title>Dichiarazione sulla Privacy (UE) - Borgo de&#039; Pazzi - Firenze<\/title>\n<meta name=\"robots\" content=\"index, follow, max-snippet:-1, max-image-preview:large, max-video-preview:-1\" \/>\n<link rel=\"canonical\" href=\"https:\/\/www.borgodepazzi.com\/es\/dichiarazione-sulla-privacy-ue\" \/>\n<meta property=\"og:locale\" content=\"es_ES\" \/>\n<meta property=\"og:type\" content=\"article\" \/>\n<meta property=\"og:title\" content=\"Dichiarazione sulla Privacy (UE) - Borgo de&#039; Pazzi - Firenze\" \/>\n<meta property=\"og:url\" content=\"https:\/\/www.borgodepazzi.com\/es\/dichiarazione-sulla-privacy-ue\" \/>\n<meta property=\"og:site_name\" content=\"Borgo de&#039; Pazzi - Firenze\" \/>\n<meta property=\"article:publisher\" content=\"https:\/\/www.facebook.com\/BorgoDePazziFIrenze\/\" \/>\n<meta property=\"og:image\" content=\"https:\/\/www.borgodepazzi.com\/wp-content\/uploads\/2012\/05\/BORGO-DE-PAZZI-logo.jpg\" \/>\n\t<meta property=\"og:image:width\" content=\"1668\" \/>\n\t<meta property=\"og:image:height\" content=\"713\" \/>\n\t<meta property=\"og:image:type\" content=\"image\/jpeg\" \/>\n<meta name=\"twitter:card\" content=\"summary_large_image\" \/>\n<meta name=\"twitter:site\" content=\"@BorgodePazzi\" \/>\n<script type=\"application\/ld+json\" class=\"yoast-schema-graph\">{\"@context\":\"https:\\\/\\\/schema.org\",\"@graph\":[{\"@type\":\"WebPage\",\"@id\":\"https:\\\/\\\/www.borgodepazzi.com\\\/es\\\/dichiarazione-sulla-privacy-ue\",\"url\":\"https:\\\/\\\/www.borgodepazzi.com\\\/es\\\/dichiarazione-sulla-privacy-ue\",\"name\":\"Dichiarazione sulla Privacy (UE) - Borgo de' Pazzi - Firenze\",\"isPartOf\":{\"@id\":\"https:\\\/\\\/www.borgodepazzi.com\\\/es\\\/#website\"},\"datePublished\":\"2022-05-19T09:37:04+00:00\",\"breadcrumb\":{\"@id\":\"https:\\\/\\\/www.borgodepazzi.com\\\/es\\\/dichiarazione-sulla-privacy-ue#breadcrumb\"},\"inLanguage\":\"es\",\"potentialAction\":[{\"@type\":\"ReadAction\",\"target\":[\"https:\\\/\\\/www.borgodepazzi.com\\\/es\\\/dichiarazione-sulla-privacy-ue\"]}]},{\"@type\":\"BreadcrumbList\",\"@id\":\"https:\\\/\\\/www.borgodepazzi.com\\\/es\\\/dichiarazione-sulla-privacy-ue#breadcrumb\",\"itemListElement\":[{\"@type\":\"ListItem\",\"position\":1,\"name\":\"Home\",\"item\":\"https:\\\/\\\/www.borgodepazzi.com\\\/es\"},{\"@type\":\"ListItem\",\"position\":2,\"name\":\"Dichiarazione sulla Privacy (UE)\"}]},{\"@type\":\"WebSite\",\"@id\":\"https:\\\/\\\/www.borgodepazzi.com\\\/es\\\/#website\",\"url\":\"https:\\\/\\\/www.borgodepazzi.com\\\/es\\\/\",\"name\":\"Borgo de' Pazzi - Firenze\",\"description\":\"Producci\u00f3n y venta al por mayor de hilos artesanales\",\"publisher\":{\"@id\":\"https:\\\/\\\/www.borgodepazzi.com\\\/es\\\/#organization\"},\"potentialAction\":[{\"@type\":\"SearchAction\",\"target\":{\"@type\":\"EntryPoint\",\"urlTemplate\":\"https:\\\/\\\/www.borgodepazzi.com\\\/es\\\/?s={search_term_string}\"},\"query-input\":{\"@type\":\"PropertyValueSpecification\",\"valueRequired\":true,\"valueName\":\"search_term_string\"}}],\"inLanguage\":\"es\"},{\"@type\":\"Organization\",\"@id\":\"https:\\\/\\\/www.borgodepazzi.com\\\/es\\\/#organization\",\"name\":\"Effe Elle srl\",\"url\":\"https:\\\/\\\/www.borgodepazzi.com\\\/es\\\/\",\"logo\":{\"@type\":\"ImageObject\",\"inLanguage\":\"es\",\"@id\":\"https:\\\/\\\/www.borgodepazzi.com\\\/es\\\/#\\\/schema\\\/logo\\\/image\\\/\",\"url\":\"https:\\\/\\\/www.borgodepazzi.com\\\/wp-content\\\/uploads\\\/2015\\\/12\\\/borgo2.jpg\",\"contentUrl\":\"https:\\\/\\\/www.borgodepazzi.com\\\/wp-content\\\/uploads\\\/2015\\\/12\\\/borgo2.jpg\",\"width\":729,\"height\":400,\"caption\":\"Effe Elle srl\"},\"image\":{\"@id\":\"https:\\\/\\\/www.borgodepazzi.com\\\/es\\\/#\\\/schema\\\/logo\\\/image\\\/\"},\"sameAs\":[\"https:\\\/\\\/www.facebook.com\\\/BorgoDePazziFIrenze\\\/\",\"https:\\\/\\\/x.com\\\/BorgodePazzi\",\"http:\\\/\\\/ilsigna\"]}]}<\/script>\n<!-- \/ Yoast SEO plugin. -->","yoast_head_json":{"title":"Dichiarazione sulla Privacy (UE) - Borgo de' Pazzi - Firenze","robots":{"index":"index","follow":"follow","max-snippet":"max-snippet:-1","max-image-preview":"max-image-preview:large","max-video-preview":"max-video-preview:-1"},"canonical":"https:\/\/www.borgodepazzi.com\/es\/dichiarazione-sulla-privacy-ue","og_locale":"es_ES","og_type":"article","og_title":"Dichiarazione sulla Privacy (UE) - Borgo de' Pazzi - Firenze","og_url":"https:\/\/www.borgodepazzi.com\/es\/dichiarazione-sulla-privacy-ue","og_site_name":"Borgo de' Pazzi - Firenze","article_publisher":"https:\/\/www.facebook.com\/BorgoDePazziFIrenze\/","og_image":[{"width":1668,"height":713,"url":"https:\/\/www.borgodepazzi.com\/wp-content\/uploads\/2012\/05\/BORGO-DE-PAZZI-logo.jpg","type":"image\/jpeg"}],"twitter_card":"summary_large_image","twitter_site":"@BorgodePazzi","schema":{"@context":"https:\/\/schema.org","@graph":[{"@type":"WebPage","@id":"https:\/\/www.borgodepazzi.com\/es\/dichiarazione-sulla-privacy-ue","url":"https:\/\/www.borgodepazzi.com\/es\/dichiarazione-sulla-privacy-ue","name":"Dichiarazione sulla Privacy (UE) - Borgo de' Pazzi - Firenze","isPartOf":{"@id":"https:\/\/www.borgodepazzi.com\/es\/#website"},"datePublished":"2022-05-19T09:37:04+00:00","breadcrumb":{"@id":"https:\/\/www.borgodepazzi.com\/es\/dichiarazione-sulla-privacy-ue#breadcrumb"},"inLanguage":"es","potentialAction":[{"@type":"ReadAction","target":["https:\/\/www.borgodepazzi.com\/es\/dichiarazione-sulla-privacy-ue"]}]},{"@type":"BreadcrumbList","@id":"https:\/\/www.borgodepazzi.com\/es\/dichiarazione-sulla-privacy-ue#breadcrumb","itemListElement":[{"@type":"ListItem","position":1,"name":"Home","item":"https:\/\/www.borgodepazzi.com\/es"},{"@type":"ListItem","position":2,"name":"Dichiarazione sulla Privacy (UE)"}]},{"@type":"WebSite","@id":"https:\/\/www.borgodepazzi.com\/es\/#website","url":"https:\/\/www.borgodepazzi.com\/es\/","name":"Borgo de' Pazzi - Firenze","description":"Producci\u00f3n y venta al por mayor de hilos artesanales","publisher":{"@id":"https:\/\/www.borgodepazzi.com\/es\/#organization"},"potentialAction":[{"@type":"SearchAction","target":{"@type":"EntryPoint","urlTemplate":"https:\/\/www.borgodepazzi.com\/es\/?s={search_term_string}"},"query-input":{"@type":"PropertyValueSpecification","valueRequired":true,"valueName":"search_term_string"}}],"inLanguage":"es"},{"@type":"Organization","@id":"https:\/\/www.borgodepazzi.com\/es\/#organization","name":"Effe Elle srl","url":"https:\/\/www.borgodepazzi.com\/es\/","logo":{"@type":"ImageObject","inLanguage":"es","@id":"https:\/\/www.borgodepazzi.com\/es\/#\/schema\/logo\/image\/","url":"https:\/\/www.borgodepazzi.com\/wp-content\/uploads\/2015\/12\/borgo2.jpg","contentUrl":"https:\/\/www.borgodepazzi.com\/wp-content\/uploads\/2015\/12\/borgo2.jpg","width":729,"height":400,"caption":"Effe Elle srl"},"image":{"@id":"https:\/\/www.borgodepazzi.com\/es\/#\/schema\/logo\/image\/"},"sameAs":["https:\/\/www.facebook.com\/BorgoDePazziFIrenze\/","https:\/\/x.com\/BorgodePazzi","http:\/\/ilsigna"]}]}},"_links":{"self":[{"href":"https:\/\/www.borgodepazzi.com\/es\/wp-json\/wp\/v2\/pages\/46411","targetHints":{"allow":["GET"]}}],"collection":[{"href":"https:\/\/www.borgodepazzi.com\/es\/wp-json\/wp\/v2\/pages"}],"about":[{"href":"https:\/\/www.borgodepazzi.com\/es\/wp-json\/wp\/v2\/types\/page"}],"author":[{"embeddable":true,"href":"https:\/\/www.borgodepazzi.com\/es\/wp-json\/wp\/v2\/users\/1"}],"replies":[{"embeddable":true,"href":"https:\/\/www.borgodepazzi.com\/es\/wp-json\/wp\/v2\/comments?post=46411"}],"version-history":[{"count":0,"href":"https:\/\/www.borgodepazzi.com\/es\/wp-json\/wp\/v2\/pages\/46411\/revisions"}],"wp:attachment":[{"href":"https:\/\/www.borgodepazzi.com\/es\/wp-json\/wp\/v2\/media?parent=46411"}],"curies":[{"name":"wp","href":"https:\/\/api.w.org\/{rel}","templated":true}]}}