{"id":52744,"date":"2023-02-28T13:49:09","date_gmt":"2023-07-10T20:45:37","guid":{"rendered":"https:\/\/www.borgodepazzi.com\/prodotto\/dragon"},"modified":"2023-07-14T10:14:33","modified_gmt":"2023-07-14T09:14:33","slug":"dragon","status":"publish","type":"product","link":"https:\/\/www.borgodepazzi.com\/en\/product\/dragon","title":{"rendered":"Drago"},"content":{"rendered":"<p><iframe loading=\"lazy\" title=\"TUTORIAL BORSA CHERIE ALL&#039;UNCINETTO || EASY CROCHET BAG \ud83c\udf3b Mom\u00ec&#039;s \ud83c\udf3b\" width=\"500\" height=\"281\" src=\"https:\/\/www.youtube.com\/embed\/wfpqKYrefQI?feature=oembed\" frameborder=\"0\" allow=\"accelerometer; autoplay; clipboard-write; encrypted-media; gyroscope; picture-in-picture; web-share\" referrerpolicy=\"strict-origin-when-cross-origin\" allowfullscreen><\/iframe><\/p>\n<p>&nbsp;<\/p>\n<p>Nuovissimo filato con il lurex perfetto per ogni uso.<\/p>\n<p>Ideale per borse eleganti ma morbido anche per l&#8217;utilizzo ai ferri .<\/p>\n<figure id=\"attachment_50212\" aria-describedby=\"caption-attachment-50212\" style=\"width: 300px\" class=\"wp-caption alignnone\"><img loading=\"lazy\" decoding=\"async\" class=\"size-medium wp-image-50210\" src=\"https:\/\/www.borgodepazzi.com\/wp-content\/uploads\/2023\/02\/amore-drago-3-300x300.jpg\" alt=\"Istruzioni per la lavorazone del filato Drago\" width=\"300\" height=\"300\" srcset=\"https:\/\/www.borgodepazzi.com\/wp-content\/uploads\/2023\/02\/amore-drago-3-300x300.jpg 300w, https:\/\/www.borgodepazzi.com\/wp-content\/uploads\/2023\/02\/amore-drago-3-150x150.jpg 150w, https:\/\/www.borgodepazzi.com\/wp-content\/uploads\/2023\/02\/amore-drago-3-100x100.jpg 100w, https:\/\/www.borgodepazzi.com\/wp-content\/uploads\/2023\/02\/amore-drago-3.jpg 415w\" sizes=\"auto, (max-width: 300px) 100vw, 300px\" \/><figcaption id=\"caption-attachment-50212\" class=\"wp-caption-text\">Istruzioni per la lavorazone del filato Drago<\/figcaption><\/figure>\n<p>Sei pronto per scoprire un mondo di creativit\u00e0 e brillantezza?<\/p>\n<p>Preparati a immergerti nel magico mondo dei filati!<\/p>\n<p>Se sei alla ricerca di un tocco lussuoso per le tue creazioni, il filo dorato per decorazioni \u00e8 la scelta perfetta. Con la sua lucentezza incantevole, potrai aggiungere un tocco di eleganza a qualsiasi progetto. Immagina solo quanto splendore potresti ottenere con fili argento e dorati intrecciati insieme, creando una combinazione irresistibile.<\/p>\n<p>Se invece vuoi unire calore e stile, la lana con lurex \u00e8 ci\u00f2 di cui hai bisogno. Questo filo incantevole con riflessi metallici cattura la luce in modo magico, regalando un effetto glamour a sciarpe, cappelli e vestiti. Perch\u00e9 non provare ad aggiungere un tocco di filo oro per ricamo su un berretto di lana con lurex? Il risultato sar\u00e0 un accessorio unico e affascinante.<\/p>\n<p>E se vuoi dare un tocco di raffinatezza a un progetto di uncinetto, il filo lurex e argento per uncinetto \u00e8 un must. Con la sua brillantezza sottile, doner\u00e0 un&#8217;aura sofisticata ai tuoi lavori all&#8217;uncinetto. In alternativa, il cotone oro per uncinetto porter\u00e0 un tocco di ricercatezza ai tuoi amigurumi o ad altri progetti di uncinetto.<\/p>\n<p>Ma non dimentichiamoci del periodo natalizio! Il filo argentato natalizio sar\u00e0 il tuo compagno perfetto per creare decorazioni incantevoli per l&#8217;albero di Natale. Che ne dici di realizzare piccoli fiocchi argentati o stelle lucenti per rendere l&#8217;atmosfera natalizia ancora pi\u00f9 magica?<\/p>\n<p>E ora, lasciati tentare da qualcosa di dolce! Il cordoncino oro, con la sua lucentezza dorata, pu\u00f2 essere utilizzato per abbellire con grazia i tuoi pacchetti regalo. E se vuoi aggiungere un tocco di fantasia, prova ad arricchire i tuoi progetti con fili dorati di zucchero filato pronto.<\/p>\n<p>Infine, per un tocco di glamour senza tempo, non puoi fare a meno del filo oro e della lana glitterata. Questi filati scintillanti cattureranno l&#8217;attenzione di tutti, sia che tu stia creando abiti da sera o accessori brillanti.<\/p>\n<p>Ora che hai esplorato le meraviglie di questi filati, lascia che la tua creativit\u00e0 prenda il volo e sperimenta nuovi modi per utilizzare fili dorati, argentati, lurex e altri materiali preziosi nelle tue creazioni. Che tu sia un esperto artigiano o un principiante curioso, il fascino dei filati non potr\u00e0 che affascinarti.<\/p>\n<p>Buon lavoro!<\/p>\n<p>&nbsp;<\/p>\n","protected":false},"excerpt":{"rendered":"<p>The price refers to a pack of 10 balls of 50 grams<\/p>\n<p>&nbsp;<\/p>\n<div class=\"more-link-wrapper\"><a class=\"more-link\" href=\"https:\/\/www.borgodepazzi.com\/en\/product\/dragon\">Read More<span class=\"screen-reader-text\">Drago<\/span><\/a><\/div>\n","protected":false},"featured_media":50506,"comment_status":"closed","ping_status":"closed","template":"","meta":{"_monsterinsights_skip_tracking":false,"_monsterinsights_sitenote_active":false,"_monsterinsights_sitenote_note":"","_monsterinsights_sitenote_category":0,"_uf_show_specific_survey":0,"_uf_disable_surveys":false},"product_brand":[],"product_cat":[417],"product_tag":[],"class_list":{"0":"post-52744","1":"product","2":"type-product","3":"status-publish","4":"has-post-thumbnail","6":"product_cat-summer-yarns-collections","7":"excerpt","15":"first","16":"instock","17":"taxable","18":"shipping-taxable","19":"purchasable","20":"product-type-variable"},"yoast_head":"<!-- This site is optimized with the Yoast SEO plugin v27.4 - https:\/\/yoast.com\/product\/yoast-seo-wordpress\/ -->\n<title>Fettuccina Drago Borgo de&#039; Pazzi Florence<\/title>\n<meta name=\"description\" content=\"Beautiful gold or silver multipurpose webbing for your creative needlework or crochet products made in Italy\" \/>\n<meta name=\"robots\" content=\"index, follow, max-snippet:-1, max-image-preview:large, max-video-preview:-1\" \/>\n<link rel=\"canonical\" href=\"https:\/\/www.borgodepazzi.com\/en\/product\/dragon\" \/>\n<meta property=\"og:locale\" content=\"en_US\" \/>\n<meta property=\"og:type\" content=\"article\" \/>\n<meta property=\"og:title\" content=\"Fettuccina Drago Borgo de&#039; Pazzi Florence\" \/>\n<meta property=\"og:url\" content=\"https:\/\/www.borgodepazzi.com\/en\/product\/dragon\" \/>\n<meta property=\"og:site_name\" content=\"Borgo de&#039; Pazzi - Firenze\" \/>\n<meta property=\"article:publisher\" content=\"https:\/\/www.facebook.com\/BorgoDePazziFIrenze\/\" \/>\n<meta property=\"article:modified_time\" content=\"2023-07-14T09:14:33+00:00\" \/>\n<meta property=\"og:image\" content=\"https:\/\/www.borgodepazzi.com\/wp-content\/uploads\/2023\/02\/Cherie-Bag-4_5-Social_5.jpg\" \/>\n\t<meta property=\"og:image:width\" content=\"1080\" \/>\n\t<meta property=\"og:image:height\" content=\"1350\" \/>\n\t<meta property=\"og:image:type\" content=\"image\/jpeg\" \/>\n<meta name=\"twitter:card\" content=\"summary_large_image\" \/>\n<meta name=\"twitter:site\" content=\"@BorgodePazzi\" \/>\n<meta name=\"twitter:label1\" content=\"Est. reading time\" \/>\n\t<meta name=\"twitter:data1\" content=\"2 minutes\" \/>\n<script type=\"application\/ld+json\" class=\"yoast-schema-graph\">{\"@context\":\"https:\\\/\\\/schema.org\",\"@graph\":[{\"@type\":\"WebPage\",\"@id\":\"https:\\\/\\\/www.borgodepazzi.com\\\/en\\\/product\\\/dragon\",\"url\":\"https:\\\/\\\/www.borgodepazzi.com\\\/en\\\/product\\\/dragon\",\"name\":\"Fettuccina Drago Borgo de' Pazzi Florence\",\"isPartOf\":{\"@id\":\"https:\\\/\\\/www.borgodepazzi.com\\\/es\\\/#website\"},\"primaryImageOfPage\":{\"@id\":\"https:\\\/\\\/www.borgodepazzi.com\\\/en\\\/product\\\/dragon#primaryimage\"},\"image\":{\"@id\":\"https:\\\/\\\/www.borgodepazzi.com\\\/en\\\/product\\\/dragon#primaryimage\"},\"thumbnailUrl\":\"https:\\\/\\\/www.borgodepazzi.com\\\/wp-content\\\/uploads\\\/2023\\\/02\\\/AM-DRAGOaW.png\",\"datePublished\":\"2023-07-10T20:45:37+00:00\",\"dateModified\":\"2023-07-14T09:14:33+00:00\",\"description\":\"Beautiful gold or silver multipurpose webbing for your creative needlework or crochet products made in Italy\",\"breadcrumb\":{\"@id\":\"https:\\\/\\\/www.borgodepazzi.com\\\/en\\\/product\\\/dragon#breadcrumb\"},\"inLanguage\":\"en-US\",\"potentialAction\":[{\"@type\":\"ReadAction\",\"target\":[\"https:\\\/\\\/www.borgodepazzi.com\\\/en\\\/product\\\/dragon\"]}]},{\"@type\":\"ImageObject\",\"inLanguage\":\"en-US\",\"@id\":\"https:\\\/\\\/www.borgodepazzi.com\\\/en\\\/product\\\/dragon#primaryimage\",\"url\":\"https:\\\/\\\/www.borgodepazzi.com\\\/wp-content\\\/uploads\\\/2023\\\/02\\\/AM-DRAGOaW.png\",\"contentUrl\":\"https:\\\/\\\/www.borgodepazzi.com\\\/wp-content\\\/uploads\\\/2023\\\/02\\\/AM-DRAGOaW.png\",\"width\":1000,\"height\":1000},{\"@type\":\"BreadcrumbList\",\"@id\":\"https:\\\/\\\/www.borgodepazzi.com\\\/en\\\/product\\\/dragon#breadcrumb\",\"itemListElement\":[{\"@type\":\"ListItem\",\"position\":1,\"name\":\"Home\",\"item\":\"https:\\\/\\\/www.borgodepazzi.com\\\/es\"},{\"@type\":\"ListItem\",\"position\":2,\"name\":\"Productos\",\"item\":\"https:\\\/\\\/www.borgodepazzi.com\\\/es\\\/tienda\"},{\"@type\":\"ListItem\",\"position\":3,\"name\":\"Drago\"}]},{\"@type\":\"WebSite\",\"@id\":\"https:\\\/\\\/www.borgodepazzi.com\\\/es\\\/#website\",\"url\":\"https:\\\/\\\/www.borgodepazzi.com\\\/es\\\/\",\"name\":\"Borgo de' Pazzi - Firenze\",\"description\":\"Production and wholesale of handmade yarns\",\"publisher\":{\"@id\":\"https:\\\/\\\/www.borgodepazzi.com\\\/es\\\/#organization\"},\"potentialAction\":[{\"@type\":\"SearchAction\",\"target\":{\"@type\":\"EntryPoint\",\"urlTemplate\":\"https:\\\/\\\/www.borgodepazzi.com\\\/es\\\/?s={search_term_string}\"},\"query-input\":{\"@type\":\"PropertyValueSpecification\",\"valueRequired\":true,\"valueName\":\"search_term_string\"}}],\"inLanguage\":\"en-US\"},{\"@type\":\"Organization\",\"@id\":\"https:\\\/\\\/www.borgodepazzi.com\\\/es\\\/#organization\",\"name\":\"Effe Elle srl\",\"url\":\"https:\\\/\\\/www.borgodepazzi.com\\\/es\\\/\",\"logo\":{\"@type\":\"ImageObject\",\"inLanguage\":\"en-US\",\"@id\":\"https:\\\/\\\/www.borgodepazzi.com\\\/es\\\/#\\\/schema\\\/logo\\\/image\\\/\",\"url\":\"https:\\\/\\\/www.borgodepazzi.com\\\/wp-content\\\/uploads\\\/2015\\\/12\\\/borgo2.jpg\",\"contentUrl\":\"https:\\\/\\\/www.borgodepazzi.com\\\/wp-content\\\/uploads\\\/2015\\\/12\\\/borgo2.jpg\",\"width\":729,\"height\":400,\"caption\":\"Effe Elle srl\"},\"image\":{\"@id\":\"https:\\\/\\\/www.borgodepazzi.com\\\/es\\\/#\\\/schema\\\/logo\\\/image\\\/\"},\"sameAs\":[\"https:\\\/\\\/www.facebook.com\\\/BorgoDePazziFIrenze\\\/\",\"https:\\\/\\\/x.com\\\/BorgodePazzi\",\"http:\\\/\\\/ilsigna\"]}]}<\/script>\n<!-- \/ Yoast SEO plugin. -->","yoast_head_json":{"title":"Fettuccina Drago Borgo de' Pazzi Florence","description":"Beautiful gold or silver multipurpose webbing for your creative needlework or crochet products made in Italy","robots":{"index":"index","follow":"follow","max-snippet":"max-snippet:-1","max-image-preview":"max-image-preview:large","max-video-preview":"max-video-preview:-1"},"canonical":"https:\/\/www.borgodepazzi.com\/en\/product\/dragon","og_locale":"en_US","og_type":"article","og_title":"Fettuccina Drago Borgo de' Pazzi Florence","og_url":"https:\/\/www.borgodepazzi.com\/en\/product\/dragon","og_site_name":"Borgo de' Pazzi - Firenze","article_publisher":"https:\/\/www.facebook.com\/BorgoDePazziFIrenze\/","article_modified_time":"2023-07-14T09:14:33+00:00","og_image":[{"width":1080,"height":1350,"url":"https:\/\/www.borgodepazzi.com\/wp-content\/uploads\/2023\/02\/Cherie-Bag-4_5-Social_5.jpg","type":"image\/jpeg"}],"twitter_card":"summary_large_image","twitter_site":"@BorgodePazzi","twitter_misc":{"Est. reading time":"2 minutes"},"schema":{"@context":"https:\/\/schema.org","@graph":[{"@type":"WebPage","@id":"https:\/\/www.borgodepazzi.com\/en\/product\/dragon","url":"https:\/\/www.borgodepazzi.com\/en\/product\/dragon","name":"Fettuccina Drago Borgo de' Pazzi Florence","isPartOf":{"@id":"https:\/\/www.borgodepazzi.com\/es\/#website"},"primaryImageOfPage":{"@id":"https:\/\/www.borgodepazzi.com\/en\/product\/dragon#primaryimage"},"image":{"@id":"https:\/\/www.borgodepazzi.com\/en\/product\/dragon#primaryimage"},"thumbnailUrl":"https:\/\/www.borgodepazzi.com\/wp-content\/uploads\/2023\/02\/AM-DRAGOaW.png","datePublished":"2023-07-10T20:45:37+00:00","dateModified":"2023-07-14T09:14:33+00:00","description":"Beautiful gold or silver multipurpose webbing for your creative needlework or crochet products made in Italy","breadcrumb":{"@id":"https:\/\/www.borgodepazzi.com\/en\/product\/dragon#breadcrumb"},"inLanguage":"en-US","potentialAction":[{"@type":"ReadAction","target":["https:\/\/www.borgodepazzi.com\/en\/product\/dragon"]}]},{"@type":"ImageObject","inLanguage":"en-US","@id":"https:\/\/www.borgodepazzi.com\/en\/product\/dragon#primaryimage","url":"https:\/\/www.borgodepazzi.com\/wp-content\/uploads\/2023\/02\/AM-DRAGOaW.png","contentUrl":"https:\/\/www.borgodepazzi.com\/wp-content\/uploads\/2023\/02\/AM-DRAGOaW.png","width":1000,"height":1000},{"@type":"BreadcrumbList","@id":"https:\/\/www.borgodepazzi.com\/en\/product\/dragon#breadcrumb","itemListElement":[{"@type":"ListItem","position":1,"name":"Home","item":"https:\/\/www.borgodepazzi.com\/es"},{"@type":"ListItem","position":2,"name":"Productos","item":"https:\/\/www.borgodepazzi.com\/es\/tienda"},{"@type":"ListItem","position":3,"name":"Drago"}]},{"@type":"WebSite","@id":"https:\/\/www.borgodepazzi.com\/es\/#website","url":"https:\/\/www.borgodepazzi.com\/es\/","name":"Borgo de' Pazzi - Firenze","description":"Production and wholesale of handmade yarns","publisher":{"@id":"https:\/\/www.borgodepazzi.com\/es\/#organization"},"potentialAction":[{"@type":"SearchAction","target":{"@type":"EntryPoint","urlTemplate":"https:\/\/www.borgodepazzi.com\/es\/?s={search_term_string}"},"query-input":{"@type":"PropertyValueSpecification","valueRequired":true,"valueName":"search_term_string"}}],"inLanguage":"en-US"},{"@type":"Organization","@id":"https:\/\/www.borgodepazzi.com\/es\/#organization","name":"Effe Elle srl","url":"https:\/\/www.borgodepazzi.com\/es\/","logo":{"@type":"ImageObject","inLanguage":"en-US","@id":"https:\/\/www.borgodepazzi.com\/es\/#\/schema\/logo\/image\/","url":"https:\/\/www.borgodepazzi.com\/wp-content\/uploads\/2015\/12\/borgo2.jpg","contentUrl":"https:\/\/www.borgodepazzi.com\/wp-content\/uploads\/2015\/12\/borgo2.jpg","width":729,"height":400,"caption":"Effe Elle srl"},"image":{"@id":"https:\/\/www.borgodepazzi.com\/es\/#\/schema\/logo\/image\/"},"sameAs":["https:\/\/www.facebook.com\/BorgoDePazziFIrenze\/","https:\/\/x.com\/BorgodePazzi","http:\/\/ilsigna"]}]}},"_links":{"self":[{"href":"https:\/\/www.borgodepazzi.com\/en\/wp-json\/wp\/v2\/product\/52744","targetHints":{"allow":["GET"]}}],"collection":[{"href":"https:\/\/www.borgodepazzi.com\/en\/wp-json\/wp\/v2\/product"}],"about":[{"href":"https:\/\/www.borgodepazzi.com\/en\/wp-json\/wp\/v2\/types\/product"}],"replies":[{"embeddable":true,"href":"https:\/\/www.borgodepazzi.com\/en\/wp-json\/wp\/v2\/comments?post=52744"}],"wp:featuredmedia":[{"embeddable":true,"href":"https:\/\/www.borgodepazzi.com\/en\/wp-json\/wp\/v2\/media\/50506"}],"wp:attachment":[{"href":"https:\/\/www.borgodepazzi.com\/en\/wp-json\/wp\/v2\/media?parent=52744"}],"wp:term":[{"taxonomy":"product_brand","embeddable":true,"href":"https:\/\/www.borgodepazzi.com\/en\/wp-json\/wp\/v2\/product_brand?post=52744"},{"taxonomy":"product_cat","embeddable":true,"href":"https:\/\/www.borgodepazzi.com\/en\/wp-json\/wp\/v2\/product_cat?post=52744"},{"taxonomy":"product_tag","embeddable":true,"href":"https:\/\/www.borgodepazzi.com\/en\/wp-json\/wp\/v2\/product_tag?post=52744"}],"curies":[{"name":"wp","href":"https:\/\/api.w.org\/{rel}","templated":true}]}}