{"id":64474,"date":"2023-11-09T10:08:05","date_gmt":"2024-04-01T06:59:34","guid":{"rendered":"https:\/\/www.borgodepazzi.com\/prodotto\/inda-pelz-lanyard"},"modified":"2024-07-16T09:31:59","modified_gmt":"2024-07-16T07:31:59","slug":"inda-pelz-lanyard","status":"publish","type":"product","link":"https:\/\/www.borgodepazzi.com\/de\/prodotto\/inda-pelz-lanyard","title":{"rendered":"Inda Fur"},"content":{"rendered":"<p>&nbsp;<\/p>\n<p><img loading=\"lazy\" decoding=\"async\" class=\"alignnone size-medium wp-image-61935\" src=\"https:\/\/www.borgodepazzi.com\/wp-content\/uploads\/2023\/11\/inda-fur-3-300x175.jpg\" alt=\"\" width=\"300\" height=\"175\" srcset=\"https:\/\/www.borgodepazzi.com\/wp-content\/uploads\/2023\/11\/inda-fur-3-300x175.jpg 300w, https:\/\/www.borgodepazzi.com\/wp-content\/uploads\/2023\/11\/inda-fur-3-600x351.jpg 600w, https:\/\/www.borgodepazzi.com\/wp-content\/uploads\/2023\/11\/inda-fur-3.jpg 710w\" sizes=\"auto, (max-width: 300px) 100vw, 300px\" \/><\/p>\n<p>Wenn Sie auf der Suche nach der besten Haarkordel f\u00fcr Ihre H\u00e4keltaschenkreationen sind, sind Sie hier genau richtig. Unser pelziges Schl\u00fcsselband f\u00fcr H\u00e4keltaschen ist die ideale Wahl. Es wird aus dem besten, in Italien hergestellten Garn hergestellt und garantiert h\u00f6chste Qualit\u00e4t und Haltbarkeit.<\/p>\n<p>Unser pelziges Schl\u00fcsselband ist das perfekte Accessoire, um Ihren Handtaschenprojekten einen Hauch von Eleganz und Raffinesse zu verleihen. Dank seiner italienischen Herkunft k\u00f6nnen Sie sich auf hochwertige Materialien und traditionelle italienische Handwerkskunst verlassen, die hervorragende Ergebnisse garantieren.<\/p>\n<p>Geben Sie sich nicht mit gew\u00f6hnlichen Garnen zufrieden, wenn Sie unsere hochwertige haarige H\u00e4keltaschenkordel haben k\u00f6nnen. Entscheiden Sie sich f\u00fcr das in Italien hergestellte Schnittgarn und erwecken Sie Ihre Kreationen mit einem H\u00f6chstma\u00df an Stil und Raffinesse zum Leben. Treten Sie ein in die Welt des Premium-H\u00e4kelns mit unserem pelzigen Schl\u00fcsselband. Kaufen Sie noch heute und kreieren Sie einzigartige und au\u00dfergew\u00f6hnliche Taschen!<\/p>\n","protected":false},"excerpt":{"rendered":"<p>Der Preis bezieht sich auf eine 250-Gramm-Packung. Bald in allen Inda-Farben erh\u00e4ltlich<\/p>\n<div class=\"more-link-wrapper\"><a class=\"more-link\" href=\"https:\/\/www.borgodepazzi.com\/de\/prodotto\/inda-pelz-lanyard\">Weiterlesen<span class=\"screen-reader-text\">Inda Fur<\/span><\/a><\/div>\n","protected":false},"featured_media":61873,"comment_status":"closed","ping_status":"closed","template":"","meta":{"_monsterinsights_skip_tracking":false,"_monsterinsights_sitenote_active":false,"_monsterinsights_sitenote_note":"","_monsterinsights_sitenote_category":0,"_uf_show_specific_survey":0,"_uf_disable_surveys":false},"product_brand":[],"product_cat":[662],"product_tag":[],"class_list":{"0":"post-64474","1":"product","2":"type-product","3":"status-publish","4":"has-post-thumbnail","6":"product_cat-lanyards-fur-taschen","7":"excerpt","15":"first","16":"instock","17":"taxable","18":"shipping-taxable","19":"purchasable","20":"product-type-variable"},"yoast_head":"<!-- This site is optimized with the Yoast SEO plugin v27.6 - https:\/\/yoast.com\/product\/yoast-seo-wordpress\/ -->\n<title>Inda Fur - Borgo de&#039; Pazzi - Firenze<\/title>\n<meta name=\"description\" content=\"Unser pelziges Schl\u00fcsselband f\u00fcr H\u00e4keltaschen ist die ideale Wahl. Hergestellt aus dem besten Garn aus Italien, garantiert es h\u00f6chste Qualit\u00e4t und Haltbarkeit.\" \/>\n<meta name=\"robots\" content=\"index, follow, max-snippet:-1, max-image-preview:large, max-video-preview:-1\" \/>\n<link rel=\"canonical\" href=\"https:\/\/www.borgodepazzi.com\/de\/prodotto\/inda-pelz-lanyard\" \/>\n<meta property=\"og:locale\" content=\"de_DE\" \/>\n<meta property=\"og:type\" content=\"article\" \/>\n<meta property=\"og:title\" content=\"Inda Fur - Borgo de&#039; Pazzi - Firenze\" \/>\n<meta property=\"og:url\" content=\"https:\/\/www.borgodepazzi.com\/de\/prodotto\/inda-pelz-lanyard\" \/>\n<meta property=\"og:site_name\" content=\"Borgo de&#039; Pazzi - Firenze\" \/>\n<meta property=\"article:publisher\" content=\"https:\/\/www.facebook.com\/BorgoDePazziFIrenze\/\" \/>\n<meta property=\"article:modified_time\" content=\"2024-07-16T07:31:59+00:00\" \/>\n<meta property=\"og:image\" content=\"https:\/\/www.borgodepazzi.com\/wp-content\/uploads\/2023\/11\/INFUR-34w.jpg\" \/>\n\t<meta property=\"og:image:width\" content=\"1000\" \/>\n\t<meta property=\"og:image:height\" content=\"1000\" \/>\n\t<meta property=\"og:image:type\" content=\"image\/jpeg\" \/>\n<meta name=\"twitter:card\" content=\"summary_large_image\" \/>\n<meta name=\"twitter:site\" content=\"@BorgodePazzi\" \/>\n<meta name=\"twitter:label1\" content=\"Gesch\u00e4tzte Lesezeit\" \/>\n\t<meta name=\"twitter:data1\" content=\"2\u00a0Minuten\" \/>\n<script type=\"application\/ld+json\" class=\"yoast-schema-graph\">{\"@context\":\"https:\\\/\\\/schema.org\",\"@graph\":[{\"@type\":\"WebPage\",\"@id\":\"https:\\\/\\\/www.borgodepazzi.com\\\/de\\\/prodotto\\\/inda-pelz-lanyard\",\"url\":\"https:\\\/\\\/www.borgodepazzi.com\\\/de\\\/prodotto\\\/inda-pelz-lanyard\",\"name\":\"Inda Fur - Borgo de&#039; Pazzi - Firenze\",\"isPartOf\":{\"@id\":\"https:\\\/\\\/www.borgodepazzi.com\\\/es\\\/#website\"},\"primaryImageOfPage\":{\"@id\":\"https:\\\/\\\/www.borgodepazzi.com\\\/de\\\/prodotto\\\/inda-pelz-lanyard#primaryimage\"},\"image\":{\"@id\":\"https:\\\/\\\/www.borgodepazzi.com\\\/de\\\/prodotto\\\/inda-pelz-lanyard#primaryimage\"},\"thumbnailUrl\":\"https:\\\/\\\/www.borgodepazzi.com\\\/wp-content\\\/uploads\\\/2023\\\/11\\\/INFUR-34w.jpg\",\"datePublished\":\"2024-04-01T06:59:34+00:00\",\"dateModified\":\"2024-07-16T07:31:59+00:00\",\"description\":\"Unser pelziges Schl\u00fcsselband f\u00fcr H\u00e4keltaschen ist die ideale Wahl. Hergestellt aus dem besten Garn aus Italien, garantiert es h\u00f6chste Qualit\u00e4t und Haltbarkeit.\",\"breadcrumb\":{\"@id\":\"https:\\\/\\\/www.borgodepazzi.com\\\/de\\\/prodotto\\\/inda-pelz-lanyard#breadcrumb\"},\"inLanguage\":\"de\",\"potentialAction\":[{\"@type\":\"ReadAction\",\"target\":[\"https:\\\/\\\/www.borgodepazzi.com\\\/de\\\/prodotto\\\/inda-pelz-lanyard\"]}]},{\"@type\":\"ImageObject\",\"inLanguage\":\"de\",\"@id\":\"https:\\\/\\\/www.borgodepazzi.com\\\/de\\\/prodotto\\\/inda-pelz-lanyard#primaryimage\",\"url\":\"https:\\\/\\\/www.borgodepazzi.com\\\/wp-content\\\/uploads\\\/2023\\\/11\\\/INFUR-34w.jpg\",\"contentUrl\":\"https:\\\/\\\/www.borgodepazzi.com\\\/wp-content\\\/uploads\\\/2023\\\/11\\\/INFUR-34w.jpg\",\"width\":1000,\"height\":1000},{\"@type\":\"BreadcrumbList\",\"@id\":\"https:\\\/\\\/www.borgodepazzi.com\\\/de\\\/prodotto\\\/inda-pelz-lanyard#breadcrumb\",\"itemListElement\":[{\"@type\":\"ListItem\",\"position\":1,\"name\":\"Home\",\"item\":\"https:\\\/\\\/www.borgodepazzi.com\\\/es\"},{\"@type\":\"ListItem\",\"position\":2,\"name\":\"Productos\",\"item\":\"https:\\\/\\\/www.borgodepazzi.com\\\/es\\\/tienda\"},{\"@type\":\"ListItem\",\"position\":3,\"name\":\"Inda Fur\"}]},{\"@type\":\"WebSite\",\"@id\":\"https:\\\/\\\/www.borgodepazzi.com\\\/es\\\/#website\",\"url\":\"https:\\\/\\\/www.borgodepazzi.com\\\/es\\\/\",\"name\":\"Borgo de&#039; Pazzi - Firenze\",\"description\":\"Herstellung und Gro\u00dfhandel von handgemachten Garnen\",\"publisher\":{\"@id\":\"https:\\\/\\\/www.borgodepazzi.com\\\/es\\\/#organization\"},\"potentialAction\":[{\"@type\":\"SearchAction\",\"target\":{\"@type\":\"EntryPoint\",\"urlTemplate\":\"https:\\\/\\\/www.borgodepazzi.com\\\/es\\\/?s={search_term_string}\"},\"query-input\":{\"@type\":\"PropertyValueSpecification\",\"valueRequired\":true,\"valueName\":\"search_term_string\"}}],\"inLanguage\":\"de\"},{\"@type\":\"Organization\",\"@id\":\"https:\\\/\\\/www.borgodepazzi.com\\\/es\\\/#organization\",\"name\":\"Effe Elle srl\",\"url\":\"https:\\\/\\\/www.borgodepazzi.com\\\/es\\\/\",\"logo\":{\"@type\":\"ImageObject\",\"inLanguage\":\"de\",\"@id\":\"https:\\\/\\\/www.borgodepazzi.com\\\/es\\\/#\\\/schema\\\/logo\\\/image\\\/\",\"url\":\"https:\\\/\\\/www.borgodepazzi.com\\\/wp-content\\\/uploads\\\/2015\\\/12\\\/borgo2.jpg\",\"contentUrl\":\"https:\\\/\\\/www.borgodepazzi.com\\\/wp-content\\\/uploads\\\/2015\\\/12\\\/borgo2.jpg\",\"width\":729,\"height\":400,\"caption\":\"Effe Elle srl\"},\"image\":{\"@id\":\"https:\\\/\\\/www.borgodepazzi.com\\\/es\\\/#\\\/schema\\\/logo\\\/image\\\/\"},\"sameAs\":[\"https:\\\/\\\/www.facebook.com\\\/BorgoDePazziFIrenze\\\/\",\"https:\\\/\\\/x.com\\\/BorgodePazzi\",\"http:\\\/\\\/ilsigna\"]}]}<\/script>\n<!-- \/ Yoast SEO plugin. -->","yoast_head_json":{"title":"Inda Fur - Borgo de&#039; Pazzi - Firenze","description":"Unser pelziges Schl\u00fcsselband f\u00fcr H\u00e4keltaschen ist die ideale Wahl. Hergestellt aus dem besten Garn aus Italien, garantiert es h\u00f6chste Qualit\u00e4t und Haltbarkeit.","robots":{"index":"index","follow":"follow","max-snippet":"max-snippet:-1","max-image-preview":"max-image-preview:large","max-video-preview":"max-video-preview:-1"},"canonical":"https:\/\/www.borgodepazzi.com\/de\/prodotto\/inda-pelz-lanyard","og_locale":"de_DE","og_type":"article","og_title":"Inda Fur - Borgo de&#039; Pazzi - Firenze","og_url":"https:\/\/www.borgodepazzi.com\/de\/prodotto\/inda-pelz-lanyard","og_site_name":"Borgo de&#039; Pazzi - Firenze","article_publisher":"https:\/\/www.facebook.com\/BorgoDePazziFIrenze\/","article_modified_time":"2024-07-16T07:31:59+00:00","og_image":[{"width":1000,"height":1000,"url":"https:\/\/www.borgodepazzi.com\/wp-content\/uploads\/2023\/11\/INFUR-34w.jpg","type":"image\/jpeg"}],"twitter_card":"summary_large_image","twitter_site":"@BorgodePazzi","twitter_misc":{"Gesch\u00e4tzte Lesezeit":"2\u00a0Minuten"},"schema":{"@context":"https:\/\/schema.org","@graph":[{"@type":"WebPage","@id":"https:\/\/www.borgodepazzi.com\/de\/prodotto\/inda-pelz-lanyard","url":"https:\/\/www.borgodepazzi.com\/de\/prodotto\/inda-pelz-lanyard","name":"Inda Fur - Borgo de&#039; Pazzi - Firenze","isPartOf":{"@id":"https:\/\/www.borgodepazzi.com\/es\/#website"},"primaryImageOfPage":{"@id":"https:\/\/www.borgodepazzi.com\/de\/prodotto\/inda-pelz-lanyard#primaryimage"},"image":{"@id":"https:\/\/www.borgodepazzi.com\/de\/prodotto\/inda-pelz-lanyard#primaryimage"},"thumbnailUrl":"https:\/\/www.borgodepazzi.com\/wp-content\/uploads\/2023\/11\/INFUR-34w.jpg","datePublished":"2024-04-01T06:59:34+00:00","dateModified":"2024-07-16T07:31:59+00:00","description":"Unser pelziges Schl\u00fcsselband f\u00fcr H\u00e4keltaschen ist die ideale Wahl. Hergestellt aus dem besten Garn aus Italien, garantiert es h\u00f6chste Qualit\u00e4t und Haltbarkeit.","breadcrumb":{"@id":"https:\/\/www.borgodepazzi.com\/de\/prodotto\/inda-pelz-lanyard#breadcrumb"},"inLanguage":"de","potentialAction":[{"@type":"ReadAction","target":["https:\/\/www.borgodepazzi.com\/de\/prodotto\/inda-pelz-lanyard"]}]},{"@type":"ImageObject","inLanguage":"de","@id":"https:\/\/www.borgodepazzi.com\/de\/prodotto\/inda-pelz-lanyard#primaryimage","url":"https:\/\/www.borgodepazzi.com\/wp-content\/uploads\/2023\/11\/INFUR-34w.jpg","contentUrl":"https:\/\/www.borgodepazzi.com\/wp-content\/uploads\/2023\/11\/INFUR-34w.jpg","width":1000,"height":1000},{"@type":"BreadcrumbList","@id":"https:\/\/www.borgodepazzi.com\/de\/prodotto\/inda-pelz-lanyard#breadcrumb","itemListElement":[{"@type":"ListItem","position":1,"name":"Home","item":"https:\/\/www.borgodepazzi.com\/es"},{"@type":"ListItem","position":2,"name":"Productos","item":"https:\/\/www.borgodepazzi.com\/es\/tienda"},{"@type":"ListItem","position":3,"name":"Inda Fur"}]},{"@type":"WebSite","@id":"https:\/\/www.borgodepazzi.com\/es\/#website","url":"https:\/\/www.borgodepazzi.com\/es\/","name":"Borgo de&#039; Pazzi - Firenze","description":"Herstellung und Gro\u00dfhandel von handgemachten Garnen","publisher":{"@id":"https:\/\/www.borgodepazzi.com\/es\/#organization"},"potentialAction":[{"@type":"SearchAction","target":{"@type":"EntryPoint","urlTemplate":"https:\/\/www.borgodepazzi.com\/es\/?s={search_term_string}"},"query-input":{"@type":"PropertyValueSpecification","valueRequired":true,"valueName":"search_term_string"}}],"inLanguage":"de"},{"@type":"Organization","@id":"https:\/\/www.borgodepazzi.com\/es\/#organization","name":"Effe Elle srl","url":"https:\/\/www.borgodepazzi.com\/es\/","logo":{"@type":"ImageObject","inLanguage":"de","@id":"https:\/\/www.borgodepazzi.com\/es\/#\/schema\/logo\/image\/","url":"https:\/\/www.borgodepazzi.com\/wp-content\/uploads\/2015\/12\/borgo2.jpg","contentUrl":"https:\/\/www.borgodepazzi.com\/wp-content\/uploads\/2015\/12\/borgo2.jpg","width":729,"height":400,"caption":"Effe Elle srl"},"image":{"@id":"https:\/\/www.borgodepazzi.com\/es\/#\/schema\/logo\/image\/"},"sameAs":["https:\/\/www.facebook.com\/BorgoDePazziFIrenze\/","https:\/\/x.com\/BorgodePazzi","http:\/\/ilsigna"]}]}},"_links":{"self":[{"href":"https:\/\/www.borgodepazzi.com\/de\/wp-json\/wp\/v2\/product\/64474","targetHints":{"allow":["GET"]}}],"collection":[{"href":"https:\/\/www.borgodepazzi.com\/de\/wp-json\/wp\/v2\/product"}],"about":[{"href":"https:\/\/www.borgodepazzi.com\/de\/wp-json\/wp\/v2\/types\/product"}],"replies":[{"embeddable":true,"href":"https:\/\/www.borgodepazzi.com\/de\/wp-json\/wp\/v2\/comments?post=64474"}],"wp:featuredmedia":[{"embeddable":true,"href":"https:\/\/www.borgodepazzi.com\/de\/wp-json\/wp\/v2\/media\/61873"}],"wp:attachment":[{"href":"https:\/\/www.borgodepazzi.com\/de\/wp-json\/wp\/v2\/media?parent=64474"}],"wp:term":[{"taxonomy":"product_brand","embeddable":true,"href":"https:\/\/www.borgodepazzi.com\/de\/wp-json\/wp\/v2\/product_brand?post=64474"},{"taxonomy":"product_cat","embeddable":true,"href":"https:\/\/www.borgodepazzi.com\/de\/wp-json\/wp\/v2\/product_cat?post=64474"},{"taxonomy":"product_tag","embeddable":true,"href":"https:\/\/www.borgodepazzi.com\/de\/wp-json\/wp\/v2\/product_tag?post=64474"}],"curies":[{"name":"wp","href":"https:\/\/api.w.org\/{rel}","templated":true}]}}