{"id":64472,"date":"2024-02-16T06:36:23","date_gmt":"2024-04-01T06:59:32","guid":{"rendered":"https:\/\/www.borgodepazzi.com\/prodotto\/raffia-100-gramm"},"modified":"2024-04-01T08:59:33","modified_gmt":"2024-04-01T06:59:33","slug":"raffia-100-gramm","status":"publish","type":"product","link":"https:\/\/www.borgodepazzi.com\/de\/prodotto\/raffia-100-gramm","title":{"rendered":"Raffia 100 Gramm"},"content":{"rendered":"<div class=\"flex-1 overflow-hidden\">\n<div class=\"react-scroll-to-bottom--css-jksgs-79elbk h-full\">\n<div class=\"react-scroll-to-bottom--css-jksgs-1n7m0yu\">\n<div class=\"flex flex-col pb-9 text-sm\">\n<div class=\"w-full text-token-text-primary\" data-testid=\"conversation-turn-3\">\n<div class=\"px-4 py-2 justify-center text-base md:gap-6 m-auto\">\n<div class=\"flex flex-1 text-base mx-auto gap-3 md:px-5 lg:px-1 xl:px-5 md:max-w-3xl lg:max-w-[40rem] xl:max-w-[48rem] group final-completion\">\n<div class=\"relative flex w-full flex-col agent-turn\">\n<div class=\"flex-col gap-1 md:gap-3\">\n<div class=\"flex flex-grow flex-col max-w-full\">\n<div class=\"min-h-[20px] text-message flex flex-col items-start gap-3 whitespace-pre-wrap break-words [.text-message+&amp;]:mt-5 overflow-x-auto\" data-message-author-role=\"assistant\" data-message-id=\"0012300a-7a02-4075-84b8-d421d55dad5b\">\n<div class=\"markdown prose w-full break-words dark:prose-invert dark\">\n<p><strong>Entdecken Sie den Unterschied: Viskose Raffia<\/strong><\/p>\n<p>Wenn Sie ein begeisterter Stricker oder kreativer H\u00e4kler sind, wissen Sie, wie wichtig es ist, hochwertiges Material f\u00fcr Ihre Projekte zu haben. Hier kommt unser Viskose-Raffia ins Spiel, das eine bessere L\u00f6sung als der herk\u00f6mmliche Papier-Raffia auf dem Markt bietet. Deshalb sollten Sie den Umstieg auf unser innovatives Raffia in Erw\u00e4gung ziehen:<\/p>\n<p><strong>1. Hervorragende Verarbeitbarkeit:<\/strong> Unser Viskose-Raffia wurde entwickelt, um Ihnen eine tadellose Verarbeitbarkeit zu bieten, ob Sie nun stricken oder h\u00e4keln. Die weiche Textur und die gute Handhabbarkeit machen den kreativen Prozess angenehmer und fl\u00fcssiger. Vergessen Sie die Schwierigkeiten und Knicke, die oft mit der Verwendung von Papierbast einhergehen. Mit unserer Viskose k\u00f6nnen Sie Ihre Projekte mit gr\u00f6\u00dferer Pr\u00e4zision und Zufriedenheit realisieren.<\/p>\n<p><strong>2. \u00d6kologische Nachhaltigkeit:<\/strong> Wir sind bestrebt, die Umweltauswirkungen unserer Produkte zu reduzieren, und unser Viskose-Raffia ist da keine Ausnahme. Wir verwenden ein Kaltf\u00e4rbeverfahren, das den Energieverbrauch und die Treibhausgasemissionen im Vergleich zu herk\u00f6mmlichen Methoden erheblich reduziert. Wir setzen uns daf\u00fcr ein, unseren Planeten f\u00fcr k\u00fcnftige Generationen zu bewahren, und wenn Sie sich f\u00fcr unseren Viskosebast entscheiden, k\u00f6nnen Sie sicher sein, dass Sie Ihren Beitrag zu einer ges\u00fcnderen Umwelt leisten.<\/p>\n<p><strong>3. Einzigartige Effekte:<\/strong> Unsere Melange-F\u00e4rbung bietet einen Hauch von Originalit\u00e4t f\u00fcr Ihre Designs. Mit einer Reihe von leuchtenden Farben und einer sorgf\u00e4ltigen Mischung der Farbt\u00f6ne k\u00f6nnen Sie einzigartige und auff\u00e4llige Effekte erzielen, die sich von der Masse abheben. Ganz gleich, ob Sie an einem Kleidungsst\u00fcck, einem Wohnaccessoire oder einem handgefertigten Geschenk arbeiten, unser Viskose-Raffia bietet Ihnen die M\u00f6glichkeit, Ihre Kreativit\u00e4t auf authentische und unverwechselbare Weise zum Ausdruck zu bringen.<\/p>\n<p>Wenn Sie also auf der Suche nach einem vielseitigen, umweltfreundlichen Material voller kreativem Potenzial sind, ist unser Viscose Raffia die ideale Wahl. Erleben Sie den Unterschied, den es bei Ihrem n\u00e4chsten Projekt machen kann, und unterst\u00fctzen Sie uns bei der F\u00f6rderung eines nachhaltigeren Ansatzes in der Handarbeit.<\/p>\n<\/div>\n<\/div>\n<\/div>\n<div class=\"mt-1 flex justify-start gap-3 empty:hidden\"><\/div>\n<\/div>\n<\/div>\n<\/div>\n<\/div>\n<\/div>\n<\/div>\n<\/div>\n<\/div>\n<\/div>\n<p><iframe loading=\"lazy\" title=\"TUTORIAL MAXI BORSA MARE DORIS UNCINETTO FACILE || EASY CROCHET BAG \ud83c\udf3b Mom\u00ec&#039;s \ud83c\udf3b\" width=\"500\" height=\"281\" src=\"https:\/\/www.youtube.com\/embed\/J4pRDjgAtJM?feature=oembed\" frameborder=\"0\" allow=\"accelerometer; autoplay; clipboard-write; encrypted-media; gyroscope; picture-in-picture; web-share\" referrerpolicy=\"strict-origin-when-cross-origin\" allowfullscreen><\/iframe><\/p>\n<p>&nbsp;<\/p>\n<p><iframe loading=\"lazy\" title=\"SPOT RAFIA\" width=\"500\" height=\"281\" src=\"https:\/\/www.youtube.com\/embed\/90qcULR9vAE?feature=oembed\" frameborder=\"0\" allow=\"accelerometer; autoplay; clipboard-write; encrypted-media; gyroscope; picture-in-picture; web-share\" referrerpolicy=\"strict-origin-when-cross-origin\" allowfullscreen><\/iframe><\/p>\n<p>&nbsp;<\/p>\n","protected":false},"excerpt":{"rendered":"<p>Der Preis bezieht sich auf eine 100-Gramm-Spule<\/p>\n<p><img loading=\"lazy\" decoding=\"async\" class=\"alignnone size-medium wp-image-63111\" src=\"https:\/\/www.borgodepazzi.com\/wp-content\/uploads\/2024\/02\/rafia-100gr-1-300x225.jpg\" alt=\"\" width=\"300\" height=\"225\" srcset=\"https:\/\/www.borgodepazzi.com\/wp-content\/uploads\/2024\/02\/rafia-100gr-1-300x225.jpg 300w, https:\/\/www.borgodepazzi.com\/wp-content\/uploads\/2024\/02\/rafia-100gr-1.jpg 474w\" sizes=\"auto, (max-width: 300px) 100vw, 300px\" \/><\/p>\n<div class=\"more-link-wrapper\"><a class=\"more-link\" href=\"https:\/\/www.borgodepazzi.com\/de\/prodotto\/raffia-100-gramm\">Weiterlesen<span class=\"screen-reader-text\">Raffia 100 Gramm<\/span><\/a><\/div>\n","protected":false},"featured_media":62985,"comment_status":"closed","ping_status":"closed","template":"","meta":{"_monsterinsights_skip_tracking":false,"_monsterinsights_sitenote_active":false,"_monsterinsights_sitenote_note":"","_monsterinsights_sitenote_category":0,"_uf_show_specific_survey":0,"_uf_disable_surveys":false},"product_brand":[],"product_cat":[568,662],"product_tag":[],"class_list":{"0":"post-64472","1":"product","2":"type-product","3":"status-publish","4":"has-post-thumbnail","6":"product_cat-kollektion-sommergarne","7":"product_cat-lanyards-fur-taschen","8":"excerpt","17":"first","18":"instock","19":"taxable","20":"shipping-taxable","21":"purchasable","22":"product-type-variable"},"yoast_head":"<!-- This site is optimized with the Yoast SEO plugin v27.4 - https:\/\/yoast.com\/product\/yoast-seo-wordpress\/ -->\n<title>Raffia 100 Gramm - Borgo de&#039; Pazzi - Firenze<\/title>\n<meta name=\"description\" content=\"Unser Viskose-Raffia ist ideal f\u00fcr Ihre Handarbeit oder Ihr H\u00e4keln. Erh\u00e4ltlich in 15 Farben. Nicht zu verwechseln mit der Papierversion ;)\" \/>\n<meta name=\"robots\" content=\"index, follow, max-snippet:-1, max-image-preview:large, max-video-preview:-1\" \/>\n<link rel=\"canonical\" href=\"https:\/\/www.borgodepazzi.com\/de?post_type=product&p=64472\" \/>\n<meta property=\"og:locale\" content=\"de_DE\" \/>\n<meta property=\"og:type\" content=\"article\" \/>\n<meta property=\"og:title\" content=\"Raffia 100 Gramm - Borgo de&#039; Pazzi - Firenze\" \/>\n<meta property=\"og:url\" content=\"https:\/\/www.borgodepazzi.com\/de?post_type=product&amp;p=64472\" \/>\n<meta property=\"og:site_name\" content=\"Borgo de&#039; Pazzi - Firenze\" \/>\n<meta property=\"article:publisher\" content=\"https:\/\/www.facebook.com\/BorgoDePazziFIrenze\/\" \/>\n<meta property=\"article:modified_time\" content=\"2024-04-01T06:59:33+00:00\" \/>\n<meta property=\"og:image\" content=\"https:\/\/www.borgodepazzi.com\/wp-content\/uploads\/2024\/02\/RA99w.webp\" \/>\n\t<meta property=\"og:image:width\" content=\"1000\" \/>\n\t<meta property=\"og:image:height\" content=\"1000\" \/>\n\t<meta property=\"og:image:type\" content=\"image\/webp\" \/>\n<meta name=\"twitter:card\" content=\"summary_large_image\" \/>\n<meta name=\"twitter:site\" content=\"@BorgodePazzi\" \/>\n<meta name=\"twitter:label1\" content=\"Gesch\u00e4tzte Lesezeit\" \/>\n\t<meta name=\"twitter:data1\" content=\"2\u00a0Minuten\" \/>\n<script type=\"application\/ld+json\" class=\"yoast-schema-graph\">{\"@context\":\"https:\\\/\\\/schema.org\",\"@graph\":[{\"@type\":\"WebPage\",\"@id\":\"https:\\\/\\\/www.borgodepazzi.com\\\/de?post_type=product&p=64472\",\"url\":\"https:\\\/\\\/www.borgodepazzi.com\\\/de?post_type=product&p=64472\",\"name\":\"Raffia 100 Gramm - Borgo de&#039; Pazzi - Firenze\",\"isPartOf\":{\"@id\":\"https:\\\/\\\/www.borgodepazzi.com\\\/es\\\/#website\"},\"primaryImageOfPage\":{\"@id\":\"https:\\\/\\\/www.borgodepazzi.com\\\/de?post_type=product&p=64472#primaryimage\"},\"image\":{\"@id\":\"https:\\\/\\\/www.borgodepazzi.com\\\/de?post_type=product&p=64472#primaryimage\"},\"thumbnailUrl\":\"https:\\\/\\\/www.borgodepazzi.com\\\/wp-content\\\/uploads\\\/2024\\\/02\\\/RA99w.webp\",\"datePublished\":\"2024-04-01T06:59:32+00:00\",\"dateModified\":\"2024-04-01T06:59:33+00:00\",\"description\":\"Unser Viskose-Raffia ist ideal f\u00fcr Ihre Handarbeit oder Ihr H\u00e4keln. Erh\u00e4ltlich in 15 Farben. Nicht zu verwechseln mit der Papierversion ;)\",\"breadcrumb\":{\"@id\":\"https:\\\/\\\/www.borgodepazzi.com\\\/de?post_type=product&p=64472#breadcrumb\"},\"inLanguage\":\"de\",\"potentialAction\":[{\"@type\":\"ReadAction\",\"target\":[\"https:\\\/\\\/www.borgodepazzi.com\\\/de?post_type=product&p=64472\"]}]},{\"@type\":\"ImageObject\",\"inLanguage\":\"de\",\"@id\":\"https:\\\/\\\/www.borgodepazzi.com\\\/de?post_type=product&p=64472#primaryimage\",\"url\":\"https:\\\/\\\/www.borgodepazzi.com\\\/wp-content\\\/uploads\\\/2024\\\/02\\\/RA99w.webp\",\"contentUrl\":\"https:\\\/\\\/www.borgodepazzi.com\\\/wp-content\\\/uploads\\\/2024\\\/02\\\/RA99w.webp\",\"width\":1000,\"height\":1000},{\"@type\":\"BreadcrumbList\",\"@id\":\"https:\\\/\\\/www.borgodepazzi.com\\\/de?post_type=product&p=64472#breadcrumb\",\"itemListElement\":[{\"@type\":\"ListItem\",\"position\":1,\"name\":\"Home\",\"item\":\"https:\\\/\\\/www.borgodepazzi.com\\\/es\"},{\"@type\":\"ListItem\",\"position\":2,\"name\":\"Productos\",\"item\":\"https:\\\/\\\/www.borgodepazzi.com\\\/es\\\/tienda\"},{\"@type\":\"ListItem\",\"position\":3,\"name\":\"Raffia 100 Gramm\"}]},{\"@type\":\"WebSite\",\"@id\":\"https:\\\/\\\/www.borgodepazzi.com\\\/es\\\/#website\",\"url\":\"https:\\\/\\\/www.borgodepazzi.com\\\/es\\\/\",\"name\":\"Borgo de&#039; Pazzi - Firenze\",\"description\":\"Herstellung und Gro\u00dfhandel von handgemachten Garnen\",\"publisher\":{\"@id\":\"https:\\\/\\\/www.borgodepazzi.com\\\/es\\\/#organization\"},\"potentialAction\":[{\"@type\":\"SearchAction\",\"target\":{\"@type\":\"EntryPoint\",\"urlTemplate\":\"https:\\\/\\\/www.borgodepazzi.com\\\/es\\\/?s={search_term_string}\"},\"query-input\":{\"@type\":\"PropertyValueSpecification\",\"valueRequired\":true,\"valueName\":\"search_term_string\"}}],\"inLanguage\":\"de\"},{\"@type\":\"Organization\",\"@id\":\"https:\\\/\\\/www.borgodepazzi.com\\\/es\\\/#organization\",\"name\":\"Effe Elle srl\",\"url\":\"https:\\\/\\\/www.borgodepazzi.com\\\/es\\\/\",\"logo\":{\"@type\":\"ImageObject\",\"inLanguage\":\"de\",\"@id\":\"https:\\\/\\\/www.borgodepazzi.com\\\/es\\\/#\\\/schema\\\/logo\\\/image\\\/\",\"url\":\"https:\\\/\\\/www.borgodepazzi.com\\\/wp-content\\\/uploads\\\/2015\\\/12\\\/borgo2.jpg\",\"contentUrl\":\"https:\\\/\\\/www.borgodepazzi.com\\\/wp-content\\\/uploads\\\/2015\\\/12\\\/borgo2.jpg\",\"width\":729,\"height\":400,\"caption\":\"Effe Elle srl\"},\"image\":{\"@id\":\"https:\\\/\\\/www.borgodepazzi.com\\\/es\\\/#\\\/schema\\\/logo\\\/image\\\/\"},\"sameAs\":[\"https:\\\/\\\/www.facebook.com\\\/BorgoDePazziFIrenze\\\/\",\"https:\\\/\\\/x.com\\\/BorgodePazzi\",\"http:\\\/\\\/ilsigna\"]}]}<\/script>\n<!-- \/ Yoast SEO plugin. -->","yoast_head_json":{"title":"Raffia 100 Gramm - Borgo de&#039; Pazzi - Firenze","description":"Unser Viskose-Raffia ist ideal f\u00fcr Ihre Handarbeit oder Ihr H\u00e4keln. Erh\u00e4ltlich in 15 Farben. Nicht zu verwechseln mit der Papierversion ;)","robots":{"index":"index","follow":"follow","max-snippet":"max-snippet:-1","max-image-preview":"max-image-preview:large","max-video-preview":"max-video-preview:-1"},"canonical":"https:\/\/www.borgodepazzi.com\/de?post_type=product&p=64472","og_locale":"de_DE","og_type":"article","og_title":"Raffia 100 Gramm - Borgo de&#039; Pazzi - Firenze","og_url":"https:\/\/www.borgodepazzi.com\/de?post_type=product&p=64472","og_site_name":"Borgo de&#039; Pazzi - Firenze","article_publisher":"https:\/\/www.facebook.com\/BorgoDePazziFIrenze\/","article_modified_time":"2024-04-01T06:59:33+00:00","og_image":[{"width":1000,"height":1000,"url":"https:\/\/www.borgodepazzi.com\/wp-content\/uploads\/2024\/02\/RA99w.webp","type":"image\/webp"}],"twitter_card":"summary_large_image","twitter_site":"@BorgodePazzi","twitter_misc":{"Gesch\u00e4tzte Lesezeit":"2\u00a0Minuten"},"schema":{"@context":"https:\/\/schema.org","@graph":[{"@type":"WebPage","@id":"https:\/\/www.borgodepazzi.com\/de?post_type=product&p=64472","url":"https:\/\/www.borgodepazzi.com\/de?post_type=product&p=64472","name":"Raffia 100 Gramm - Borgo de&#039; Pazzi - Firenze","isPartOf":{"@id":"https:\/\/www.borgodepazzi.com\/es\/#website"},"primaryImageOfPage":{"@id":"https:\/\/www.borgodepazzi.com\/de?post_type=product&p=64472#primaryimage"},"image":{"@id":"https:\/\/www.borgodepazzi.com\/de?post_type=product&p=64472#primaryimage"},"thumbnailUrl":"https:\/\/www.borgodepazzi.com\/wp-content\/uploads\/2024\/02\/RA99w.webp","datePublished":"2024-04-01T06:59:32+00:00","dateModified":"2024-04-01T06:59:33+00:00","description":"Unser Viskose-Raffia ist ideal f\u00fcr Ihre Handarbeit oder Ihr H\u00e4keln. Erh\u00e4ltlich in 15 Farben. Nicht zu verwechseln mit der Papierversion ;)","breadcrumb":{"@id":"https:\/\/www.borgodepazzi.com\/de?post_type=product&p=64472#breadcrumb"},"inLanguage":"de","potentialAction":[{"@type":"ReadAction","target":["https:\/\/www.borgodepazzi.com\/de?post_type=product&p=64472"]}]},{"@type":"ImageObject","inLanguage":"de","@id":"https:\/\/www.borgodepazzi.com\/de?post_type=product&p=64472#primaryimage","url":"https:\/\/www.borgodepazzi.com\/wp-content\/uploads\/2024\/02\/RA99w.webp","contentUrl":"https:\/\/www.borgodepazzi.com\/wp-content\/uploads\/2024\/02\/RA99w.webp","width":1000,"height":1000},{"@type":"BreadcrumbList","@id":"https:\/\/www.borgodepazzi.com\/de?post_type=product&p=64472#breadcrumb","itemListElement":[{"@type":"ListItem","position":1,"name":"Home","item":"https:\/\/www.borgodepazzi.com\/es"},{"@type":"ListItem","position":2,"name":"Productos","item":"https:\/\/www.borgodepazzi.com\/es\/tienda"},{"@type":"ListItem","position":3,"name":"Raffia 100 Gramm"}]},{"@type":"WebSite","@id":"https:\/\/www.borgodepazzi.com\/es\/#website","url":"https:\/\/www.borgodepazzi.com\/es\/","name":"Borgo de&#039; Pazzi - Firenze","description":"Herstellung und Gro\u00dfhandel von handgemachten Garnen","publisher":{"@id":"https:\/\/www.borgodepazzi.com\/es\/#organization"},"potentialAction":[{"@type":"SearchAction","target":{"@type":"EntryPoint","urlTemplate":"https:\/\/www.borgodepazzi.com\/es\/?s={search_term_string}"},"query-input":{"@type":"PropertyValueSpecification","valueRequired":true,"valueName":"search_term_string"}}],"inLanguage":"de"},{"@type":"Organization","@id":"https:\/\/www.borgodepazzi.com\/es\/#organization","name":"Effe Elle srl","url":"https:\/\/www.borgodepazzi.com\/es\/","logo":{"@type":"ImageObject","inLanguage":"de","@id":"https:\/\/www.borgodepazzi.com\/es\/#\/schema\/logo\/image\/","url":"https:\/\/www.borgodepazzi.com\/wp-content\/uploads\/2015\/12\/borgo2.jpg","contentUrl":"https:\/\/www.borgodepazzi.com\/wp-content\/uploads\/2015\/12\/borgo2.jpg","width":729,"height":400,"caption":"Effe Elle srl"},"image":{"@id":"https:\/\/www.borgodepazzi.com\/es\/#\/schema\/logo\/image\/"},"sameAs":["https:\/\/www.facebook.com\/BorgoDePazziFIrenze\/","https:\/\/x.com\/BorgodePazzi","http:\/\/ilsigna"]}]}},"_links":{"self":[{"href":"https:\/\/www.borgodepazzi.com\/de\/wp-json\/wp\/v2\/product\/64472","targetHints":{"allow":["GET"]}}],"collection":[{"href":"https:\/\/www.borgodepazzi.com\/de\/wp-json\/wp\/v2\/product"}],"about":[{"href":"https:\/\/www.borgodepazzi.com\/de\/wp-json\/wp\/v2\/types\/product"}],"replies":[{"embeddable":true,"href":"https:\/\/www.borgodepazzi.com\/de\/wp-json\/wp\/v2\/comments?post=64472"}],"wp:featuredmedia":[{"embeddable":true,"href":"https:\/\/www.borgodepazzi.com\/de\/wp-json\/wp\/v2\/media\/62985"}],"wp:attachment":[{"href":"https:\/\/www.borgodepazzi.com\/de\/wp-json\/wp\/v2\/media?parent=64472"}],"wp:term":[{"taxonomy":"product_brand","embeddable":true,"href":"https:\/\/www.borgodepazzi.com\/de\/wp-json\/wp\/v2\/product_brand?post=64472"},{"taxonomy":"product_cat","embeddable":true,"href":"https:\/\/www.borgodepazzi.com\/de\/wp-json\/wp\/v2\/product_cat?post=64472"},{"taxonomy":"product_tag","embeddable":true,"href":"https:\/\/www.borgodepazzi.com\/de\/wp-json\/wp\/v2\/product_tag?post=64472"}],"curies":[{"name":"wp","href":"https:\/\/api.w.org\/{rel}","templated":true}]}}