{"id":55594,"date":"2019-09-02T00:00:00","date_gmt":"2019-09-01T23:00:00","guid":{"rendered":"https:\/\/www.borgodepazzi.com\/prodotto\/hannah"},"modified":"2025-04-28T15:15:34","modified_gmt":"2025-04-28T13:15:34","slug":"hannah","status":"publish","type":"product","link":"https:\/\/www.borgodepazzi.com\/de\/prodotto\/hannah","title":{"rendered":"Hannah"},"content":{"rendered":"<p><strong>der Preis bezieht sich auf eine Packung mit 5 Kugeln \u00e0 50 Gramm<\/strong><\/p>\n<p>&nbsp;<\/p>\n<p><iframe loading=\"lazy\" title=\"TUTORIAL FOULARD ALL&#039;UNCINETTO PUNTO VENTAGLI TRAFORATI - ZAHIRA || EASY CROCHET FOULARD \ud83c\udf3bMom\u00ec&#039;s\ud83c\udf3b\" width=\"500\" height=\"281\" src=\"https:\/\/www.youtube.com\/embed\/szQN06i-Y_4?start=8&#038;feature=oembed\" frameborder=\"0\" allow=\"accelerometer; autoplay; clipboard-write; encrypted-media; gyroscope; picture-in-picture; web-share\" referrerpolicy=\"strict-origin-when-cross-origin\" allowfullscreen><\/iframe><\/p>\n<p>&nbsp;<\/p>\n<p>Sehr gl\u00e4nzendes 6-fach gezwirntes Garn, viele Unifarben und seit diesem Jahr auch in vielen Multicolor-Varianten.<\/p>\n<p>Vielf\u00e4ltige Verwendungsm\u00f6glichkeiten, die von denjenigen gesch\u00e4tzt werden, die gerne an Schals oder &#8220;frischen&#8221; Kleidungsst\u00fccken arbeiten<\/p>\n<p>Doch was unterscheidet normale Viskose von Lyocell?<\/p>\n<p>Der grundlegende Unterschied liegt nicht in der Herkunft der Faser, sondern in der Methode der chemischen Behandlung, der die Zellulose unterzogen wird.<\/p>\n<p>Schwefelkohlenstoff wird in der Regel zur Gewinnung der chemischen Aufschl\u00e4mmung f\u00fcr die Herstellung von Viskose verwendet.<\/p>\n<p>Der Produktionsprozess ist umweltsch\u00e4dlich und die R\u00fcckst\u00e4nde sind nicht vollst\u00e4ndig recycelbar.<\/p>\n<p>Viskose-Lyocell verf\u00fcgt nicht nur \u00fcber Eigenschaften wie Atmungsaktivit\u00e4t, Festigkeit und Feuchtigkeitsaufnahme, sondern auch \u00fcber ein schadstoffarmes Verfahren dank MNMO &#8211; Methylmorpholinoxid-Monohydrat, das die vollst\u00e4ndige Verwertbarkeit der R\u00fcckst\u00e4nde gew\u00e4hrleistet, die sich nach umfangreichen Studien in 8 Tagen zersetzen.<\/p>\n<aside\n\tclass=\"download-box\">\n\n\t<img loading=\"lazy\" decoding=\"async\" width=\"2560\" height=\"1707\" src=\"https:\/\/www.borgodepazzi.com\/wp-content\/uploads\/2017\/05\/Pareo4w-scaled.jpg\" class=\"attachment-full size-full wp-post-image\" alt=\"\" \/>\n\t<div\n\t\tclass=\"download-count\">9082 Downloads<\/div>\n\n\t<div\n\t\tclass=\"download-box-content\">\n\n\t\t<h1>Pareo uncinetto con filato Hannah<\/h1>\n\n\t\t\t\t\t\t<a  data-e-Disable-Page-Transition=\"true\" class=\"download-link download-button\" title=\"\" href=\"https:\/\/www.borgodepazzi.com\/de\/download\/9683\/?tmstv=1777426720\" rel=\"nofollow\" id=\"download-link-9683\" data-redirect=\"false\" >\n\t\t\tDatei herunterladen\t\t\t<small>EstatealmareENG-web-1.pdf\t\t\t\t&ndash; 313,50 KB<\/small>\n\t\t<\/a>\n\t\t\t<\/div>\n<\/aside>\n\n\n\n<p>Schnittmuster und Projekte mit Hannah-Garn auf ravelry<\/p>\n<ul>\n<li><a href=\"https:\/\/www.ravelry.com\/patterns\/library\/unestate-al-mare\">Ein Sommer<\/a> am <a href=\"https:\/\/www.ravelry.com\/patterns\/library\/unestate-al-mare\">Meer<\/a> von Veruska<\/li>\n<li><a href=\"https:\/\/www.ravelry.com\/projects\/mericci\/rockhopper\">Rockhopper<\/a> von Anna Maltz<\/li>\n<li><a href=\"https:\/\/www.ravelry.com\/projects\/anneinholland97\/despina-triangle-shawl\">Despina Dreieckstuch<\/a><\/li>\n<li><a href=\"https:\/\/www.ravelry.com\/projects\/anneinholland97\/grinda-shawl-mal\">Grinda-Schal MAL<\/a> von Tatsiana Kupryianchyk<\/li>\n<li><a href=\"https:\/\/www.ravelry.com\/projects\/ans\/despina-shawl\">Despina-Schal<\/a><\/li>\n<li><a href=\"https:\/\/www.ravelry.com\/projects\/SannekeKnits\/subtle-pink-log-cabin\">Dezentes rosa Blockhaus<\/a><\/li>\n<li><a href=\"https:\/\/www.ravelry.com\/projects\/timsie\/drijfhout\">drijfhout<\/a> von Isabell Kraemer<\/li>\n<li><a href=\"https:\/\/www.ravelry.com\/projects\/anneinholland97\/over-the-moon-shawl\">\u00dcber dem Mond-Schal<\/a> von Esther Dijkstra<\/li>\n<li><a href=\"https:\/\/www.ravelry.com\/projects\/Lisette88\/april\">April<\/a> von Isabell Kraemer<\/li>\n<li><a href=\"https:\/\/www.ravelry.com\/projects\/marzyverga\/mistyaire-2\">Mistyaire<\/a> von &#8216;Amanita&#8217; Agata Mackiewicz<\/li>\n<li><a href=\"https:\/\/www.ravelry.com\/projects\/Silverbol\/spring-garden-tee--adult-sizes\">Spring Garden Tee &#8211; Erwachsene Gr\u00f6\u00dfen<\/a> von Alana Dakos<\/li>\n<li><a href=\"https:\/\/www.ravelry.com\/projects\/ans\/bourgondisch-sjaaltje-2\">Bourgondisch <\/a>sjaaltje 2<\/li>\n<li><a href=\"https:\/\/www.ravelry.com\/projects\/Diny03\/drachenfels\">Drachenfels<\/a> von Melanie Berg<\/li>\n<li><a href=\"https:\/\/www.ravelry.com\/projects\/LaVisch\/top-for-rosalinde\">Nach oben f\u00fcr Rosalinde<\/a><\/li>\n<li><a href=\"https:\/\/www.ravelry.com\/projects\/erdmuthe\/berlin-mitte---the-sweater\">Berlin Mitte &#8211; Der Pullover<\/a> von Claudia Eisenkolb<\/li>\n<li><a href=\"https:\/\/www.ravelry.com\/projects\/Miched\/hotel-of-bees-shawl\">Hotel der Bienen Schal<\/a><\/li>\n<li><a href=\"https:\/\/www.ravelry.com\/projects\/erkenraadje\/magical-malabrigo-scarf\">Zauberhafter Malabrigo-Schal<\/a> von Christine Long Derks<\/li>\n<\/ul>\n<blockquote class=\"instagram-media\" style=\"background: #FFF; border: 0; border-radius: 3px; box-shadow: 0 0 1px 0 rgba(0,0,0,0.5),0 1px 10px 0 rgba(0,0,0,0.15); margin: 1px; max-width: 540px; min-width: 326px; padding: 0; width: calc(100% - 2px);\" data-instgrm-captioned=\"\" data-instgrm-permalink=\"https:\/\/www.instagram.com\/p\/B9MDQWVILrm\/?utm_source=ig_embed&amp;utm_campaign=loading\" data-instgrm-version=\"12\">\n<div style=\"padding: 16px;\">\n<p>&nbsp;<\/p>\n<div style=\"display: flex; flex-direction: row; align-items: center;\">\n<div style=\"background-color: #f4f4f4; border-radius: 50%; flex-grow: 0; height: 40px; margin-right: 14px; width: 40px;\"><\/div>\n<div style=\"display: flex; flex-direction: column; flex-grow: 1; justify-content: center;\">\n<div style=\"background-color: #f4f4f4; border-radius: 4px; flex-grow: 0; height: 14px; margin-bottom: 6px; width: 100px;\"><\/div>\n<div style=\"background-color: #f4f4f4; border-radius: 4px; flex-grow: 0; height: 14px; width: 60px;\"><\/div>\n<\/div>\n<\/div>\n<div style=\"padding: 19% 0;\"><\/div>\n<div style=\"display: block; height: 50px; margin: 0 auto 12px; width: 50px;\"><\/div>\n<div style=\"padding-top: 8px;\">\n<div style=\"color: #3897f0; font-family: Arial,sans-serif; font-size: 14px; font-style: normal; font-weight: 550; line-height: 18px;\">Diesen Beitrag auf Instagram anzeigen<\/div>\n<\/div>\n<div style=\"padding: 12.5% 0;\"><\/div>\n<div style=\"display: flex; flex-direction: row; margin-bottom: 14px; align-items: center;\">\n<div>\n<div style=\"background-color: #f4f4f4; border-radius: 50%; height: 12.5px; width: 12.5px; transform: translateX(0px) translateY(7px);\"><\/div>\n<div style=\"background-color: #f4f4f4; height: 12.5px; transform: rotate(-45deg) translateX(3px) translateY(1px); width: 12.5px; flex-grow: 0; margin-right: 14px; margin-left: 2px;\"><\/div>\n<div style=\"background-color: #f4f4f4; border-radius: 50%; height: 12.5px; width: 12.5px; transform: translateX(9px) translateY(-18px);\"><\/div>\n<\/div>\n<div style=\"margin-left: 8px;\">\n<div style=\"background-color: #f4f4f4; border-radius: 50%; flex-grow: 0; height: 20px; width: 20px;\"><\/div>\n<div style=\"width: 0; height: 0; border-top: 2px solid transparent; border-left: 6px solid #f4f4f4; border-bottom: 2px solid transparent; transform: translateX(16px) translateY(-4px) rotate(30deg);\"><\/div>\n<\/div>\n<div style=\"margin-left: auto;\">\n<div style=\"width: 0px; border-top: 8px solid #F4F4F4; border-right: 8px solid transparent; transform: translateY(16px);\"><\/div>\n<div style=\"background-color: #f4f4f4; flex-grow: 0; height: 12px; width: 16px; transform: translateY(-4px);\"><\/div>\n<div style=\"width: 0; height: 0; border-top: 8px solid #F4F4F4; border-left: 8px solid transparent; transform: translateY(-4px) translateX(8px);\"><\/div>\n<\/div>\n<\/div>\n<p>&nbsp;<\/p>\n<p style=\"margin: 8px 0 0 0; padding: 0 4px;\"><a style=\"color: #000; font-family: Arial,sans-serif; font-size: 14px; font-style: normal; font-weight: normal; line-height: 17px; text-decoration: none; word-wrap: break-word;\" href=\"https:\/\/www.instagram.com\/p\/B9MDQWVILrm\/?utm_source=ig_embed&amp;utm_campaign=loading\" target=\"_blank\" rel=\"noopener noreferrer\">Hannah #borgodepazzi #eucalyptus #ecoviscose #ecoyarn #ecoyarns #instaknit #ecoknitting #instayarn #localyarnstore #localyarnshop #hannahborgodepazzi #madeinitaly #madeinitalyarns #borgodepazzihannah #lavender #lyocell<\/a><\/p>\n<p style=\"color: #c9c8cd; font-family: Arial,sans-serif; font-size: 14px; line-height: 17px; margin-bottom: 0; margin-top: 8px; overflow: hidden; padding: 8px 0 7px; text-align: center; text-overflow: ellipsis; white-space: nowrap;\">Ein Beitrag geteilt von <a style=\"color: #c9c8cd; font-family: Arial,sans-serif; font-size: 14px; font-style: normal; font-weight: normal; line-height: 17px;\" href=\"https:\/\/www.instagram.com\/borgodepazzi\/?utm_source=ig_embed&amp;utm_campaign=loading\" target=\"_blank\" rel=\"noopener noreferrer\"> Borgo de&#8217;Pazzi Firenze<\/a> (@borgodepazzi) am <time style=\"font-family: Arial,sans-serif; font-size: 14px; line-height: 17px;\" datetime=\"2020-03-01T10:50:37+00:00\">1. M\u00e4r 2020 um 2:50 Uhr PST<\/time><\/p>\n<\/div>\n<\/blockquote>\n<p><script async=\"\" src=\"\/\/www.instagram.com\/embed.js\"><\/script><\/p>\n","protected":false},"excerpt":{"rendered":"<p>der Preis bezieht sich auf eine Packung mit 5 Kugeln \u00e0 50 Gramm &nbsp; &nbsp; Sehr gl\u00e4nzendes 6-fach gezwirntes Garn, viele Unifarben und seit diesem Jahr auch in vielen Multicolor-Varianten. Vielf\u00e4ltige Verwendungsm\u00f6glichkeiten, die von denjenigen gesch\u00e4tzt werden, die gerne an Schals oder &#8220;frischen&#8221; Kleidungsst\u00fccken arbeiten Doch was unterscheidet normale Viskose von Lyocell? Der grundlegende Unterschied liegt nicht in der Herkunft der Faser, sondern in der Methode der chemischen Behandlung, der die Zellulose unterzogen wird. Schwefelkohlenstoff wird in der Regel zur Gewinnung der chemischen Aufschl\u00e4mmung f\u00fcr die Herstellung von Viskose verwendet. Der Produktionsprozess ist umweltsch\u00e4dlich und die R\u00fcckst\u00e4nde sind nicht vollst\u00e4ndig&#8230;<\/p>\n<div class=\"more-link-wrapper\"><a class=\"more-link\" href=\"https:\/\/www.borgodepazzi.com\/de\/prodotto\/hannah\">Weiterlesen<span class=\"screen-reader-text\">Hannah<\/span><\/a><\/div>\n","protected":false},"featured_media":75643,"comment_status":"closed","ping_status":"closed","template":"","meta":{"_monsterinsights_skip_tracking":false,"_monsterinsights_sitenote_active":false,"_monsterinsights_sitenote_note":"","_monsterinsights_sitenote_category":0,"_uf_show_specific_survey":0,"_uf_disable_surveys":false},"product_brand":[],"product_cat":[568],"product_tag":[],"class_list":{"0":"post-55594","1":"product","2":"type-product","3":"status-publish","4":"has-post-thumbnail","6":"product_cat-kollektion-sommergarne","7":"excerpt","15":"first","16":"instock","17":"taxable","18":"shipping-taxable","19":"purchasable","20":"product-type-variable"},"yoast_head":"<!-- This site is optimized with the Yoast SEO plugin v27.4 - https:\/\/yoast.com\/product\/yoast-seo-wordpress\/ -->\n<title>Hannah - Borgo de&#039; Pazzi - Firenze<\/title>\n<meta name=\"description\" content=\"Sie suchen ein perfektes Sommergarn f\u00fcr Ihre gestrickten oder geh\u00e4kelten Kleidungsst\u00fccke? Hannah aus Lyocell ist die Richtige f\u00fcr Sie! Hergestellt in Italien\" \/>\n<meta name=\"robots\" content=\"index, follow, max-snippet:-1, max-image-preview:large, max-video-preview:-1\" \/>\n<link rel=\"canonical\" href=\"https:\/\/www.borgodepazzi.com\/de\/prodotto\/hannah\" \/>\n<meta property=\"og:locale\" content=\"de_DE\" \/>\n<meta property=\"og:type\" content=\"article\" \/>\n<meta property=\"og:title\" content=\"Hannah - Borgo de&#039; Pazzi - Firenze\" \/>\n<meta property=\"og:url\" content=\"https:\/\/www.borgodepazzi.com\/de\/prodotto\/hannah\" \/>\n<meta property=\"og:site_name\" content=\"Borgo de&#039; Pazzi - Firenze\" \/>\n<meta property=\"article:publisher\" content=\"https:\/\/www.facebook.com\/BorgoDePazziFIrenze\/\" \/>\n<meta property=\"article:modified_time\" content=\"2025-04-28T13:15:34+00:00\" \/>\n<meta property=\"og:image\" content=\"https:\/\/www.borgodepazzi.com\/wp-content\/uploads\/2025\/03\/HANNA12w.jpg\" \/>\n\t<meta property=\"og:image:width\" content=\"1000\" \/>\n\t<meta property=\"og:image:height\" content=\"1000\" \/>\n\t<meta property=\"og:image:type\" content=\"image\/jpeg\" \/>\n<meta name=\"twitter:card\" content=\"summary_large_image\" \/>\n<meta name=\"twitter:site\" content=\"@BorgodePazzi\" \/>\n<meta name=\"twitter:label1\" content=\"Gesch\u00e4tzte Lesezeit\" \/>\n\t<meta name=\"twitter:data1\" content=\"2\u00a0Minuten\" \/>\n<script type=\"application\/ld+json\" class=\"yoast-schema-graph\">{\"@context\":\"https:\\\/\\\/schema.org\",\"@graph\":[{\"@type\":\"WebPage\",\"@id\":\"https:\\\/\\\/www.borgodepazzi.com\\\/de\\\/prodotto\\\/hannah\",\"url\":\"https:\\\/\\\/www.borgodepazzi.com\\\/de\\\/prodotto\\\/hannah\",\"name\":\"Hannah - Borgo de&#039; Pazzi - Firenze\",\"isPartOf\":{\"@id\":\"https:\\\/\\\/www.borgodepazzi.com\\\/es\\\/#website\"},\"primaryImageOfPage\":{\"@id\":\"https:\\\/\\\/www.borgodepazzi.com\\\/de\\\/prodotto\\\/hannah#primaryimage\"},\"image\":{\"@id\":\"https:\\\/\\\/www.borgodepazzi.com\\\/de\\\/prodotto\\\/hannah#primaryimage\"},\"thumbnailUrl\":\"https:\\\/\\\/www.borgodepazzi.com\\\/wp-content\\\/uploads\\\/2025\\\/03\\\/HANNA12w.jpg\",\"datePublished\":\"2019-09-01T23:00:00+00:00\",\"dateModified\":\"2025-04-28T13:15:34+00:00\",\"description\":\"Sie suchen ein perfektes Sommergarn f\u00fcr Ihre gestrickten oder geh\u00e4kelten Kleidungsst\u00fccke? Hannah aus Lyocell ist die Richtige f\u00fcr Sie! Hergestellt in Italien\",\"breadcrumb\":{\"@id\":\"https:\\\/\\\/www.borgodepazzi.com\\\/de\\\/prodotto\\\/hannah#breadcrumb\"},\"inLanguage\":\"de\",\"potentialAction\":[{\"@type\":\"ReadAction\",\"target\":[\"https:\\\/\\\/www.borgodepazzi.com\\\/de\\\/prodotto\\\/hannah\"]}]},{\"@type\":\"ImageObject\",\"inLanguage\":\"de\",\"@id\":\"https:\\\/\\\/www.borgodepazzi.com\\\/de\\\/prodotto\\\/hannah#primaryimage\",\"url\":\"https:\\\/\\\/www.borgodepazzi.com\\\/wp-content\\\/uploads\\\/2025\\\/03\\\/HANNA12w.jpg\",\"contentUrl\":\"https:\\\/\\\/www.borgodepazzi.com\\\/wp-content\\\/uploads\\\/2025\\\/03\\\/HANNA12w.jpg\",\"width\":1000,\"height\":1000},{\"@type\":\"BreadcrumbList\",\"@id\":\"https:\\\/\\\/www.borgodepazzi.com\\\/de\\\/prodotto\\\/hannah#breadcrumb\",\"itemListElement\":[{\"@type\":\"ListItem\",\"position\":1,\"name\":\"Home\",\"item\":\"https:\\\/\\\/www.borgodepazzi.com\\\/es\"},{\"@type\":\"ListItem\",\"position\":2,\"name\":\"Productos\",\"item\":\"https:\\\/\\\/www.borgodepazzi.com\\\/es\\\/tienda\"},{\"@type\":\"ListItem\",\"position\":3,\"name\":\"Hannah\"}]},{\"@type\":\"WebSite\",\"@id\":\"https:\\\/\\\/www.borgodepazzi.com\\\/es\\\/#website\",\"url\":\"https:\\\/\\\/www.borgodepazzi.com\\\/es\\\/\",\"name\":\"Borgo de&#039; Pazzi - Firenze\",\"description\":\"Herstellung und Gro\u00dfhandel von handgemachten Garnen\",\"publisher\":{\"@id\":\"https:\\\/\\\/www.borgodepazzi.com\\\/es\\\/#organization\"},\"potentialAction\":[{\"@type\":\"SearchAction\",\"target\":{\"@type\":\"EntryPoint\",\"urlTemplate\":\"https:\\\/\\\/www.borgodepazzi.com\\\/es\\\/?s={search_term_string}\"},\"query-input\":{\"@type\":\"PropertyValueSpecification\",\"valueRequired\":true,\"valueName\":\"search_term_string\"}}],\"inLanguage\":\"de\"},{\"@type\":\"Organization\",\"@id\":\"https:\\\/\\\/www.borgodepazzi.com\\\/es\\\/#organization\",\"name\":\"Effe Elle srl\",\"url\":\"https:\\\/\\\/www.borgodepazzi.com\\\/es\\\/\",\"logo\":{\"@type\":\"ImageObject\",\"inLanguage\":\"de\",\"@id\":\"https:\\\/\\\/www.borgodepazzi.com\\\/es\\\/#\\\/schema\\\/logo\\\/image\\\/\",\"url\":\"https:\\\/\\\/www.borgodepazzi.com\\\/wp-content\\\/uploads\\\/2015\\\/12\\\/borgo2.jpg\",\"contentUrl\":\"https:\\\/\\\/www.borgodepazzi.com\\\/wp-content\\\/uploads\\\/2015\\\/12\\\/borgo2.jpg\",\"width\":729,\"height\":400,\"caption\":\"Effe Elle srl\"},\"image\":{\"@id\":\"https:\\\/\\\/www.borgodepazzi.com\\\/es\\\/#\\\/schema\\\/logo\\\/image\\\/\"},\"sameAs\":[\"https:\\\/\\\/www.facebook.com\\\/BorgoDePazziFIrenze\\\/\",\"https:\\\/\\\/x.com\\\/BorgodePazzi\",\"http:\\\/\\\/ilsigna\"]}]}<\/script>\n<!-- \/ Yoast SEO plugin. -->","yoast_head_json":{"title":"Hannah - Borgo de&#039; Pazzi - Firenze","description":"Sie suchen ein perfektes Sommergarn f\u00fcr Ihre gestrickten oder geh\u00e4kelten Kleidungsst\u00fccke? Hannah aus Lyocell ist die Richtige f\u00fcr Sie! Hergestellt in Italien","robots":{"index":"index","follow":"follow","max-snippet":"max-snippet:-1","max-image-preview":"max-image-preview:large","max-video-preview":"max-video-preview:-1"},"canonical":"https:\/\/www.borgodepazzi.com\/de\/prodotto\/hannah","og_locale":"de_DE","og_type":"article","og_title":"Hannah - Borgo de&#039; Pazzi - Firenze","og_url":"https:\/\/www.borgodepazzi.com\/de\/prodotto\/hannah","og_site_name":"Borgo de&#039; Pazzi - Firenze","article_publisher":"https:\/\/www.facebook.com\/BorgoDePazziFIrenze\/","article_modified_time":"2025-04-28T13:15:34+00:00","og_image":[{"width":1000,"height":1000,"url":"https:\/\/www.borgodepazzi.com\/wp-content\/uploads\/2025\/03\/HANNA12w.jpg","type":"image\/jpeg"}],"twitter_card":"summary_large_image","twitter_site":"@BorgodePazzi","twitter_misc":{"Gesch\u00e4tzte Lesezeit":"2\u00a0Minuten"},"schema":{"@context":"https:\/\/schema.org","@graph":[{"@type":"WebPage","@id":"https:\/\/www.borgodepazzi.com\/de\/prodotto\/hannah","url":"https:\/\/www.borgodepazzi.com\/de\/prodotto\/hannah","name":"Hannah - Borgo de&#039; Pazzi - Firenze","isPartOf":{"@id":"https:\/\/www.borgodepazzi.com\/es\/#website"},"primaryImageOfPage":{"@id":"https:\/\/www.borgodepazzi.com\/de\/prodotto\/hannah#primaryimage"},"image":{"@id":"https:\/\/www.borgodepazzi.com\/de\/prodotto\/hannah#primaryimage"},"thumbnailUrl":"https:\/\/www.borgodepazzi.com\/wp-content\/uploads\/2025\/03\/HANNA12w.jpg","datePublished":"2019-09-01T23:00:00+00:00","dateModified":"2025-04-28T13:15:34+00:00","description":"Sie suchen ein perfektes Sommergarn f\u00fcr Ihre gestrickten oder geh\u00e4kelten Kleidungsst\u00fccke? Hannah aus Lyocell ist die Richtige f\u00fcr Sie! Hergestellt in Italien","breadcrumb":{"@id":"https:\/\/www.borgodepazzi.com\/de\/prodotto\/hannah#breadcrumb"},"inLanguage":"de","potentialAction":[{"@type":"ReadAction","target":["https:\/\/www.borgodepazzi.com\/de\/prodotto\/hannah"]}]},{"@type":"ImageObject","inLanguage":"de","@id":"https:\/\/www.borgodepazzi.com\/de\/prodotto\/hannah#primaryimage","url":"https:\/\/www.borgodepazzi.com\/wp-content\/uploads\/2025\/03\/HANNA12w.jpg","contentUrl":"https:\/\/www.borgodepazzi.com\/wp-content\/uploads\/2025\/03\/HANNA12w.jpg","width":1000,"height":1000},{"@type":"BreadcrumbList","@id":"https:\/\/www.borgodepazzi.com\/de\/prodotto\/hannah#breadcrumb","itemListElement":[{"@type":"ListItem","position":1,"name":"Home","item":"https:\/\/www.borgodepazzi.com\/es"},{"@type":"ListItem","position":2,"name":"Productos","item":"https:\/\/www.borgodepazzi.com\/es\/tienda"},{"@type":"ListItem","position":3,"name":"Hannah"}]},{"@type":"WebSite","@id":"https:\/\/www.borgodepazzi.com\/es\/#website","url":"https:\/\/www.borgodepazzi.com\/es\/","name":"Borgo de&#039; Pazzi - Firenze","description":"Herstellung und Gro\u00dfhandel von handgemachten Garnen","publisher":{"@id":"https:\/\/www.borgodepazzi.com\/es\/#organization"},"potentialAction":[{"@type":"SearchAction","target":{"@type":"EntryPoint","urlTemplate":"https:\/\/www.borgodepazzi.com\/es\/?s={search_term_string}"},"query-input":{"@type":"PropertyValueSpecification","valueRequired":true,"valueName":"search_term_string"}}],"inLanguage":"de"},{"@type":"Organization","@id":"https:\/\/www.borgodepazzi.com\/es\/#organization","name":"Effe Elle srl","url":"https:\/\/www.borgodepazzi.com\/es\/","logo":{"@type":"ImageObject","inLanguage":"de","@id":"https:\/\/www.borgodepazzi.com\/es\/#\/schema\/logo\/image\/","url":"https:\/\/www.borgodepazzi.com\/wp-content\/uploads\/2015\/12\/borgo2.jpg","contentUrl":"https:\/\/www.borgodepazzi.com\/wp-content\/uploads\/2015\/12\/borgo2.jpg","width":729,"height":400,"caption":"Effe Elle srl"},"image":{"@id":"https:\/\/www.borgodepazzi.com\/es\/#\/schema\/logo\/image\/"},"sameAs":["https:\/\/www.facebook.com\/BorgoDePazziFIrenze\/","https:\/\/x.com\/BorgodePazzi","http:\/\/ilsigna"]}]}},"_links":{"self":[{"href":"https:\/\/www.borgodepazzi.com\/de\/wp-json\/wp\/v2\/product\/55594","targetHints":{"allow":["GET"]}}],"collection":[{"href":"https:\/\/www.borgodepazzi.com\/de\/wp-json\/wp\/v2\/product"}],"about":[{"href":"https:\/\/www.borgodepazzi.com\/de\/wp-json\/wp\/v2\/types\/product"}],"replies":[{"embeddable":true,"href":"https:\/\/www.borgodepazzi.com\/de\/wp-json\/wp\/v2\/comments?post=55594"}],"wp:featuredmedia":[{"embeddable":true,"href":"https:\/\/www.borgodepazzi.com\/de\/wp-json\/wp\/v2\/media\/75643"}],"wp:attachment":[{"href":"https:\/\/www.borgodepazzi.com\/de\/wp-json\/wp\/v2\/media?parent=55594"}],"wp:term":[{"taxonomy":"product_brand","embeddable":true,"href":"https:\/\/www.borgodepazzi.com\/de\/wp-json\/wp\/v2\/product_brand?post=55594"},{"taxonomy":"product_cat","embeddable":true,"href":"https:\/\/www.borgodepazzi.com\/de\/wp-json\/wp\/v2\/product_cat?post=55594"},{"taxonomy":"product_tag","embeddable":true,"href":"https:\/\/www.borgodepazzi.com\/de\/wp-json\/wp\/v2\/product_tag?post=55594"}],"curies":[{"name":"wp","href":"https:\/\/api.w.org\/{rel}","templated":true}]}}