{"id":54783,"date":"2022-07-15T15:30:47","date_gmt":"2022-07-15T14:30:47","guid":{"rendered":"https:\/\/www.borgodepazzi.com\/prodotto\/amore-ws-cashmere-240"},"modified":"2023-07-14T01:04:23","modified_gmt":"2023-07-14T00:04:23","slug":"liebe-ws-kaschmir-240","status":"publish","type":"product","link":"https:\/\/www.borgodepazzi.com\/de\/prodotto\/liebe-ws-kaschmir-240","title":{"rendered":"Amore ws cashmere 240"},"content":{"rendered":"<p>Dieses Garn wird aus sorgf\u00e4ltig ausgew\u00e4hlten, wiederverwerteten Sekund\u00e4rmaterialien hergestellt.<\/p>\n<p>Das Garn ist <a href=\"https:\/\/icea.bio\/en\/certifications\/non-food\/biological-and-sustainable-textile-products\/global-recycled-standard\/\">Global Recycled System<\/a> zertifiziert<\/p>\n<p>Allein in der Region Prato werden jedes Jahr 22.000.000 kg Material recycelt, das nicht auf Deponien landet, sondern als Rohstoff wiederverwertet wird.<\/p>\n<p>Erh\u00e4ltlich in vielen sch\u00f6nen klassischen und modischen Farben<\/p>\n<p>Hier ist eine Pr\u00e4sentation f\u00fcr unsere recycelten Garne<\/p>\n<p><iframe loading=\"lazy\" title=\"Amore lana riciclata\" width=\"500\" height=\"281\" src=\"https:\/\/www.youtube.com\/embed\/73mN4P9wLFY?feature=oembed\" frameborder=\"0\" allow=\"accelerometer; autoplay; clipboard-write; encrypted-media; gyroscope; picture-in-picture; web-share\" referrerpolicy=\"strict-origin-when-cross-origin\" allowfullscreen><\/iframe><\/p>\n<p>&nbsp;<\/p>\n<p>Recyceltes Merino- und Kaschmirgarn<\/p>\n<p>Die Packung enth\u00e4lt 10 Kugeln \u00e0 50 Gramm<\/p>\n<aside\n\tclass=\"download-box\">\n\n\t<img loading=\"lazy\" decoding=\"async\" width=\"1920\" height=\"2560\" src=\"https:\/\/www.borgodepazzi.com\/wp-content\/uploads\/2020\/10\/iris1-scaled.jpg\" class=\"attachment-full size-full wp-post-image\" alt=\"\" \/>\n\t<div\n\t\tclass=\"download-count\">9170 Downloads<\/div>\n\n\t<div\n\t\tclass=\"download-box-content\">\n\n\t\t<h1>Iris - Amore ws 240 Yarn<\/h1>\n\n\t\t<p>English Language<\/p>\n\t\t\t\t<a  data-e-Disable-Page-Transition=\"true\" class=\"download-link download-button\" title=\"\" href=\"https:\/\/www.borgodepazzi.com\/de\/download\/18973\/?tmstv=1776391777\" rel=\"nofollow\" id=\"download-link-18973\" data-redirect=\"false\" >\n\t\t\tDatei herunterladen\t\t\t<small>TheFreeFridayPF.DiSanto1ENG.pdf\t\t\t\t&ndash; 2,28 MB<\/small>\n\t\t<\/a>\n\t\t\t<\/div>\n<\/aside>\n\n\n\n<aside\n\tclass=\"download-box\">\n\n\t<img loading=\"lazy\" decoding=\"async\" width=\"1920\" height=\"2560\" src=\"https:\/\/www.borgodepazzi.com\/wp-content\/uploads\/2020\/10\/IMG_8361-1-scaled.jpg\" class=\"attachment-full size-full wp-post-image\" alt=\"\" \/>\n\t<div\n\t\tclass=\"download-count\">11529 Downloads<\/div>\n\n\t<div\n\t\tclass=\"download-box-content\">\n\n\t\t<h1>Iris - Filato Amore ws 240<\/h1>\n\n\t\t<p>Istruzioni in Italiano<\/p>\n\t\t\t\t<a  data-e-Disable-Page-Transition=\"true\" class=\"download-link download-button\" title=\"\" href=\"https:\/\/www.borgodepazzi.com\/de\/download\/18966\/?tmstv=1776391777\" rel=\"nofollow\" id=\"download-link-18966\" data-redirect=\"false\" >\n\t\t\tDatei herunterladen\t\t\t<small>TheFreeFridayPF.DiSanto1IT.pdf\t\t\t\t&ndash; 2,28 MB<\/small>\n\t\t<\/a>\n\t\t\t<\/div>\n<\/aside>\n\n\n\n<aside\n\tclass=\"download-box\">\n\n\t<img loading=\"lazy\" decoding=\"async\" width=\"1920\" height=\"2560\" src=\"https:\/\/www.borgodepazzi.com\/wp-content\/uploads\/2020\/10\/iris3-scaled.jpg\" class=\"attachment-full size-full wp-post-image\" alt=\"\" \/>\n\t<div\n\t\tclass=\"download-count\">8916 Downloads<\/div>\n\n\t<div\n\t\tclass=\"download-box-content\">\n\n\t\t<h1>Iris - Amore Ws 240 Garen<\/h1>\n\n\t\t<p>Dutch Language<\/p>\n\t\t\t\t<a  data-e-Disable-Page-Transition=\"true\" class=\"download-link download-button\" title=\"\" href=\"https:\/\/www.borgodepazzi.com\/de\/download\/18959\/?tmstv=1776391777\" rel=\"nofollow\" id=\"download-link-18959\" data-redirect=\"false\" >\n\t\t\tDatei herunterladen\t\t\t<small>TheFreeFriday-IRIS-NL.pdf\t\t\t\t&ndash; 1,41 MB<\/small>\n\t\t<\/a>\n\t\t\t<\/div>\n<\/aside>\n\n\n\n<blockquote class=\"instagram-media\" style=\"background: #FFF; border: 0; border-radius: 3px; box-shadow: 0 0 1px 0 rgba(0,0,0,0.5),0 1px 10px 0 rgba(0,0,0,0.15); margin: 1px; max-width: 540px; min-width: 326px; padding: 0; width: calc(100% - 2px);\" data-instgrm-captioned=\"\" data-instgrm-permalink=\"https:\/\/www.instagram.com\/p\/B9KCp0UIanl\/?utm_source=ig_embed&amp;utm_campaign=loading\" data-instgrm-version=\"12\">\n<div style=\"padding: 16px;\"><\/div>\n<\/blockquote>\n","protected":false},"excerpt":{"rendered":"<p>Der Preis bezieht sich auf ein Paket von 500 Gramm (10 x 50 Gramm)<\/p>\n<p><img loading=\"lazy\" decoding=\"async\" class=\"alignnone size-full wp-image-14571\" src=\"https:\/\/www.borgodepazzi.com\/wp-content\/uploads\/2020\/02\/amore-cashmere-240-2.jpg\" alt=\"Liebe Kaschmir 240\" width=\"347\" height=\"260\" srcset=\"https:\/\/www.borgodepazzi.com\/wp-content\/uploads\/2020\/02\/amore-cashmere-240-2.jpg 347w, https:\/\/www.borgodepazzi.com\/wp-content\/uploads\/2020\/02\/amore-cashmere-240-2-300x225.jpg 300w\" sizes=\"auto, (max-width: 347px) 100vw, 347px\" \/><\/p>\n<p>&nbsp;<\/p>\n<p>&nbsp;<\/p>\n<div class=\"more-link-wrapper\"><a class=\"more-link\" href=\"https:\/\/www.borgodepazzi.com\/de\/prodotto\/liebe-ws-kaschmir-240\">Weiterlesen<span class=\"screen-reader-text\">Amore ws cashmere 240<\/span><\/a><\/div>\n","protected":false},"featured_media":53606,"comment_status":"closed","ping_status":"closed","template":"","meta":{"_monsterinsights_skip_tracking":false,"_monsterinsights_sitenote_active":false,"_monsterinsights_sitenote_note":"","_monsterinsights_sitenote_category":0,"_uf_show_specific_survey":0,"_uf_disable_surveys":false},"product_brand":[],"product_cat":[514],"product_tag":[],"class_list":{"0":"post-54783","1":"product","2":"type-product","3":"status-publish","4":"has-post-thumbnail","6":"product_cat-amore-yarns-collection-de","7":"excerpt","15":"first","16":"instock","17":"taxable","18":"shipping-taxable","19":"purchasable","20":"product-type-variable"},"yoast_head":"<!-- This site is optimized with the Yoast SEO plugin v27.4 - https:\/\/yoast.com\/product\/yoast-seo-wordpress\/ -->\n<title>Amore ws cashmere 240 - Borgo de&#039; Pazzi - Firenze<\/title>\n<meta name=\"description\" content=\"Amore 240 mit Kaschmir ist ein edles Garn aus unserer Garnkollektion und eignet sich ideal f\u00fcr jede Situation. ideal f\u00fcr feine Kleidungsst\u00fccke\" \/>\n<meta name=\"robots\" content=\"index, follow, max-snippet:-1, max-image-preview:large, max-video-preview:-1\" \/>\n<link rel=\"canonical\" href=\"https:\/\/www.borgodepazzi.com\/de\/prodotto\/liebe-ws-kaschmir-240\" \/>\n<meta property=\"og:locale\" content=\"de_DE\" \/>\n<meta property=\"og:type\" content=\"article\" \/>\n<meta property=\"og:title\" content=\"Amore ws cashmere 240 - Borgo de&#039; Pazzi - Firenze\" \/>\n<meta property=\"og:url\" content=\"https:\/\/www.borgodepazzi.com\/de\/prodotto\/liebe-ws-kaschmir-240\" \/>\n<meta property=\"og:site_name\" content=\"Borgo de&#039; Pazzi - Firenze\" \/>\n<meta property=\"article:publisher\" content=\"https:\/\/www.facebook.com\/BorgoDePazziFIrenze\/\" \/>\n<meta property=\"article:modified_time\" content=\"2023-07-14T00:04:23+00:00\" \/>\n<meta property=\"og:image\" content=\"https:\/\/www.borgodepazzi.com\/wp-content\/uploads\/2020\/03\/AWS240s.jpg\" \/>\n\t<meta property=\"og:image:width\" content=\"600\" \/>\n\t<meta property=\"og:image:height\" content=\"600\" \/>\n\t<meta property=\"og:image:type\" content=\"image\/jpeg\" \/>\n<meta name=\"twitter:card\" content=\"summary_large_image\" \/>\n<meta name=\"twitter:site\" content=\"@BorgodePazzi\" \/>\n<script type=\"application\/ld+json\" class=\"yoast-schema-graph\">{\"@context\":\"https:\\\/\\\/schema.org\",\"@graph\":[{\"@type\":\"WebPage\",\"@id\":\"https:\\\/\\\/www.borgodepazzi.com\\\/de\\\/prodotto\\\/liebe-ws-kaschmir-240\",\"url\":\"https:\\\/\\\/www.borgodepazzi.com\\\/de\\\/prodotto\\\/liebe-ws-kaschmir-240\",\"name\":\"Amore ws cashmere 240 - Borgo de&#039; Pazzi - Firenze\",\"isPartOf\":{\"@id\":\"https:\\\/\\\/www.borgodepazzi.com\\\/es\\\/#website\"},\"primaryImageOfPage\":{\"@id\":\"https:\\\/\\\/www.borgodepazzi.com\\\/de\\\/prodotto\\\/liebe-ws-kaschmir-240#primaryimage\"},\"image\":{\"@id\":\"https:\\\/\\\/www.borgodepazzi.com\\\/de\\\/prodotto\\\/liebe-ws-kaschmir-240#primaryimage\"},\"thumbnailUrl\":\"https:\\\/\\\/www.borgodepazzi.com\\\/wp-content\\\/uploads\\\/2020\\\/03\\\/AWS240s.jpg\",\"datePublished\":\"2022-07-15T14:30:47+00:00\",\"dateModified\":\"2023-07-14T00:04:23+00:00\",\"description\":\"Amore 240 mit Kaschmir ist ein edles Garn aus unserer Garnkollektion und eignet sich ideal f\u00fcr jede Situation. ideal f\u00fcr feine Kleidungsst\u00fccke\",\"breadcrumb\":{\"@id\":\"https:\\\/\\\/www.borgodepazzi.com\\\/de\\\/prodotto\\\/liebe-ws-kaschmir-240#breadcrumb\"},\"inLanguage\":\"de\",\"potentialAction\":[{\"@type\":\"ReadAction\",\"target\":[\"https:\\\/\\\/www.borgodepazzi.com\\\/de\\\/prodotto\\\/liebe-ws-kaschmir-240\"]}]},{\"@type\":\"ImageObject\",\"inLanguage\":\"de\",\"@id\":\"https:\\\/\\\/www.borgodepazzi.com\\\/de\\\/prodotto\\\/liebe-ws-kaschmir-240#primaryimage\",\"url\":\"https:\\\/\\\/www.borgodepazzi.com\\\/wp-content\\\/uploads\\\/2020\\\/03\\\/AWS240s.jpg\",\"contentUrl\":\"https:\\\/\\\/www.borgodepazzi.com\\\/wp-content\\\/uploads\\\/2020\\\/03\\\/AWS240s.jpg\",\"width\":600,\"height\":600},{\"@type\":\"BreadcrumbList\",\"@id\":\"https:\\\/\\\/www.borgodepazzi.com\\\/de\\\/prodotto\\\/liebe-ws-kaschmir-240#breadcrumb\",\"itemListElement\":[{\"@type\":\"ListItem\",\"position\":1,\"name\":\"Home\",\"item\":\"https:\\\/\\\/www.borgodepazzi.com\\\/es\"},{\"@type\":\"ListItem\",\"position\":2,\"name\":\"Productos\",\"item\":\"https:\\\/\\\/www.borgodepazzi.com\\\/es\\\/tienda\"},{\"@type\":\"ListItem\",\"position\":3,\"name\":\"Amore ws cashmere 240\"}]},{\"@type\":\"WebSite\",\"@id\":\"https:\\\/\\\/www.borgodepazzi.com\\\/es\\\/#website\",\"url\":\"https:\\\/\\\/www.borgodepazzi.com\\\/es\\\/\",\"name\":\"Borgo de&#039; Pazzi - Firenze\",\"description\":\"Herstellung und Gro\u00dfhandel von handgemachten Garnen\",\"publisher\":{\"@id\":\"https:\\\/\\\/www.borgodepazzi.com\\\/es\\\/#organization\"},\"potentialAction\":[{\"@type\":\"SearchAction\",\"target\":{\"@type\":\"EntryPoint\",\"urlTemplate\":\"https:\\\/\\\/www.borgodepazzi.com\\\/es\\\/?s={search_term_string}\"},\"query-input\":{\"@type\":\"PropertyValueSpecification\",\"valueRequired\":true,\"valueName\":\"search_term_string\"}}],\"inLanguage\":\"de\"},{\"@type\":\"Organization\",\"@id\":\"https:\\\/\\\/www.borgodepazzi.com\\\/es\\\/#organization\",\"name\":\"Effe Elle srl\",\"url\":\"https:\\\/\\\/www.borgodepazzi.com\\\/es\\\/\",\"logo\":{\"@type\":\"ImageObject\",\"inLanguage\":\"de\",\"@id\":\"https:\\\/\\\/www.borgodepazzi.com\\\/es\\\/#\\\/schema\\\/logo\\\/image\\\/\",\"url\":\"https:\\\/\\\/www.borgodepazzi.com\\\/wp-content\\\/uploads\\\/2015\\\/12\\\/borgo2.jpg\",\"contentUrl\":\"https:\\\/\\\/www.borgodepazzi.com\\\/wp-content\\\/uploads\\\/2015\\\/12\\\/borgo2.jpg\",\"width\":729,\"height\":400,\"caption\":\"Effe Elle srl\"},\"image\":{\"@id\":\"https:\\\/\\\/www.borgodepazzi.com\\\/es\\\/#\\\/schema\\\/logo\\\/image\\\/\"},\"sameAs\":[\"https:\\\/\\\/www.facebook.com\\\/BorgoDePazziFIrenze\\\/\",\"https:\\\/\\\/x.com\\\/BorgodePazzi\",\"http:\\\/\\\/ilsigna\"]}]}<\/script>\n<!-- \/ Yoast SEO plugin. -->","yoast_head_json":{"title":"Amore ws cashmere 240 - Borgo de&#039; Pazzi - Firenze","description":"Amore 240 mit Kaschmir ist ein edles Garn aus unserer Garnkollektion und eignet sich ideal f\u00fcr jede Situation. ideal f\u00fcr feine Kleidungsst\u00fccke","robots":{"index":"index","follow":"follow","max-snippet":"max-snippet:-1","max-image-preview":"max-image-preview:large","max-video-preview":"max-video-preview:-1"},"canonical":"https:\/\/www.borgodepazzi.com\/de\/prodotto\/liebe-ws-kaschmir-240","og_locale":"de_DE","og_type":"article","og_title":"Amore ws cashmere 240 - Borgo de&#039; Pazzi - Firenze","og_url":"https:\/\/www.borgodepazzi.com\/de\/prodotto\/liebe-ws-kaschmir-240","og_site_name":"Borgo de&#039; Pazzi - Firenze","article_publisher":"https:\/\/www.facebook.com\/BorgoDePazziFIrenze\/","article_modified_time":"2023-07-14T00:04:23+00:00","og_image":[{"width":600,"height":600,"url":"https:\/\/www.borgodepazzi.com\/wp-content\/uploads\/2020\/03\/AWS240s.jpg","type":"image\/jpeg"}],"twitter_card":"summary_large_image","twitter_site":"@BorgodePazzi","schema":{"@context":"https:\/\/schema.org","@graph":[{"@type":"WebPage","@id":"https:\/\/www.borgodepazzi.com\/de\/prodotto\/liebe-ws-kaschmir-240","url":"https:\/\/www.borgodepazzi.com\/de\/prodotto\/liebe-ws-kaschmir-240","name":"Amore ws cashmere 240 - Borgo de&#039; Pazzi - Firenze","isPartOf":{"@id":"https:\/\/www.borgodepazzi.com\/es\/#website"},"primaryImageOfPage":{"@id":"https:\/\/www.borgodepazzi.com\/de\/prodotto\/liebe-ws-kaschmir-240#primaryimage"},"image":{"@id":"https:\/\/www.borgodepazzi.com\/de\/prodotto\/liebe-ws-kaschmir-240#primaryimage"},"thumbnailUrl":"https:\/\/www.borgodepazzi.com\/wp-content\/uploads\/2020\/03\/AWS240s.jpg","datePublished":"2022-07-15T14:30:47+00:00","dateModified":"2023-07-14T00:04:23+00:00","description":"Amore 240 mit Kaschmir ist ein edles Garn aus unserer Garnkollektion und eignet sich ideal f\u00fcr jede Situation. ideal f\u00fcr feine Kleidungsst\u00fccke","breadcrumb":{"@id":"https:\/\/www.borgodepazzi.com\/de\/prodotto\/liebe-ws-kaschmir-240#breadcrumb"},"inLanguage":"de","potentialAction":[{"@type":"ReadAction","target":["https:\/\/www.borgodepazzi.com\/de\/prodotto\/liebe-ws-kaschmir-240"]}]},{"@type":"ImageObject","inLanguage":"de","@id":"https:\/\/www.borgodepazzi.com\/de\/prodotto\/liebe-ws-kaschmir-240#primaryimage","url":"https:\/\/www.borgodepazzi.com\/wp-content\/uploads\/2020\/03\/AWS240s.jpg","contentUrl":"https:\/\/www.borgodepazzi.com\/wp-content\/uploads\/2020\/03\/AWS240s.jpg","width":600,"height":600},{"@type":"BreadcrumbList","@id":"https:\/\/www.borgodepazzi.com\/de\/prodotto\/liebe-ws-kaschmir-240#breadcrumb","itemListElement":[{"@type":"ListItem","position":1,"name":"Home","item":"https:\/\/www.borgodepazzi.com\/es"},{"@type":"ListItem","position":2,"name":"Productos","item":"https:\/\/www.borgodepazzi.com\/es\/tienda"},{"@type":"ListItem","position":3,"name":"Amore ws cashmere 240"}]},{"@type":"WebSite","@id":"https:\/\/www.borgodepazzi.com\/es\/#website","url":"https:\/\/www.borgodepazzi.com\/es\/","name":"Borgo de&#039; Pazzi - Firenze","description":"Herstellung und Gro\u00dfhandel von handgemachten Garnen","publisher":{"@id":"https:\/\/www.borgodepazzi.com\/es\/#organization"},"potentialAction":[{"@type":"SearchAction","target":{"@type":"EntryPoint","urlTemplate":"https:\/\/www.borgodepazzi.com\/es\/?s={search_term_string}"},"query-input":{"@type":"PropertyValueSpecification","valueRequired":true,"valueName":"search_term_string"}}],"inLanguage":"de"},{"@type":"Organization","@id":"https:\/\/www.borgodepazzi.com\/es\/#organization","name":"Effe Elle srl","url":"https:\/\/www.borgodepazzi.com\/es\/","logo":{"@type":"ImageObject","inLanguage":"de","@id":"https:\/\/www.borgodepazzi.com\/es\/#\/schema\/logo\/image\/","url":"https:\/\/www.borgodepazzi.com\/wp-content\/uploads\/2015\/12\/borgo2.jpg","contentUrl":"https:\/\/www.borgodepazzi.com\/wp-content\/uploads\/2015\/12\/borgo2.jpg","width":729,"height":400,"caption":"Effe Elle srl"},"image":{"@id":"https:\/\/www.borgodepazzi.com\/es\/#\/schema\/logo\/image\/"},"sameAs":["https:\/\/www.facebook.com\/BorgoDePazziFIrenze\/","https:\/\/x.com\/BorgodePazzi","http:\/\/ilsigna"]}]}},"_links":{"self":[{"href":"https:\/\/www.borgodepazzi.com\/de\/wp-json\/wp\/v2\/product\/54783","targetHints":{"allow":["GET"]}}],"collection":[{"href":"https:\/\/www.borgodepazzi.com\/de\/wp-json\/wp\/v2\/product"}],"about":[{"href":"https:\/\/www.borgodepazzi.com\/de\/wp-json\/wp\/v2\/types\/product"}],"replies":[{"embeddable":true,"href":"https:\/\/www.borgodepazzi.com\/de\/wp-json\/wp\/v2\/comments?post=54783"}],"wp:featuredmedia":[{"embeddable":true,"href":"https:\/\/www.borgodepazzi.com\/de\/wp-json\/wp\/v2\/media\/53606"}],"wp:attachment":[{"href":"https:\/\/www.borgodepazzi.com\/de\/wp-json\/wp\/v2\/media?parent=54783"}],"wp:term":[{"taxonomy":"product_brand","embeddable":true,"href":"https:\/\/www.borgodepazzi.com\/de\/wp-json\/wp\/v2\/product_brand?post=54783"},{"taxonomy":"product_cat","embeddable":true,"href":"https:\/\/www.borgodepazzi.com\/de\/wp-json\/wp\/v2\/product_cat?post=54783"},{"taxonomy":"product_tag","embeddable":true,"href":"https:\/\/www.borgodepazzi.com\/de\/wp-json\/wp\/v2\/product_tag?post=54783"}],"curies":[{"name":"wp","href":"https:\/\/api.w.org\/{rel}","templated":true}]}}