{"id":52895,"date":"2022-10-13T08:37:41","date_gmt":"2022-10-13T07:37:41","guid":{"rendered":"https:\/\/www.borgodepazzi.com\/prodotto\/inda-lux"},"modified":"2024-08-27T13:47:45","modified_gmt":"2024-08-27T11:47:45","slug":"lanyard-lurex-fur-glitzernde-taschen","status":"publish","type":"product","link":"https:\/\/www.borgodepazzi.com\/de\/prodotto\/lanyard-lurex-fur-glitzernde-taschen","title":{"rendered":"Inda lux"},"content":{"rendered":"<p>Gemischtes Schl\u00fcsselband aus Polypropylen und Lurex, perfekt f\u00fcr stylische H\u00e4keltaschen<\/p>\n<p><iframe loading=\"lazy\" title=\"Borsa facile \u201cLinda Lux\u201d uncinetto\" width=\"500\" height=\"281\" src=\"https:\/\/www.youtube.com\/embed\/bHxicc9S6Ds?start=133&#038;feature=oembed\" frameborder=\"0\" allow=\"accelerometer; autoplay; clipboard-write; encrypted-media; gyroscope; picture-in-picture; web-share\" referrerpolicy=\"strict-origin-when-cross-origin\" allowfullscreen><\/iframe><\/p>\n<p><iframe loading=\"lazy\" title=\"Tutorial borsa uncinetto &quot;Luxinda&quot; | tote bag punto suzette | Uncinetto d&#039;Argento\" width=\"500\" height=\"281\" src=\"https:\/\/www.youtube.com\/embed\/BlGdLR9iYP0?start=618&#038;feature=oembed\" frameborder=\"0\" allow=\"accelerometer; autoplay; clipboard-write; encrypted-media; gyroscope; picture-in-picture; web-share\" referrerpolicy=\"strict-origin-when-cross-origin\" allowfullscreen><\/iframe><\/p>\n","protected":false},"excerpt":{"rendered":"<p>Der Preis bezieht sich auf eine 250-Gramm-Packung<\/p>\n[caption id=\"attachment_48724\" align=\"alignnone\" width=\"300\"]<img loading=\"lazy\" decoding=\"async\" class=\"size-medium wp-image-48724\" src=\"https:\/\/www.borgodepazzi.com\/wp-content\/uploads\/2022\/10\/inda-lux-300x188.jpg\" alt=\"Lurex-Lanyard Merkmale\" width=\"300\" height=\"188\" srcset=\"https:\/\/www.borgodepazzi.com\/wp-content\/uploads\/2022\/10\/inda-lux-300x188.jpg 300w, https:\/\/www.borgodepazzi.com\/wp-content\/uploads\/2022\/10\/inda-lux-600x377.jpg 600w, https:\/\/www.borgodepazzi.com\/wp-content\/uploads\/2022\/10\/inda-lux.jpg 710w\" sizes=\"auto, (max-width: 300px) 100vw, 300px\" \/> Lurex-Lanyard Merkmale[\/caption]\n<p>&nbsp;<\/p>\n<div class=\"more-link-wrapper\"><a class=\"more-link\" href=\"https:\/\/www.borgodepazzi.com\/de\/prodotto\/lanyard-lurex-fur-glitzernde-taschen\">Weiterlesen<span class=\"screen-reader-text\">Inda lux<\/span><\/a><\/div>\n","protected":false},"featured_media":98348,"comment_status":"closed","ping_status":"closed","template":"","meta":{"_monsterinsights_skip_tracking":false,"_monsterinsights_sitenote_active":false,"_monsterinsights_sitenote_note":"","_monsterinsights_sitenote_category":0,"_uf_show_specific_survey":0,"_uf_disable_surveys":false},"product_brand":[],"product_cat":[568,662],"product_tag":[],"class_list":{"0":"post-52895","1":"product","2":"type-product","3":"status-publish","4":"has-post-thumbnail","6":"product_cat-kollektion-sommergarne","7":"product_cat-lanyards-fur-taschen","8":"excerpt","17":"first","18":"instock","19":"taxable","20":"shipping-taxable","21":"purchasable","22":"product-type-variable"},"yoast_head":"<!-- This site is optimized with the Yoast SEO plugin v27.4 - https:\/\/yoast.com\/product\/yoast-seo-wordpress\/ -->\n<title>Inda lux - Borgo de&#039; Pazzi - Firenze<\/title>\n<meta name=\"description\" content=\"Polypropylen-Kordel f\u00fcr H\u00e4keltaschen, made in Italy, f\u00fcr edle und elegante Accessoires f\u00fcr besondere Anl\u00e4sse\" \/>\n<meta name=\"robots\" content=\"index, follow, max-snippet:-1, max-image-preview:large, max-video-preview:-1\" \/>\n<link rel=\"canonical\" href=\"https:\/\/www.borgodepazzi.com\/de\/prodotto\/lanyard-lurex-fur-glitzernde-taschen\" \/>\n<meta property=\"og:locale\" content=\"de_DE\" \/>\n<meta property=\"og:type\" content=\"article\" \/>\n<meta property=\"og:title\" content=\"Inda lux - Borgo de&#039; Pazzi - Firenze\" \/>\n<meta property=\"og:url\" content=\"https:\/\/www.borgodepazzi.com\/de\/prodotto\/lanyard-lurex-fur-glitzernde-taschen\" \/>\n<meta property=\"og:site_name\" content=\"Borgo de&#039; Pazzi - Firenze\" \/>\n<meta property=\"article:publisher\" content=\"https:\/\/www.facebook.com\/BorgoDePazziFIrenze\/\" \/>\n<meta property=\"article:modified_time\" content=\"2024-08-27T11:47:45+00:00\" \/>\n<meta property=\"og:image\" content=\"https:\/\/www.borgodepazzi.com\/wp-content\/uploads\/2022\/10\/0CF2DB76DC844FA8A1DF2584DC198256.png\" \/>\n\t<meta property=\"og:image:width\" content=\"1019\" \/>\n\t<meta property=\"og:image:height\" content=\"1019\" \/>\n\t<meta property=\"og:image:type\" content=\"image\/png\" \/>\n<meta name=\"twitter:card\" content=\"summary_large_image\" \/>\n<meta name=\"twitter:site\" content=\"@BorgodePazzi\" \/>\n<script type=\"application\/ld+json\" class=\"yoast-schema-graph\">{\"@context\":\"https:\\\/\\\/schema.org\",\"@graph\":[{\"@type\":\"WebPage\",\"@id\":\"https:\\\/\\\/www.borgodepazzi.com\\\/de\\\/prodotto\\\/lanyard-lurex-fur-glitzernde-taschen\",\"url\":\"https:\\\/\\\/www.borgodepazzi.com\\\/de\\\/prodotto\\\/lanyard-lurex-fur-glitzernde-taschen\",\"name\":\"Inda lux - Borgo de&#039; Pazzi - Firenze\",\"isPartOf\":{\"@id\":\"https:\\\/\\\/www.borgodepazzi.com\\\/es\\\/#website\"},\"primaryImageOfPage\":{\"@id\":\"https:\\\/\\\/www.borgodepazzi.com\\\/de\\\/prodotto\\\/lanyard-lurex-fur-glitzernde-taschen#primaryimage\"},\"image\":{\"@id\":\"https:\\\/\\\/www.borgodepazzi.com\\\/de\\\/prodotto\\\/lanyard-lurex-fur-glitzernde-taschen#primaryimage\"},\"thumbnailUrl\":\"https:\\\/\\\/www.borgodepazzi.com\\\/wp-content\\\/uploads\\\/2022\\\/10\\\/INDA-L-9w.jpg\",\"datePublished\":\"2022-10-13T07:37:41+00:00\",\"dateModified\":\"2024-08-27T11:47:45+00:00\",\"description\":\"Polypropylen-Kordel f\u00fcr H\u00e4keltaschen, made in Italy, f\u00fcr edle und elegante Accessoires f\u00fcr besondere Anl\u00e4sse\",\"breadcrumb\":{\"@id\":\"https:\\\/\\\/www.borgodepazzi.com\\\/de\\\/prodotto\\\/lanyard-lurex-fur-glitzernde-taschen#breadcrumb\"},\"inLanguage\":\"de\",\"potentialAction\":[{\"@type\":\"ReadAction\",\"target\":[\"https:\\\/\\\/www.borgodepazzi.com\\\/de\\\/prodotto\\\/lanyard-lurex-fur-glitzernde-taschen\"]}]},{\"@type\":\"ImageObject\",\"inLanguage\":\"de\",\"@id\":\"https:\\\/\\\/www.borgodepazzi.com\\\/de\\\/prodotto\\\/lanyard-lurex-fur-glitzernde-taschen#primaryimage\",\"url\":\"https:\\\/\\\/www.borgodepazzi.com\\\/wp-content\\\/uploads\\\/2022\\\/10\\\/INDA-L-9w.jpg\",\"contentUrl\":\"https:\\\/\\\/www.borgodepazzi.com\\\/wp-content\\\/uploads\\\/2022\\\/10\\\/INDA-L-9w.jpg\",\"width\":1000,\"height\":1000},{\"@type\":\"BreadcrumbList\",\"@id\":\"https:\\\/\\\/www.borgodepazzi.com\\\/de\\\/prodotto\\\/lanyard-lurex-fur-glitzernde-taschen#breadcrumb\",\"itemListElement\":[{\"@type\":\"ListItem\",\"position\":1,\"name\":\"Home\",\"item\":\"https:\\\/\\\/www.borgodepazzi.com\\\/es\"},{\"@type\":\"ListItem\",\"position\":2,\"name\":\"Productos\",\"item\":\"https:\\\/\\\/www.borgodepazzi.com\\\/es\\\/tienda\"},{\"@type\":\"ListItem\",\"position\":3,\"name\":\"Inda lux\"}]},{\"@type\":\"WebSite\",\"@id\":\"https:\\\/\\\/www.borgodepazzi.com\\\/es\\\/#website\",\"url\":\"https:\\\/\\\/www.borgodepazzi.com\\\/es\\\/\",\"name\":\"Borgo de&#039; Pazzi - Firenze\",\"description\":\"Herstellung und Gro\u00dfhandel von handgemachten Garnen\",\"publisher\":{\"@id\":\"https:\\\/\\\/www.borgodepazzi.com\\\/es\\\/#organization\"},\"potentialAction\":[{\"@type\":\"SearchAction\",\"target\":{\"@type\":\"EntryPoint\",\"urlTemplate\":\"https:\\\/\\\/www.borgodepazzi.com\\\/es\\\/?s={search_term_string}\"},\"query-input\":{\"@type\":\"PropertyValueSpecification\",\"valueRequired\":true,\"valueName\":\"search_term_string\"}}],\"inLanguage\":\"de\"},{\"@type\":\"Organization\",\"@id\":\"https:\\\/\\\/www.borgodepazzi.com\\\/es\\\/#organization\",\"name\":\"Effe Elle srl\",\"url\":\"https:\\\/\\\/www.borgodepazzi.com\\\/es\\\/\",\"logo\":{\"@type\":\"ImageObject\",\"inLanguage\":\"de\",\"@id\":\"https:\\\/\\\/www.borgodepazzi.com\\\/es\\\/#\\\/schema\\\/logo\\\/image\\\/\",\"url\":\"https:\\\/\\\/www.borgodepazzi.com\\\/wp-content\\\/uploads\\\/2015\\\/12\\\/borgo2.jpg\",\"contentUrl\":\"https:\\\/\\\/www.borgodepazzi.com\\\/wp-content\\\/uploads\\\/2015\\\/12\\\/borgo2.jpg\",\"width\":729,\"height\":400,\"caption\":\"Effe Elle srl\"},\"image\":{\"@id\":\"https:\\\/\\\/www.borgodepazzi.com\\\/es\\\/#\\\/schema\\\/logo\\\/image\\\/\"},\"sameAs\":[\"https:\\\/\\\/www.facebook.com\\\/BorgoDePazziFIrenze\\\/\",\"https:\\\/\\\/x.com\\\/BorgodePazzi\",\"http:\\\/\\\/ilsigna\"]}]}<\/script>\n<!-- \/ Yoast SEO plugin. -->","yoast_head_json":{"title":"Inda lux - Borgo de&#039; Pazzi - Firenze","description":"Polypropylen-Kordel f\u00fcr H\u00e4keltaschen, made in Italy, f\u00fcr edle und elegante Accessoires f\u00fcr besondere Anl\u00e4sse","robots":{"index":"index","follow":"follow","max-snippet":"max-snippet:-1","max-image-preview":"max-image-preview:large","max-video-preview":"max-video-preview:-1"},"canonical":"https:\/\/www.borgodepazzi.com\/de\/prodotto\/lanyard-lurex-fur-glitzernde-taschen","og_locale":"de_DE","og_type":"article","og_title":"Inda lux - Borgo de&#039; Pazzi - Firenze","og_url":"https:\/\/www.borgodepazzi.com\/de\/prodotto\/lanyard-lurex-fur-glitzernde-taschen","og_site_name":"Borgo de&#039; Pazzi - Firenze","article_publisher":"https:\/\/www.facebook.com\/BorgoDePazziFIrenze\/","article_modified_time":"2024-08-27T11:47:45+00:00","og_image":[{"width":1019,"height":1019,"url":"https:\/\/www.borgodepazzi.com\/wp-content\/uploads\/2022\/10\/0CF2DB76DC844FA8A1DF2584DC198256.png","type":"image\/png"}],"twitter_card":"summary_large_image","twitter_site":"@BorgodePazzi","schema":{"@context":"https:\/\/schema.org","@graph":[{"@type":"WebPage","@id":"https:\/\/www.borgodepazzi.com\/de\/prodotto\/lanyard-lurex-fur-glitzernde-taschen","url":"https:\/\/www.borgodepazzi.com\/de\/prodotto\/lanyard-lurex-fur-glitzernde-taschen","name":"Inda lux - Borgo de&#039; Pazzi - Firenze","isPartOf":{"@id":"https:\/\/www.borgodepazzi.com\/es\/#website"},"primaryImageOfPage":{"@id":"https:\/\/www.borgodepazzi.com\/de\/prodotto\/lanyard-lurex-fur-glitzernde-taschen#primaryimage"},"image":{"@id":"https:\/\/www.borgodepazzi.com\/de\/prodotto\/lanyard-lurex-fur-glitzernde-taschen#primaryimage"},"thumbnailUrl":"https:\/\/www.borgodepazzi.com\/wp-content\/uploads\/2022\/10\/INDA-L-9w.jpg","datePublished":"2022-10-13T07:37:41+00:00","dateModified":"2024-08-27T11:47:45+00:00","description":"Polypropylen-Kordel f\u00fcr H\u00e4keltaschen, made in Italy, f\u00fcr edle und elegante Accessoires f\u00fcr besondere Anl\u00e4sse","breadcrumb":{"@id":"https:\/\/www.borgodepazzi.com\/de\/prodotto\/lanyard-lurex-fur-glitzernde-taschen#breadcrumb"},"inLanguage":"de","potentialAction":[{"@type":"ReadAction","target":["https:\/\/www.borgodepazzi.com\/de\/prodotto\/lanyard-lurex-fur-glitzernde-taschen"]}]},{"@type":"ImageObject","inLanguage":"de","@id":"https:\/\/www.borgodepazzi.com\/de\/prodotto\/lanyard-lurex-fur-glitzernde-taschen#primaryimage","url":"https:\/\/www.borgodepazzi.com\/wp-content\/uploads\/2022\/10\/INDA-L-9w.jpg","contentUrl":"https:\/\/www.borgodepazzi.com\/wp-content\/uploads\/2022\/10\/INDA-L-9w.jpg","width":1000,"height":1000},{"@type":"BreadcrumbList","@id":"https:\/\/www.borgodepazzi.com\/de\/prodotto\/lanyard-lurex-fur-glitzernde-taschen#breadcrumb","itemListElement":[{"@type":"ListItem","position":1,"name":"Home","item":"https:\/\/www.borgodepazzi.com\/es"},{"@type":"ListItem","position":2,"name":"Productos","item":"https:\/\/www.borgodepazzi.com\/es\/tienda"},{"@type":"ListItem","position":3,"name":"Inda lux"}]},{"@type":"WebSite","@id":"https:\/\/www.borgodepazzi.com\/es\/#website","url":"https:\/\/www.borgodepazzi.com\/es\/","name":"Borgo de&#039; Pazzi - Firenze","description":"Herstellung und Gro\u00dfhandel von handgemachten Garnen","publisher":{"@id":"https:\/\/www.borgodepazzi.com\/es\/#organization"},"potentialAction":[{"@type":"SearchAction","target":{"@type":"EntryPoint","urlTemplate":"https:\/\/www.borgodepazzi.com\/es\/?s={search_term_string}"},"query-input":{"@type":"PropertyValueSpecification","valueRequired":true,"valueName":"search_term_string"}}],"inLanguage":"de"},{"@type":"Organization","@id":"https:\/\/www.borgodepazzi.com\/es\/#organization","name":"Effe Elle srl","url":"https:\/\/www.borgodepazzi.com\/es\/","logo":{"@type":"ImageObject","inLanguage":"de","@id":"https:\/\/www.borgodepazzi.com\/es\/#\/schema\/logo\/image\/","url":"https:\/\/www.borgodepazzi.com\/wp-content\/uploads\/2015\/12\/borgo2.jpg","contentUrl":"https:\/\/www.borgodepazzi.com\/wp-content\/uploads\/2015\/12\/borgo2.jpg","width":729,"height":400,"caption":"Effe Elle srl"},"image":{"@id":"https:\/\/www.borgodepazzi.com\/es\/#\/schema\/logo\/image\/"},"sameAs":["https:\/\/www.facebook.com\/BorgoDePazziFIrenze\/","https:\/\/x.com\/BorgodePazzi","http:\/\/ilsigna"]}]}},"_links":{"self":[{"href":"https:\/\/www.borgodepazzi.com\/de\/wp-json\/wp\/v2\/product\/52895","targetHints":{"allow":["GET"]}}],"collection":[{"href":"https:\/\/www.borgodepazzi.com\/de\/wp-json\/wp\/v2\/product"}],"about":[{"href":"https:\/\/www.borgodepazzi.com\/de\/wp-json\/wp\/v2\/types\/product"}],"replies":[{"embeddable":true,"href":"https:\/\/www.borgodepazzi.com\/de\/wp-json\/wp\/v2\/comments?post=52895"}],"wp:featuredmedia":[{"embeddable":true,"href":"https:\/\/www.borgodepazzi.com\/de\/wp-json\/wp\/v2\/media\/98348"}],"wp:attachment":[{"href":"https:\/\/www.borgodepazzi.com\/de\/wp-json\/wp\/v2\/media?parent=52895"}],"wp:term":[{"taxonomy":"product_brand","embeddable":true,"href":"https:\/\/www.borgodepazzi.com\/de\/wp-json\/wp\/v2\/product_brand?post=52895"},{"taxonomy":"product_cat","embeddable":true,"href":"https:\/\/www.borgodepazzi.com\/de\/wp-json\/wp\/v2\/product_cat?post=52895"},{"taxonomy":"product_tag","embeddable":true,"href":"https:\/\/www.borgodepazzi.com\/de\/wp-json\/wp\/v2\/product_tag?post=52895"}],"curies":[{"name":"wp","href":"https:\/\/api.w.org\/{rel}","templated":true}]}}